{"id":1098,"date":"2016-12-25T21:05:42","date_gmt":"2016-12-25T19:05:42","guid":{"rendered":"http:\/\/188.166.60.220\/festival\/films\/"},"modified":"2018-03-28T11:25:31","modified_gmt":"2018-03-28T08:25:31","slug":"films","status":"publish","type":"page","link":"https:\/\/2018.tallinnmusicweek.ee\/ru\/festival\/films\/","title":{"rendered":"\u0424\u0438\u043b\u044c\u043c\u044b TMW"},"content":{"rendered":"","protected":false},"excerpt":{"rendered":"","protected":false},"author":1,"featured_media":0,"parent":1072,"menu_order":0,"comment_status":"closed","ping_status":"closed","template":"template-modular.php","meta":{"_monsterinsights_skip_tracking":false,"_monsterinsights_sitenote_active":false,"_monsterinsights_sitenote_note":"","_monsterinsights_sitenote_category":0},"acf":{"modules":[{"acf_fc_layout":"twocol","col_first":"<p>\u0421\u0440\u0435\u0434\u0438 \u043c\u0435\u0440\u043e\u043f\u0440\u0438\u044f\u0442\u0438\u0439 Tallinn Music Week (TMW), \u0444\u0435\u0441\u0442\u0438\u0432\u0430\u043b\u044f \u043c\u0443\u0437\u044b\u043a\u0438 \u0438 \u0433\u043e\u0440\u043e\u0434\u0441\u043a\u043e\u0439 \u043a\u0443\u043b\u044c\u0442\u0443\u0440\u044b, \u043e\u0442\u043c\u0435\u0447\u0430\u044e\u0449\u0435\u0433\u043e \u0441\u0432\u043e\u0439 \u0434\u0435\u0441\u044f\u0442\u044b\u0439 \u044e\u0431\u0438\u043b\u0435\u0439 \u0441\u043e 2 \u043f\u043e 8 \u0430\u043f\u0440\u0435\u043b\u044f, \u0437\u0430\u044f\u0432\u043b\u0435\u043d\u0430 \u0438 \u043a\u0438\u043d\u043e\u043f\u0440\u043e\u0433\u0440\u0430\u043c\u043c\u0430. \u041d\u0430 \u044d\u043a\u0440\u0430\u043d\u0435 \u043a\u0438\u043d\u043e\u0442\u0435\u0430\u0442\u0440\u0430 S\u00f5prus \u0432 \u0444\u0435\u0441\u0442\u0438\u0432\u0430\u043b\u044c\u043d\u0443\u044e \u043d\u0435\u0434\u0435\u043b\u044e \u0431\u0443\u0434\u0435\u0442 \u043f\u043e\u043a\u0430\u0437\u0430\u043d\u043e \u043f\u044f\u0442\u044c \u0434\u043e\u043a\u0443\u043c\u0435\u043d\u0442\u0430\u043b\u044c\u043d\u044b\u0445 \u0444\u0438\u043b\u044c\u043c\u043e\u0432, \u0440\u0430\u0441\u0441\u043a\u0430\u0437\u044b\u0432\u0430\u044e\u0449\u0438\u0445 \u043e \u043f\u043e\u0441\u0442\u043a\u0430\u043f\u0438\u0442\u0430\u043b\u0438\u0441\u0442\u0438\u0447\u0435\u0441\u043a\u043e\u043c \u043c\u0438\u0440\u0435, \u0432\u0438\u0434\u0435\u043d\u0438\u044f\u0445 \u0431\u0443\u0434\u0443\u0449\u0435\u0433\u043e \u0438 \u0433\u0435\u0440\u043e\u044f\u0445 \u043f\u043e\u0441\u0442\u0440\u043e\u043a\u043e\u0432\u043e\u0439 \u044d\u043f\u043e\u0445\u0438.<\/p>\n","col_second":""},{"acf_fc_layout":"regular_content","content":"<h6>\u041f\u043e\u043d\u0435\u0434\u0435\u043b\u044c\u043d\u0438\u043a, 2\u00a0\u0430\u043f\u0440\u0435\u043b\u044f\u00a021.00<\/h6>\n<h6>An Inconvenient Sequel: Truth to Power (2017) (&#171;\u041d\u0435\u0443\u0434\u043e\u0431\u043d\u0430\u044f\u00a0\u043f\u043b\u0430\u043d\u0435\u0442\u0430&#187;)<\/h6>\n<h6><a href=\"https:\/\/www.piletilevi.ee\/est\/piletid\/muusika\/festival\/tmw-2018-film-an-inconvenient-sequel-truth-to-power-246343\/\">\u041a\u0443\u043f\u0438\u0442\u044c \u0431\u0438\u043b\u0435\u0442<\/a><\/h6>\n<p>\u041f\u043e\u043c\u043d\u0438\u0448\u044c 2006 \u0433\u043e\u0434? \u0422\u043e\u0433\u0434\u0430 \u043d\u0430\u0441\u0442\u043e\u043b\u044c\u043a\u043e \u043c\u0430\u043b\u043e \u0437\u043d\u0430\u043b\u0438 \u043e \u0433\u043b\u043e\u0431\u0430\u043b\u044c\u043d\u043e\u043c \u043f\u043e\u0442\u0435\u043f\u043b\u0435\u043d\u0438\u0438, \u0447\u0442\u043e \u0441\u043e\u0437\u0434\u0430\u043d\u043d\u044b\u0439 \u0432\u0438\u0446\u0435-\u043f\u0440\u0435\u0437\u0438\u0434\u0435\u043d\u0442\u043e\u043c \u0421\u0428\u0410 \u042d\u043b\u043e\u043c \u0413\u043e\u0440\u043e\u043c (Al Gore) \u0444\u0438\u043b\u044c\u043c \u201c\u041d\u0435\u0443\u0434\u043e\u0431\u043d\u0430\u044f \u043f\u0440\u0430\u0432\u0434\u0430\u201d \u0441\u0442\u0430\u043b \u0441\u0435\u043d\u0441\u0430\u0446\u0438\u0435\u0439. \u0424\u0438\u043b\u044c\u043c \u0440\u0430\u0437\u0434\u0440\u0430\u0436\u0430\u043b \u0438 \u0437\u0430\u0441\u0442\u0430\u0432\u043b\u044f\u043b \u0441\u043f\u043e\u0440\u0438\u0442\u044c \u0432\u0435\u0441\u044c \u043c\u0438\u0440. \u0412 \u0438\u0442\u043e\u0433\u0435 \u043a\u0430\u0440\u0442\u0438\u043d\u0430 \u043f\u043e\u043b\u0443\u0447\u0438\u043b\u0430 \u0434\u0430\u0436\u0435 \u0434\u0432\u0443\u0445 \u201c\u041e\u0441\u043a\u0430\u0440\u043e\u0432\u201d. \u0418 \u0432\u043e\u0442 \u0441\u043f\u0443\u0441\u0442\u044f 20 \u043b\u0435\u0442 \u042d\u043b \u0413\u043e\u0440 \u043f\u043e\u043f\u044b\u0442\u0430\u043b\u0441\u044f \u0443\u0437\u043d\u0430\u0442\u044c, \u043c\u043d\u043e\u0433\u043e\u0435 \u043b\u0438 \u0438\u0437\u043c\u0435\u043d\u0438\u043b\u043e\u0441\u044c \u0441 \u0442\u0435\u0445 \u043f\u043e\u0440. \u041e\u0431 \u044d\u0442\u043e\u043c \u0435\u0433\u043e \u043d\u043e\u0432\u044b\u0439 \u0444\u0438\u043b\u044c\u043c \u2014 \u201c\u041d\u0435\u0443\u0434\u043e\u0431\u043d\u0430\u044f \u043f\u043b\u0430\u043d\u0435\u0442\u0430\u201d.<\/p>\n<p><iframe loading=\"lazy\" width=\"500\" height=\"281\" src=\"https:\/\/www.youtube.com\/embed\/9rS_giWlUQ8?feature=oembed\" frameborder=\"0\" allow=\"autoplay; encrypted-media\" allowfullscreen><\/iframe><\/p>\n<h6>\u0412\u0442\u043e\u0440\u043d\u0438\u043a, 3 \u0430\u043f\u0440\u0435\u043b\u044f 21.00<\/h6>\n<h6>\u201eThe Goodiepal Equation\u201c (2017)<\/h6>\n<h6><a href=\"https:\/\/www.piletilevi.ee\/est\/piletid\/muusika\/festival\/tmw-2018-film-the-goodiepal-equation-246345\/\">\u041a\u0443\u043f\u0438\u0442\u044c \u0431\u0438\u043b\u0435\u0442<\/a><\/h6>\n<p>\u042d\u043a\u043e\u043b\u043e\u0433\u0438\u044f \u0432 \u0443\u0436\u0430\u0441\u0430\u044e\u0449\u0435\u043c \u0441\u043e\u0441\u0442\u043e\u044f\u043d\u0438\u0438, \u0430 \u043a\u0443\u043b\u044c\u0442\u0443\u0440\u0430 \u2014 \u0440\u0430\u0437\u0432\u043b\u0435\u0447\u0435\u043d\u0438\u0435 \u0431\u0435\u0437 \u0435\u0434\u0438\u043d\u043e\u0433\u043e \u043e\u0441\u0442\u0440\u043e\u0433\u043e \u0443\u0433\u043b\u0430? \u041d\u0435 \u043f\u0435\u0440\u0435\u0436\u0438\u0432\u0430\u0439\u0442\u0435! \u041d\u0430 \u043f\u043e\u043c\u043e\u0449\u044c \u043f\u0440\u0438\u0434\u0451\u0442 \u0441\u0430\u043c\u043e\u043f\u0440\u043e\u0432\u043e\u0437\u0433\u043b\u0430\u0448\u0435\u043d\u043d\u044b\u0439 \u0447\u0435\u043b\u043e\u0432\u0435\u043a-\u0440\u0435\u043d\u0435\u0441\u0441\u0430\u043d\u0441 &#8212; \u043c\u0443\u0437\u044b\u043a\u0430\u043d\u0442, \u0445\u0443\u0434\u043e\u0436\u043d\u0438\u043a, \u0432\u0437\u043b\u043e\u043c\u0449\u0438\u043a \u043a\u0443\u043b\u044c\u0442\u0443\u0440\u044b, \u0444\u0443\u0442\u0443\u0440\u0438\u0441\u0442, \u043c\u0438\u043b\u043b\u0438\u043e\u043d\u0435\u0440 \u0438 \u0444\u0438\u043b\u0430\u043d\u0442\u0440\u043e\u043f Goodiepal. \u042d\u0442\u043e\u0442 \u0447\u0435\u043b\u043e\u0432\u0435\u043a \u0434\u0430\u0436\u0435 \u0432\u043a\u043b\u0430\u0434\u044b\u0432\u0430\u043b \u0432 \u0443\u043f\u0430\u043a\u043e\u0432\u043a\u0443 \u043a \u0441\u0432\u043e\u0438\u043c \u0434\u0438\u0441\u043a\u0430\u043c \u0434\u0435\u043d\u044c\u0433\u0438! \u0418 \u0444\u0438\u043b\u044c\u043c \u043e \u043d\u0435\u043c, \u043f\u043e \u043c\u0435\u043d\u044c\u0448\u0435\u0439 \u043c\u0435\u0440\u0435, \u0441\u0442\u043e\u043b\u044c \u0436\u0435 \u0441\u0443\u043c\u0430\u0441\u0448\u0435\u0434\u0448\u0438\u0439 \u0438 \u0441\u0442\u0440\u0430\u043d\u043d\u044b\u0439, \u043a\u0430\u043a \u0438 \u0435\u0433\u043e \u0433\u043b\u0430\u0432\u043d\u044b\u0439 \u0433\u0435\u0440\u043e\u0439. \u041a\u0441\u0442\u0430\u0442\u0438, \u0432 \u0444\u0438\u043b\u044c\u043c\u0435 Goodiepal \u043f\u043e\u0441\u0435\u0449\u0430\u0435\u0442 \u043d\u0430\u0448 \u0445\u0443\u0434\u043e\u0436\u0435\u0441\u0442\u0432\u0435\u043d\u043d\u044b\u0439 \u043c\u0443\u0437\u0435\u0439 KUMU!<\/p>\n<p>\u0420\u0435\u0436\u0438\u0441\u0441\u0435\u0440: \u0421\u044d\u043c \u0421\u044f\u043d\u043f\u044f\u043a\u043a\u0438\u043b\u0430 (Sami S\u00e4np\u00e4kkil\u00e4), \u043e\u0441\u043d\u043e\u0432\u0430\u0442\u0435\u043b\u044c \u0444\u0438\u043d\u0441\u043a\u043e\u0433\u043e \u043b\u0435\u0439\u0431\u043b\u0430 Fonal Records<\/p>\n<p><iframe loading=\"lazy\" width=\"500\" height=\"281\" src=\"https:\/\/www.youtube.com\/embed\/PO-Pzqw19ig?feature=oembed\" frameborder=\"0\" allow=\"autoplay; encrypted-media\" allowfullscreen><\/iframe><\/p>\n<h6>\u0421\u0440\u0435\u0434\u0430, 4 \u0430\u043f\u0440\u0435\u043b\u044f 21.00<\/h6>\n<h6>\u201eHuman Flow\u201c (2017) (\u0427\u0435\u043b\u043e\u0432\u0435\u0447\u0435\u0441\u043a\u0438\u0439 \u043f\u043e\u0442\u043e\u043a)<\/h6>\n<h6><a href=\"https:\/\/www.piletilevi.ee\/est\/piletid\/muusika\/festival\/tmw-2018-film-human-flow-246350\/\">\u041a\u0443\u043f\u0438\u0442\u044c \u0431\u0438\u043b\u0435\u0442<\/a><\/h6>\n<p>\u0415\u0432\u0440\u043e\u043f\u0430 \u0432\u0441\u0451 \u0435\u0449\u0451 \u043e\u0431\u0435\u0441\u043f\u043e\u043a\u043e\u0435\u043d\u0430 \u0431\u043e\u043b\u044c\u0448\u0438\u043c \u043a\u043e\u043b\u0438\u0447\u0435\u0441\u0442\u0432\u043e\u043c \u0438\u043c\u043c\u0438\u0433\u0440\u0430\u043d\u0442\u043e\u0432, \u043d\u043e \u044d\u0442\u043e \u043b\u0438\u0448\u044c \u0447\u0430\u0441\u0442\u044c \u0433\u043b\u043e\u0431\u0430\u043b\u044c\u043d\u043e\u0433\u043e \u043a\u0440\u0438\u0437\u0438\u0441\u0430. \u041c\u0438\u043b\u043b\u0438\u043e\u043d\u044b \u043f\u043e\u043a\u0438\u0434\u0430\u044e\u0442 \u0441\u0432\u043e\u0438 \u0434\u043e\u043c\u0430 \u0438\u0437-\u0437\u0430 \u0437\u0430\u0433\u0440\u044f\u0437\u043d\u0435\u043d\u043d\u043e\u0439 \u043e\u043a\u0440\u0443\u0436\u0430\u044e\u0449\u0435\u0439 \u0441\u0440\u0435\u0434\u044b, \u0432\u043e\u0439\u043d, \u0433\u043e\u043b\u043e\u0434\u0430 \u0438\u043b\u0438 \u043f\u043e\u043f\u0440\u043e\u0441\u0442\u0443 \u0432 \u043f\u043e\u0438\u0441\u043a\u0430\u0445 \u043b\u0443\u0447\u0448\u0435\u0439 \u0436\u0438\u0437\u043d\u0438. \u041a\u0430\u0440\u0442\u0438\u043d\u0430 \u0410\u0439 \u0412\u0435\u0439\u0432\u0435\u0439 (Ai Weiwei), \u043e\u0434\u043d\u043e\u0433\u043e \u0438\u0437 \u0441\u0430\u043c\u044b\u0445 \u0433\u0440\u043e\u043c\u043e\u0433\u043b\u0430\u0441\u043d\u044b\u0445 \u0434\u0438\u0441\u0441\u0438\u0434\u0435\u043d\u0442\u043e\u0432 \u041a\u0438\u0442\u0430\u044f \u0438 \u0441\u0443\u043f\u0435\u0440\u0437\u0432\u0435\u0437\u0434\u044b \u0441\u043e\u0432\u0440\u0435\u043c\u0435\u043d\u043d\u043e\u0433\u043e \u0438\u0441\u043a\u0443\u0441\u0441\u0442\u0432\u0430, \u044d\u043f\u0438\u0447\u043d\u043e \u0438 \u0433\u043b\u0443\u0431\u043e\u043a\u043e\u043c\u044b\u0441\u043b\u0435\u043d\u043d\u043e \u0440\u0430\u0441\u0441\u043a\u0430\u0437\u044b\u0432\u0430\u0435\u0442 \u043e\u0431 \u044d\u0442\u043e\u043c \u043d\u0435\u0438\u0437\u043c\u0435\u0440\u0438\u043c\u043e\u043c \u043b\u044e\u0434\u0441\u043a\u043e\u043c \u043f\u043e\u0442\u043e\u043a\u0435. \u0414\u043b\u044f \u0441\u043e\u0437\u0434\u0430\u043d\u0438\u044f \u0441\u0442\u043e\u043b\u044c \u0433\u043b\u043e\u0431\u0430\u043b\u044c\u043d\u043e\u0433\u043e \u0444\u0438\u043b\u044c\u043c\u0430 \u0441\u044a\u0451\u043c\u043e\u0447\u043d\u0430\u044f \u0433\u0440\u0443\u043f\u043f\u0430 \u0440\u0430\u0431\u043e\u0442\u0430\u043b\u0430 \u0432 23 \u0441\u0442\u0440\u0430\u043d\u0430\u0445.<\/p>\n<p><iframe loading=\"lazy\" width=\"500\" height=\"281\" src=\"https:\/\/www.youtube.com\/embed\/DVZGyTdk_BY?feature=oembed\" frameborder=\"0\" allow=\"autoplay; encrypted-media\" allowfullscreen><\/iframe><\/p>\n<h6>\u0427\u0435\u0442\u0432\u0435\u0440\u0433, 5 \u0430\u043f\u0440\u0435\u043b\u044f 19.00<\/h6>\n<h6>\u201eChasing Coral\u201c (2017) (\u0412 \u043f\u043e\u0438\u0441\u043a\u0430\u0445 \u043a\u043e\u0440\u0430\u043b\u043b\u043e\u0432)<\/h6>\n<h6><a href=\"https:\/\/www.piletilevi.ee\/est\/piletid\/muusika\/festival\/tmw-2018-film-chasing-coral-246351\/\">\u041a\u0443\u043f\u0438\u0442\u044c \u0431\u0438\u043b\u0435\u0442<\/a><\/h6>\n<p>15 \u043b\u0435\u0442 \u043d\u0430\u0437\u0430\u0434 \u043c\u0443\u043b\u044c\u0442\u0444\u0438\u043b\u044c\u043c \u0441\u0442\u0443\u0434\u0438\u0438 Pixar \u201c\u0412 \u043f\u043e\u0438\u0441\u043a\u0430\u0445 \u041d\u0435\u043c\u043e\u201d \u00a0\u0443\u0434\u0438\u0432\u0438\u043b \u0434\u0435\u0442\u0435\u0439 \u0438 \u0432\u0437\u0440\u043e\u0441\u043b\u044b\u0445 \u0431\u043e\u0433\u0430\u0442\u0441\u0442\u0432\u043e\u043c \u0438 \u043a\u0440\u0430\u0441\u043e\u0442\u043e\u0439 \u043f\u043e\u0434\u0432\u043e\u0434\u043d\u043e\u0433\u043e \u043c\u0438\u0440\u0430. \u041e\u0434\u043d\u0430\u043a\u043e \u0438\u0437\u0443\u043c\u0438\u0442\u0435\u043b\u044c\u043d\u0430\u044f \u0430\u043d\u0438\u043c\u0430\u0446\u0438\u044f \u0432 \u0431\u0443\u0434\u0443\u0449\u0435\u043c \u043c\u043e\u0436\u0435\u0442 \u043e\u0441\u0442\u0430\u0442\u044c\u0441\u044f \u043b\u0438\u0448\u044c \u043e\u0434\u043d\u0438\u043c \u0438\u0437 \u043d\u0435\u043c\u043d\u043e\u0433\u0438\u0445 \u0441\u0432\u0438\u0434\u0435\u0442\u0435\u043b\u044c\u0441\u0442\u0432 \u044d\u0442\u043e \u0440\u043e\u0441\u043a\u043e\u0448\u0438. \u041c\u0438\u0440\u043e\u0432\u043e\u0439 \u043e\u043a\u0435\u0430\u043d \u0438\u0437-\u0437\u0430 \u0434\u0435\u0439\u0441\u0442\u0432\u0438\u0439 \u0447\u0435\u043b\u043e\u0432\u0435\u043a\u0430 \u043f\u043e\u043f\u0430\u043b \u0432 \u0431\u0435\u0434\u0443 \u0438 \u043a\u043e\u0440\u0430\u043b\u043b\u043e\u0432\u044b\u0435 \u0440\u0438\u0444\u044b \u0438\u0441\u0447\u0435\u0437\u0430\u044e\u0442 \u0441 \u0440\u0435\u043a\u043e\u0440\u0434\u043d\u043e\u0439 \u0441\u043a\u043e\u0440\u043e\u0441\u0442\u044c\u044e. \u0422\u043e\u043b\u044c\u043a\u043e \u0437\u0430 2016 \u0433\u043e\u0434 \u043f\u043e\u0433\u0438\u0431\u043b\u0438 \u043e\u0433\u0440\u043e\u043c\u043d\u044b\u0435 \u043c\u043d\u043e\u0433\u043e\u043a\u0438\u043b\u043e\u043c\u0435\u0442\u0440\u043e\u0432\u044b\u0435 \u0443\u0447\u0430\u0441\u0442\u043a\u0438 \u0411\u043e\u043b\u044c\u0448\u043e\u0433\u043e \u0411\u0430\u0440\u044c\u0435\u0440\u043d\u043e\u0433\u043e \u0440\u0438\u0444\u0435 \u0431\u043b\u0438\u0437 \u0431\u0435\u0440\u0435\u0433\u043e\u0432 \u0410\u0432\u0441\u0442\u0440\u0430\u043b\u0438\u0438. \u0412 \u043a\u0430\u0440\u0442\u0438\u043d\u0435 \u0440\u0430\u0441\u0441\u043a\u0430\u0437\u0430\u043d\u043e, \u043a\u0430\u043a \u0443\u0447\u0435\u043d\u044b\u0435, \u0434\u0430\u0439\u0432\u0435\u0440\u044b \u0438 \u0444\u043e\u0442\u043e\u0433\u0440\u0430\u0444\u044b \u043e\u0442\u043f\u0440\u0430\u0432\u0438\u043b\u0438\u0441\u044c \u0438\u0441\u0441\u043b\u0435\u0434\u043e\u0432\u0430\u0442\u044c, \u043a\u0430\u043a \u043c\u043e\u0436\u043d\u043e \u0435\u0449\u0435 \u0441\u043f\u0430\u0441\u0442\u0438 \u044d\u0442\u0438 \u0432\u043e\u0441\u0445\u0438\u0442\u0438\u0442\u0435\u043b\u044c\u043d\u044b\u0435 \u0432\u0438\u0434\u044b.<\/p>\n<p><iframe loading=\"lazy\" width=\"500\" height=\"281\" src=\"https:\/\/www.youtube.com\/embed\/b6fHA9R2cKI?feature=oembed\" frameborder=\"0\" allow=\"autoplay; encrypted-media\" allowfullscreen><\/iframe><\/p>\n<h6>\u041f\u044f\u0442\u043d\u0438\u0446\u0430, 6 \u0430\u043f\u0440\u0435\u043b\u044f, 19.00<\/h6>\n<h6>\u201c\u0411\u043e\u043b\u044c\u0448\u0435, \u0447\u0435\u043c \u0436\u0438\u0437\u043d\u044c\u201d (2018) (\u201eEnam kui elu\u201c)<\/h6>\n<h6><a href=\"https:\/\/www.piletilevi.ee\/est\/piletid\/muusika\/festival\/tmw-2018-film-more-than-life-2018-246353\/\">\u041a\u0443\u043f\u0438\u0442\u044c \u0431\u0438\u043b\u0435\u0442<\/a><\/h6>\n<p>\u201c\u042f \u043f\u0430\u043d\u043a \u0438 \u044f \u043a\u0440\u0443\u0442\u043e\u0439,\u201d \u2014 \u043a\u0440\u0438\u0447\u0438\u0442 \u0441\u043e \u0441\u0446\u0435\u043d\u044b \u0441\u043e\u043b\u0438\u0441\u0442 \u0424\u0440\u0435\u0434\u0434\u0438 \u0413\u0440\u0435\u043d\u0446\u043c\u0430\u043d\u043d (Freddy Grenzmann) \u0432 \u043e\u0434\u043d\u043e\u0439 \u0438\u0437 \u043f\u0435\u0441\u0435\u043d Psychoterror. \u0418\u043c\u0435\u043d\u043d\u043e \u0442\u0430\u043a\u0430\u044f \u2014 \u0441\u044b\u0440\u0430\u044f, \u043f\u0440\u044f\u043c\u043e\u043b\u0438\u043d\u0435\u0439\u043d\u0430\u044f \u0438 \u044d\u043d\u0435\u0440\u0433\u0438\u0447\u043d\u0430\u044f \u2014 \u0432\u0441\u044f \u0435\u0433\u043e \u0436\u0438\u0437\u043d\u044c. \u0424\u0440\u0435\u0434\u0434\u0438 \u2014 \u043f\u0435\u0432\u0435\u0446 \u0438 \u0430\u0432\u0442\u043e\u0440 \u0442\u0435\u043a\u0441\u0442\u043e\u0432 \u043f\u0430\u043d\u043a-\u0433\u0440\u0443\u043f\u043f\u044b Psychoterror. \u041e\u043d \u2014 \u043f\u043e\u0441\u043b\u0435\u0434\u043d\u044f\u044f \u0440\u043e\u043a-\u0437\u0432\u0435\u0437\u0434\u0430 \u0432 \u042d\u0441\u0442\u043e\u043d\u0438\u0438. \u041f\u043e\u043d\u044f\u0442\u0438\u0435 \u0440\u043e\u043a-\u0437\u0432\u0435\u0437\u0434\u0430 \u043e\u0437\u043d\u0430\u0447\u0430\u0435\u0442 \u044f\u0432\u043b\u0435\u043d\u0438\u0435, \u0432\u044b\u0445\u043e\u0434\u044f\u0449\u0435\u0435 \u0437\u0430 \u043f\u0440\u0435\u0434\u0435\u043b\u044b \u043f\u0440\u0438\u0432\u044b\u0447\u043d\u044b\u0445 \u043d\u043e\u0440\u043c, \u0438 \u043e\u043d\u043e \u043d\u0430\u043c\u043d\u043e\u0433\u043e \u0448\u0438\u0440\u0435, \u0447\u0435\u043c \u043f\u0440\u043e\u0441\u0442\u043e \u0436\u0438\u0437\u043d\u044c. \u0412 \u0441\u043b\u0443\u0447\u0430\u0435 \u0441 \u0424\u0440\u0435\u0434\u0434\u0438 \u043c\u043e\u0436\u043d\u043e \u0443\u0432\u0435\u0440\u0435\u043d\u043d\u043e \u0441\u043a\u0430\u0437\u0430\u0442\u044c, \u0447\u0442\u043e \u043e\u043d \u043d\u0435\u043d\u043e\u0440\u043c\u0430\u043b\u044c\u043d\u044b\u0439, \u043a\u0430\u043a \u043d\u0430 \u0441\u0446\u0435\u043d\u0435, \u0442\u0430\u043a \u0438 \u0432 \u0436\u0438\u0437\u043d\u0438. \u0415\u0433\u043e \u0434\u0435\u043b\u0430\u0435\u0442 \u0438\u043d\u0442\u0435\u0440\u0435\u0441\u043d\u044b\u043c \u0434\u0430\u0436\u0435 \u043d\u0435 \u043e\u0431\u0449\u0435\u043d\u0438\u0435 \u0438\u043b\u0438 \u0443\u043c\u0435\u043d\u0438\u0435 \u0438\u0433\u0440\u0430\u0442\u044c \u0441\u043b\u043e\u0432\u0430\u043c\u0438, \u0430 \u0435\u0433\u043e \u043e\u0442\u0434\u0430\u0447\u0430, \u0432\u043e\u0437\u043c\u043e\u0436\u043d\u043e\u0441\u0442\u044c \u043f\u043e\u043b\u043d\u043e\u0439 \u043f\u043e\u0442\u0435\u0440\u0438 \u0441\u0430\u043c\u043e\u043a\u043e\u043d\u0442\u0440\u043e\u043b\u044f \u0438 \u0433\u043b\u0443\u0431\u0438\u043d\u0430 \u0432\u0441\u0435\u043f\u043e\u0433\u043b\u043e\u0449\u0430\u044e\u0449\u0435\u0439 \u0447\u0435\u043b\u043e\u0432\u0435\u0447\u0435\u0441\u043a\u043e\u0439 \u0438\u043b\u0438 \u043c\u0435\u0442\u0430\u0444\u0438\u0437\u0438\u0447\u0435\u0441\u043a\u043e\u0439 \u0442\u0440\u0435\u0432\u043e\u0433\u0438. \u042d\u0442\u043e \u0438\u0441\u0442\u043e\u0440\u0438\u044f \u043e \u043f\u043e\u0441\u043b\u0435\u0434\u043d\u0435\u0439 \u0440\u043e\u043a-\u0437\u0432\u0435\u0437\u0434\u0435 \u0438 \u043f\u043e\u044d\u0442\u0435, \u0430 \u0442\u0430\u043a\u0436\u0435 \u0430\u043d\u0430\u0442\u043e\u043c\u0438\u044f \u043e\u0434\u043d\u043e\u0439 \u043f\u0430\u043d\u043a-\u0433\u0440\u0443\u043f\u043f\u044b.<\/p>\n<p>\u041f\u043e\u043c\u0438\u043c\u043e \u0443\u0447\u0430\u0441\u0442\u043d\u0438\u043a\u043e\u0432 Psychoterror, \u0432 \u0444\u0438\u043b\u044c\u043c\u0435 \u043f\u043e\u044f\u0432\u044f\u0442\u0441\u044f \u0425\u0430\u0441\u0441\u043e \u041a\u0440\u0443\u043b\u043b\u044c, \u041a\u043e\u0439\u0442 \u0420\u0430\u0443\u0434\u0441\u0435\u043f\u043f, \u041c\u0430\u0440\u043a\u043e \u041c\u044f\u044d\u043c\u0435\u0442\u0441, \u041c\u0430\u0440\u043a\u043e \u041c\u044f\u0433\u0438, \u0420\u0430\u0443\u043b\u044c \u0421\u0430\u0430\u0440\u0435\u043c\u0435\u0442\u0441, \u0420\u0430\u0443\u043b\u044c \u0412\u0435\u043b\u0431\u0430\u0443\u043c, \u0421\u0438\u0439\u043c \u041d\u0435\u0441\u0442\u043e\u0440, \u0412\u0430\u043b\u043d\u0435\u0440 \u0412\u0430\u043b\u043c\u0435, \u0412\u0438\u043b\u043b\u0443 \u0422\u0430\u043c\u043c\u0435 \u0438 \u0434\u0440\u0443\u0433\u0438\u0435.<\/p>\n<p>\u0410\u0432\u0442\u043e\u0440\u044b: \u0418\u043d\u0434\u0440\u0435\u043a \u0421\u043f\u0443\u043d\u0433\u0438\u043d \u0438 \u0422\u0430\u0430\u0432\u0438 \u0410\u0440\u0443\u0441<\/p>\n<p><iframe loading=\"lazy\" src=\"https:\/\/player.vimeo.com\/video\/256932798\" width=\"500\" height=\"281\" frameborder=\"0\" title=\"Enam kui elu \/ More Than Life\" webkitallowfullscreen mozallowfullscreen allowfullscreen><\/iframe><\/p>\n"}]},"_links":{"self":[{"href":"https:\/\/2018.tallinnmusicweek.ee\/ru\/wp-json\/wp\/v2\/pages\/1098"}],"collection":[{"href":"https:\/\/2018.tallinnmusicweek.ee\/ru\/wp-json\/wp\/v2\/pages"}],"about":[{"href":"https:\/\/2018.tallinnmusicweek.ee\/ru\/wp-json\/wp\/v2\/types\/page"}],"author":[{"embeddable":true,"href":"https:\/\/2018.tallinnmusicweek.ee\/ru\/wp-json\/wp\/v2\/users\/1"}],"replies":[{"embeddable":true,"href":"https:\/\/2018.tallinnmusicweek.ee\/ru\/wp-json\/wp\/v2\/comments?post=1098"}],"version-history":[{"count":23,"href":"https:\/\/2018.tallinnmusicweek.ee\/ru\/wp-json\/wp\/v2\/pages\/1098\/revisions"}],"predecessor-version":[{"id":4430,"href":"https:\/\/2018.tallinnmusicweek.ee\/ru\/wp-json\/wp\/v2\/pages\/1098\/revisions\/4430"}],"up":[{"embeddable":true,"href":"https:\/\/2018.tallinnmusicweek.ee\/ru\/wp-json\/wp\/v2\/pages\/1072"}],"wp:attachment":[{"href":"https:\/\/2018.tallinnmusicweek.ee\/ru\/wp-json\/wp\/v2\/media?parent=1098"}],"curies":[{"name":"wp","href":"https:\/\/api.w.org\/{rel}","templated":true}]}}