{"id":1091,"date":"2016-12-25T21:02:31","date_gmt":"2016-12-25T19:02:31","guid":{"rendered":"http:\/\/188.166.60.220\/festival\/city-stage\/"},"modified":"2018-04-01T13:24:53","modified_gmt":"2018-04-01T10:24:53","slug":"gorod","status":"publish","type":"page","link":"https:\/\/2018.tallinnmusicweek.ee\/ru\/festival\/gorod\/","title":{"rendered":"\u0411\u0435\u0441\u043f\u043b\u0430\u0442\u043d\u044b\u0435 \u043a\u043e\u043d\u0446\u0435\u0440\u0442\u044b"},"content":{"rendered":"","protected":false},"excerpt":{"rendered":"","protected":false},"author":1,"featured_media":61,"parent":1072,"menu_order":0,"comment_status":"closed","ping_status":"closed","template":"template-modular.php","meta":{"_monsterinsights_skip_tracking":false,"_monsterinsights_sitenote_active":false,"_monsterinsights_sitenote_note":"","_monsterinsights_sitenote_category":0},"acf":{"modules":[{"acf_fc_layout":"twocol","col_first":"<h5>\u0427\u0435\u0442\u0432\u0435\u0440\u0433, 5 \u0430\u043f\u0440\u0435\u043b\u044f<\/h5>\n<p><strong>Telia \u043f\u0440\u0435\u0434\u0441\u0442\u0430\u0432\u043b\u044f\u0435\u0442: \u0441\u0446\u0435\u043d\u0430 \u0432 Viru keskus<\/strong><br \/>\n(Viru V\u00e4ljak 4\/6)<\/p>\n<p>12:30 \u0425\u043e\u0440 \u043c\u0430\u043b\u044c\u0447\u0438\u043a\u043e\u0432 &#171;Juhanid&#187; \u042d\u0441\u0442\u043e\u043d\u0441\u043a\u043e\u0439 \u043d\u0430\u0446\u0438\u043e\u043d\u0430\u043b\u044c\u043d\u043e\u0439 \u043e\u043f\u0435\u0440\u044b<br \/>\n13:00 \u0432\u044b\u0441\u0442\u0443\u043f\u043b\u0435\u043d\u0438\u0435-\u0441\u044e\u0440\u043f\u0440\u0438\u0437<br \/>\n13:45 Andres Roots &amp; Anneli Kadakas (EE)<br \/>\n14:30 Alaska Dreamers (LV)<\/p>\n<p><strong>\u0421\u0446\u0435\u043d\u0430 \u043d\u0430 \u0434\u0438\u0437\u0430\u0439\u043d\u0435\u0440\u0441\u043a\u043e\u0439 \u0443\u043b\u0438\u0446\u0435 \u0432 \u0446\u0435\u043d\u0442\u0440\u0435 Solaris<\/strong><br \/>\n(Estonia pst 9)<\/p>\n<p>14:00 The Queen of Spades (EE)<br \/>\n15:00 \u00c4tna (DE)<br \/>\n16:00 Cari Cari (AT)<\/p>\n<p><strong>\u0420\u0435\u0441\u0442\u043e\u0440\u0430\u043d NOP<\/strong><br \/>\n(K\u00f6leri 1)<\/p>\n<p>15:30 Sattuma (RU)<br \/>\n16:30 Maria Kalaniemi &amp; Eero Grundstr\u00f6m (FI)<\/p>\n<p><strong>\u041a\u043d\u0438\u0436\u043d\u044b\u0439 \u043c\u0430\u0433\u0430\u0437\u0438\u043d Pu\u00e4nt<\/strong><br \/>\n(P\u00e4rnu mnt 4)<\/p>\n<p>13:00 Mirjam Tally \u2013 The Voyager (Unej\u00f5gi (SE))<br \/>\n14:00 Kytami (CA)<br \/>\n15:00 Mick Pedaja (EE)<\/p>\n<p>&nbsp;<\/p>\n<h5>\u041f\u044f\u0442\u043d\u0438\u0446\u0430, 6 \u0430\u043f\u0440\u0435\u043b\u044f<\/h5>\n<p><strong>Telia \u043f\u0440\u0435\u0434\u0441\u0442\u0430\u0432\u043b\u044f\u0435\u0442: \u0441\u0446\u0435\u043d\u0430 \u0432 Viru keskus<\/strong><br \/>\n(Viru V\u00e4ljak 4\/6)<\/p>\n<p>14:00 Arlo Maverick (CA)<br \/>\n14:45 Wojtek Mazulewski Quintet (PL)<br \/>\n15:30 R\u00fc\u00fct (EE)<br \/>\n16:15 Mongooz and the Magnet (HU)<\/p>\n<p><strong>\u0421\u0446\u0435\u043d\u0430 \u043d\u0430 \u0434\u0438\u0437\u0430\u0439\u043d\u0435\u0440\u0441\u043a\u043e\u0439 \u0443\u043b\u0438\u0446\u0435 \u0432 \u0446\u0435\u043d\u0442\u0440\u0435 Solaris<\/strong><br \/>\n(Estonia pst 9)<\/p>\n<p>13:00 Tronden (EE)<br \/>\n14:00 Tekstur (RU)<br \/>\n15:00 Mick Pedaja (EE)<\/p>\n<p><strong>\u0421\u0446\u0435\u043d\u0430 \u0440\u044b\u043d\u043a\u0430 \u0411\u0430\u043b\u0442\u0438\u0439\u0441\u043a\u043e\u0433\u043e \u0432\u043e\u043a\u0437\u0430\u043b\u0430 \u0438 \u0433\u0430\u0441\u0442\u0440\u043e\u043f\u0430\u0431\u0430 Humalakoda<\/strong><br \/>\n(Kopli 1)<\/p>\n<p>15:00 M\u00f6rk (HU)<br \/>\n15:45 P\u00far M\u00fadd (EE)<br \/>\n16:30 Kal\u00e0scima (IT)<\/p>\n<p><strong>\u042d\u0441\u0442\u043e\u043d\u0441\u043a\u0430\u044f \u043d\u0430\u0446\u0438\u043e\u043d\u0430\u043b\u044c\u043d\u0430\u044f \u0431\u0438\u0431\u043b\u0438\u043e\u0442\u0435\u043a\u0430<\/strong><br \/>\n(T\u00f5nism\u00e4gi 2)<\/p>\n<p>12:45 Resina (PL)<br \/>\n13:30 Pocket Knife Army (NL)<br \/>\n14:15 Shida Shahabi (IR)<br \/>\n15:00 Mauno Meesit (EE)<\/p>\n<p><strong>\u0428\u043e\u0443\u0440\u0443\u043c H&amp;M<\/strong><br \/>\n(Roseni 8, III korrus)<\/p>\n<p>16:00 I Wear* Experiment (EE)<br \/>\n16:45 Meriheini Luoto (FI)<br \/>\n17:30 Frankie Animal (EE)<\/p>\n<p><strong>Homeart<\/strong><br \/>\n(Telliskivi 60A-A2)<\/p>\n<p>13:30 Gram-of-Fun (EE)<br \/>\n14:15 Tuulikki Bartosik (EE)<br \/>\n15:00 Podruga (LV)<\/p>\n<p><strong>\u041d\u043e\u043c\u0435\u0440 \u043b\u044e\u043a\u0441 664 \u0432 Nordic Hotel Forum<\/strong><br \/>\n(Viru v\u00e4ljak 3)<\/p>\n<p>13:00 Evestus (EE)<br \/>\n14:00 The Magnettes (SE)<br \/>\n15:00 EiK (EE)<\/p>\n<p><strong>\u0413\u0430\u043b\u0435\u0440\u0435\u044f Temnikova &amp; Kasela<\/strong><br \/>\n(Lastekodu 1)<\/p>\n<p>16:15 Kaukolampi (FI)<br \/>\n17:00 Aleksei Taruts (RU)<br \/>\n17:45 Mart Avi (EE)<\/p>\n<p>&nbsp;<\/p>\n<h5>\u0421\u0443\u0431\u0431\u043e\u0442\u0430, 7 \u0430\u043f\u0440\u0435\u043b\u044f<\/h5>\n<p><strong>Telia \u043f\u0440\u0435\u0434\u0441\u0442\u0430\u0432\u043b\u044f\u0435\u0442: \u0441\u0446\u0435\u043d\u0430 \u0432 Viru keskus<\/strong><br \/>\n(Viru V\u00e4ljak 4\/6)<\/p>\n<p>13:00 The Cool Quest (NL)<br \/>\n13:45 Steps To Synapse (EE)<br \/>\n14:30 Polifauna (LV)<br \/>\n15:15 1teist\/2EXXXA (EE)<br \/>\n16:00 Sibyl Vane (EE)<br \/>\n16:45 Alluri (IN)<\/p>\n<p><strong>\u0421\u0446\u0435\u043d\u0430 \u043d\u0430 \u0434\u0438\u0437\u0430\u0439\u043d\u0435\u0440\u0441\u043a\u043e\u0439 \u0443\u043b\u0438\u0446\u0435 \u0432 \u0446\u0435\u043d\u0442\u0440\u0435 Solaris<\/strong><br \/>\n(Estonia pst 9)<\/p>\n<p>14:00 Frankie Animal (EE)<br \/>\n15:00 Karpov not Kasparov (RO)<br \/>\n16:00 Fever Dream (IS)<\/p>\n<p><strong>\u041c\u0430\u0433\u0430\u0437\u0438\u043d \u043f\u043b\u0430\u0441\u0442\u0438\u043d\u043e\u043a Biit Me<\/strong><br \/>\n(Viru 3-5)<\/p>\n<p>14:45 Rick Feds (LV)<br \/>\n15:30 Inner (FI)<br \/>\n16:15 The Hanged Man (SE)<\/p>\n<p><strong>\u0428\u043a\u043e\u043b\u0430 \u0438\u0433\u0440\u044b \u043d\u0430 \u0433\u0438\u0440\u0430\u0442\u0435 Drive It Up<\/strong><br \/>\n(Jakobsoni 14)<\/p>\n<p>12:15 Sibyl Vane (EE)<br \/>\n13:00 The Queen of Spades (EE)<br \/>\n13:45 PK Ker\u00e4nen (FI)<\/p>\n<p><strong>\u041c\u0430\u0433\u0430\u0437\u0438\u043d \u0432\u0435\u043b\u043e\u0441\u0438\u043f\u0435\u0434\u043e\u0432 JOOKS<\/strong><br \/>\n(Telliskivi 60A-B)<\/p>\n<p>16:00 \u041a\u0423\u041a\u041b\u0410 (SI)<br \/>\n16:45 KKPalmy x Mick Moon (EE)<br \/>\n17:30 Bucharest (IL)<\/p>\n<p><strong>\u0420\u0435\u0441\u0442\u043e\u0440\u0430\u043d K\u00c4RBES<\/strong><br \/>\n(Telliskivi 60A-C1)<\/p>\n<p>12:30 Malneirophrenia (IS)<br \/>\n13:30 Avoid Dave (EE)<br \/>\n14:30 Piwai (US)<br \/>\n15:30 Hildur (IS)<\/p>\n<p><strong>\u041a\u043d\u0438\u0436\u043d\u044b\u0439 \u043c\u0430\u0433\u0430\u0437\u0438\u043d Apollo \u0432 \u0446\u0435\u043d\u0442\u0440\u0435 Solaris<\/strong><\/p>\n<p>(Estonia pst 9)<\/p>\n<p>13:30 Forr\u00f2 mi\u00f2r (IT)<br \/>\n14:30 S\u00f6nd\u00f6rg\u0151 (HU)<br \/>\n15:30 NE\u00d8V (FI)<\/p>\n<p><strong>\u0421\u0442\u0443\u0434\u0438\u044f Stella Soomlais<\/strong><br \/>\n(Telliskivi 62)<\/p>\n<p>12:00 Rainer Ild<br \/>\n12:45 Lepatriinu<br \/>\n13:30 ELIZABETE BAL\u010cUS (LV)<\/p>\n<p><strong>\u0414\u0438\u0437\u0430\u0439\u043d\u0435\u0440\u0441\u043a\u043e\u0435 \u0430\u0433\u0435\u043d\u0441\u0442\u0432\u043e Velvet<\/strong><br \/>\n(Telliskivi 60A-B)<\/p>\n<p>12:00 Maya Belsitzman &amp; Matan Ephrat (IL)<br \/>\n13:00 Bakey x Kakora (BY)<br \/>\n14:00 Elephants From Neptune (EE)<\/p>\n","col_second":""},{"acf_fc_layout":"lead","content":"<p>\u0412 \u043f\u0440\u043e\u0433\u0440\u0430\u043c\u043c\u0435 \u0444\u0435\u0441\u0442\u0438\u0432\u0430\u043b\u044f \u0431\u043e\u043b\u044c\u0448\u043e\u0435 \u043a\u043e\u043b\u0438\u0447\u0435\u0441\u0442\u0432\u043e \u0431\u0435\u0441\u043f\u043b\u0430\u0442\u043d\u044b\u0445 \u043a\u043e\u043d\u0446\u0435\u0440\u0442\u043e\u0432 \u0432 \u043a\u0430\u0444\u0435, \u0433\u0430\u043b\u0435\u0440\u0435\u044f\u0445, \u043a\u043d\u0438\u0436\u043d\u044b\u0445 \u043c\u0430\u0433\u0430\u0437\u0438\u043d\u0430\u0445 \u0438 \u0434\u0440\u0443\u0433\u0438\u0445 \u043d\u0435\u043e\u0431\u044b\u0447\u043d\u044b\u0445 \u043c\u0435\u0441\u0442\u0430\u0445 \u043f\u043e \u0432\u0441\u0435\u043c\u0443 \u0422\u0430\u043b\u043b\u0438\u043d\u043d\u0443. \u0412 \u044d\u0442\u043e\u043c \u0433\u043e\u0434\u0443 \u0441 5 \u043f\u043e 7 \u0430\u043f\u0440\u0435\u043b\u044f \u043f\u0440\u043e\u0439\u0434\u0435\u0442 \u043f\u043e\u0447\u0442\u0438 100 \u0431\u0435\u0441\u043f\u043b\u0430\u0442\u043d\u044b\u0445 \u043a\u043e\u043d\u0446\u0435\u0440\u0442\u043e\u0432 \u043d\u0430 17 \u0433\u043e\u0440\u043e\u0434\u0441\u043a\u0438\u0445 \u0441\u0446\u0435\u043d\u044b\u0445.<\/p>\n"},{"acf_fc_layout":"regular_content","content":"<p>\u0411\u0438\u043b\u0435\u0442\u044b \u043f\u043e\u043a\u0443\u043f\u0430\u0442\u044c \u043d\u0435 \u043d\u0443\u0436\u043d\u043e! \u0412\u0445\u043e\u0434 \u0434\u043b\u044f \u0432\u0441\u0435\u0445 \u0441\u0432\u043e\u0431\u043e\u0434\u043d\u044b\u0439!<\/p>\n<p>\u0412 <a href=\"https:\/\/www.facebook.com\/events\/1980843248845990\/\">\u0424\u0435\u0439\u0441\u0431\u0443\u043a<\/a>\u0435 \u043c\u043e\u0436\u043d\u043e \u043d\u0430\u0439\u0442\u0438 \u0438\u043d\u0444\u043e\u0440\u043c\u0430\u0446\u0438\u044e \u043e \u0432\u043e\u0437\u043c\u043e\u0436\u043d\u044b\u0445 \u0438\u0437\u043c\u0435\u043d\u0435\u043d\u0438\u044f\u0445 \u0432 \u043f\u0440\u043e\u0433\u0440\u0430\u043c\u043c\u0435.<\/p>\n"},{"acf_fc_layout":"quote","content":"<p>\u00ab\u042f \u043f\u043e\u0431\u044b\u0432\u0430\u043b\u0430 \u043d\u0430 \u043c\u043d\u043e\u0433\u0438\u0445 \u043a\u043e\u043d\u0446\u0435\u0440\u0442\u0430\u0445, \u043d\u043e \u0432 \u0436\u0438\u0437\u043d\u0438 \u043d\u0435 \u043c\u043e\u0433\u043b\u0430 \u043f\u0440\u0435\u0434\u0441\u0442\u0430\u0432\u0438\u0442\u044c, \u0447\u0442\u043e \u043e\u0434\u043d\u0430\u0436\u0434\u044b \u0431\u0443\u0434\u0443 \u043d\u0430\u0441\u043b\u0430\u0436\u0434\u0430\u0442\u044c\u0441\u044f \u043a\u043e\u043d\u0446\u0435\u0440\u0442\u043e\u043c \u0431\u043e\u0441\u0438\u043a\u043e\u043c \u0443 \u043a\u043e\u0433\u043e-\u0442\u043e \u0434\u043e\u043c\u0430. \u0410 \u0434\u043e \u043a\u043e\u043d\u0446\u0435\u0440\u0442\u0430 \u043a\u0443\u043f\u0438\u043b\u0430 \u0443 \u043c\u043b\u0430\u0434\u0448\u0435\u0439 \u0434\u043e\u0447\u0435\u0440\u0438 \u0432 \u044d\u0442\u043e\u0439 \u0441\u0435\u043c\u044c\u0435 \u043a\u043e\u0444\u0435 \u0438 \u043f\u0435\u0447\u0435\u043d\u044c\u0435. \u0414\u043e\u0431\u0440\u043e \u043f\u043e\u0436\u0430\u043b\u043e\u0432\u0430\u0442\u044c \u043d\u0430 Tallinn Music Week!\u00bb<\/p>\n","name":"\u041b\u043e\u0440\u0430 \u0421\u0442\u0443\u0434\u0430\u0440\u0443\u0441, MTV Iggy (\u0421\u0428\u0410)"},{"acf_fc_layout":"hero","image":{"ID":64,"id":64,"title":"Velvet_CityStage","filename":"26218354315_89c71d301c_k.jpg","filesize":1596933,"url":"https:\/\/2018.tallinnmusicweek.ee\/wp-content\/uploads\/2016\/12\/26218354315_89c71d301c_k.jpg","link":"https:\/\/2018.tallinnmusicweek.ee\/?attachment_id=64","alt":"","author":"1","description":"","caption":"","name":"26218354315_89c71d301c_k","status":"inherit","uploaded_to":56,"date":"2016-12-04 10:51:33","modified":"2017-01-11 09:15:48","menu_order":0,"mime_type":"image\/jpeg","type":"image","subtype":"jpeg","icon":"https:\/\/2018.tallinnmusicweek.ee\/wp-includes\/images\/media\/default.png","width":2048,"height":1365,"sizes":{"thumbnail":"https:\/\/2018.tallinnmusicweek.ee\/wp-content\/uploads\/2016\/12\/26218354315_89c71d301c_k-150x150.jpg","thumbnail-width":150,"thumbnail-height":150,"medium":"https:\/\/2018.tallinnmusicweek.ee\/wp-content\/uploads\/2016\/12\/26218354315_89c71d301c_k-300x200.jpg","medium-width":300,"medium-height":200,"medium_large":"https:\/\/2018.tallinnmusicweek.ee\/wp-content\/uploads\/2016\/12\/26218354315_89c71d301c_k-768x512.jpg","medium_large-width":768,"medium_large-height":512,"large":"https:\/\/2018.tallinnmusicweek.ee\/wp-content\/uploads\/2016\/12\/26218354315_89c71d301c_k-1024x683.jpg","large-width":1024,"large-height":683,"1536x1536":"https:\/\/2018.tallinnmusicweek.ee\/wp-content\/uploads\/2016\/12\/26218354315_89c71d301c_k.jpg","1536x1536-width":1536,"1536x1536-height":1024,"2048x2048":"https:\/\/2018.tallinnmusicweek.ee\/wp-content\/uploads\/2016\/12\/26218354315_89c71d301c_k.jpg","2048x2048-width":2048,"2048x2048-height":1365}},"content":"","size":"medium"},{"acf_fc_layout":"hero","image":{"ID":58,"id":58,"title":"25930947680_f44e3979ba_k","filename":"25930947680_f44e3979ba_k.jpg","filesize":1049456,"url":"https:\/\/2018.tallinnmusicweek.ee\/wp-content\/uploads\/2016\/12\/25930947680_f44e3979ba_k.jpg","link":"https:\/\/2018.tallinnmusicweek.ee\/?attachment_id=58","alt":"","author":"1","description":"","caption":"","name":"25930947680_f44e3979ba_k","status":"inherit","uploaded_to":56,"date":"2016-12-04 10:51:29","modified":"2017-01-13 16:53:27","menu_order":0,"mime_type":"image\/jpeg","type":"image","subtype":"jpeg","icon":"https:\/\/2018.tallinnmusicweek.ee\/wp-includes\/images\/media\/default.png","width":2048,"height":1365,"sizes":{"thumbnail":"https:\/\/2018.tallinnmusicweek.ee\/wp-content\/uploads\/2016\/12\/25930947680_f44e3979ba_k-150x150.jpg","thumbnail-width":150,"thumbnail-height":150,"medium":"https:\/\/2018.tallinnmusicweek.ee\/wp-content\/uploads\/2016\/12\/25930947680_f44e3979ba_k-300x200.jpg","medium-width":300,"medium-height":200,"medium_large":"https:\/\/2018.tallinnmusicweek.ee\/wp-content\/uploads\/2016\/12\/25930947680_f44e3979ba_k-768x512.jpg","medium_large-width":768,"medium_large-height":512,"large":"https:\/\/2018.tallinnmusicweek.ee\/wp-content\/uploads\/2016\/12\/25930947680_f44e3979ba_k-1024x683.jpg","large-width":1024,"large-height":683,"1536x1536":"https:\/\/2018.tallinnmusicweek.ee\/wp-content\/uploads\/2016\/12\/25930947680_f44e3979ba_k.jpg","1536x1536-width":1536,"1536x1536-height":1024,"2048x2048":"https:\/\/2018.tallinnmusicweek.ee\/wp-content\/uploads\/2016\/12\/25930947680_f44e3979ba_k.jpg","2048x2048-width":2048,"2048x2048-height":1365}},"content":"","size":"medium"}]},"_links":{"self":[{"href":"https:\/\/2018.tallinnmusicweek.ee\/ru\/wp-json\/wp\/v2\/pages\/1091"}],"collection":[{"href":"https:\/\/2018.tallinnmusicweek.ee\/ru\/wp-json\/wp\/v2\/pages"}],"about":[{"href":"https:\/\/2018.tallinnmusicweek.ee\/ru\/wp-json\/wp\/v2\/types\/page"}],"author":[{"embeddable":true,"href":"https:\/\/2018.tallinnmusicweek.ee\/ru\/wp-json\/wp\/v2\/users\/1"}],"replies":[{"embeddable":true,"href":"https:\/\/2018.tallinnmusicweek.ee\/ru\/wp-json\/wp\/v2\/comments?post=1091"}],"version-history":[{"count":16,"href":"https:\/\/2018.tallinnmusicweek.ee\/ru\/wp-json\/wp\/v2\/pages\/1091\/revisions"}],"predecessor-version":[{"id":4606,"href":"https:\/\/2018.tallinnmusicweek.ee\/ru\/wp-json\/wp\/v2\/pages\/1091\/revisions\/4606"}],"up":[{"embeddable":true,"href":"https:\/\/2018.tallinnmusicweek.ee\/ru\/wp-json\/wp\/v2\/pages\/1072"}],"wp:featuredmedia":[{"embeddable":true,"href":"https:\/\/2018.tallinnmusicweek.ee\/ru\/wp-json\/wp\/v2\/media\/61"}],"wp:attachment":[{"href":"https:\/\/2018.tallinnmusicweek.ee\/ru\/wp-json\/wp\/v2\/media?parent=1091"}],"curies":[{"name":"wp","href":"https:\/\/api.w.org\/{rel}","templated":true}]}}