{"id":673,"date":"2016-12-23T13:24:48","date_gmt":"2016-12-23T11:24:48","guid":{"rendered":"http:\/\/188.166.60.220\/conference\/"},"modified":"2018-03-29T21:02:03","modified_gmt":"2018-03-29T18:02:03","slug":"konverents","status":"publish","type":"page","link":"https:\/\/2018.tallinnmusicweek.ee\/et\/konverents\/","title":{"rendered":"Konverents"},"content":{"rendered":"","protected":false},"excerpt":{"rendered":"","protected":false},"author":1,"featured_media":1878,"parent":0,"menu_order":0,"comment_status":"closed","ping_status":"closed","template":"template-modular.php","meta":{"_monsterinsights_skip_tracking":false,"_monsterinsights_sitenote_active":false,"_monsterinsights_sitenote_note":"","_monsterinsights_sitenote_category":0},"acf":{"modules":[{"acf_fc_layout":"lead","content":"<p>TMW konverents on \u00fcks julgemaid ja tulevikkuvaatavamaid loovuse m\u00f5jule keskenduvaid s\u00fcndmusi Euroopas. Konverentsil esinevad ettekannete ja aruteludega nii muusikat\u00f6\u00f6stuse esindajad kui ka loome- ja tehnoloogia valdkondade spetsialistid ning poliitikakujundajad. 2018. aasta TMW konverentsi\u00a0tuumaks on loovus kui uue majanduse k\u00e4ivitaja. S\u00fcvitsi keskendutakse neljale fookusteemale, milleks on muusikat\u00f6\u00f6stuse arengusuunad, uus majandus, inimkesksed linnad ning disainm\u00f5tlemine. L\u00e4bivateks m\u00e4rks\u00f5nadeks on ka tulevikuoskused, sooline v\u00f5rd\u00f5iguslikkus, kodanikuaktivism ja kestlik areng.<\/p>\n"},{"acf_fc_layout":"regular_content","content":"<p><strong>Reede, <\/strong>6. aprill<strong><br \/>\nLaup\u00e4ev, <\/strong>7. aprill<br \/>\nKultuurikatel<\/p>\n<p>Koost\u00f6\u00f6s\u00a0<a href=\"https:\/\/musicestonia.eu\">Music Estoniaga<\/a>.<\/p>\n<p>Lisaks esitlustele ja aruteludele pakub TMW konverents v\u00f5imalust laiendada muusikat\u00f6\u00f6stuse kontaktide v\u00f5rgustikku, kiirkohtumisi, temaatilisi mentorlusi ja praktilisi t\u00f6\u00f6tubasid.<\/p>\n<p>Kultuurikatlas toimuva konverentsi avak\u00f5ne peab reedel, 6. aprillil Eesti Vabariigi president <strong>Kersti Kaljulaid<\/strong>.<\/p>\n<p><a href=\"https:\/\/2018.tallinnmusicweek.ee\/et\/konverents\/panelistid-2018\/\">2018. aasta konverentsi kinnitatud panelistid<\/a><\/p>\n<p><a href=\"https:\/\/2018.tallinnmusicweek.ee\/et\/kava\/\">2018. aasta konverentsi kava<\/a><\/p>\n<p>Loe lisaks:<\/p>\n<p><a href=\"https:\/\/2018.tallinnmusicweek.ee\/et\/2018\/03\/tallinn-music-week-avalikustas-konverentsi-creative-impact-lopliku-programmi-konelejad-ja-ajakava\/\">TMW avalikustas konverentsi Creative Impact l\u00f5pliku programmi, k\u00f5nelejad ja ajakava<\/a><\/p>\n<p><a href=\"https:\/\/2018.tallinnmusicweek.ee\/et\/2018\/03\/tallinn-music-week-avaldas-tanavuse-festivali-ning-konverentsi-votmeteemad-uue-majanduse-teemat-esitleb-konverentsil-luminor\/\">TMW avaldas t\u00e4navuse festivali ning konverentsi v\u00f5tmeteemad, uue majanduse teemat esitleb konverentsil Luminor<\/a><\/p>\n<p><a href=\"https:\/\/2018.tallinnmusicweek.ee\/et\/2018\/03\/tulevikuoskustest-ja-kuberpopist-klubikultuuri-taastulemiseni-tallinn-music-weeki-konverents-avalikustas-uued-teemad-ja-konelejad\/\">Tulevikuoskustest ja k\u00fcberpopist klubikultuuri taastulemiseni \u2013 TMW konverents avalikustas uued teemad ja k\u00f5nelejad<\/a><\/p>\n<p><a href=\"https:\/\/2018.tallinnmusicweek.ee\/et\/2018\/01\/tallinn-music-weeki-konverents-laiendab-teemaderingi-ja-kolib-kultuurikatlasse\/\">TMW konverents laiendab teemaderingi ja kolib Kultuurikatlasse<\/a><\/p>\n<p>Kogu TMW 2018 konverentsi programm kuulutatakse j\u00e4rk-j\u00e4rgult v\u00e4lja 2018. aasta veebruari ja m\u00e4rtsi jooksul.<br \/>\nTMW 2018 konverentsi ja festivali \u00fchispass on m\u00fc\u00fcgil TMW <a href=\"https:\/\/2018.tallinnmusicweek.ee\/store\">veebipoes<\/a>.<\/p>\n"},{"acf_fc_layout":"hero","image":{"ID":210,"id":210,"title":"26186056586_ccfe11f28a_k","filename":"26186056586_ccfe11f28a_k.jpg","filesize":1014664,"url":"https:\/\/2018.tallinnmusicweek.ee\/wp-content\/uploads\/2016\/12\/26186056586_ccfe11f28a_k.jpg","link":"https:\/\/2018.tallinnmusicweek.ee\/conference\/26186056586_ccfe11f28a_k\/","alt":"","author":"1","description":"","caption":"","name":"26186056586_ccfe11f28a_k","status":"inherit","uploaded_to":206,"date":"2016-12-23 11:28:18","modified":"2016-12-23 11:28:20","menu_order":0,"mime_type":"image\/jpeg","type":"image","subtype":"jpeg","icon":"https:\/\/2018.tallinnmusicweek.ee\/wp-includes\/images\/media\/default.png","width":2048,"height":1363,"sizes":{"thumbnail":"https:\/\/2018.tallinnmusicweek.ee\/wp-content\/uploads\/2016\/12\/26186056586_ccfe11f28a_k-150x150.jpg","thumbnail-width":150,"thumbnail-height":150,"medium":"https:\/\/2018.tallinnmusicweek.ee\/wp-content\/uploads\/2016\/12\/26186056586_ccfe11f28a_k-300x200.jpg","medium-width":300,"medium-height":200,"medium_large":"https:\/\/2018.tallinnmusicweek.ee\/wp-content\/uploads\/2016\/12\/26186056586_ccfe11f28a_k-768x511.jpg","medium_large-width":768,"medium_large-height":511,"large":"https:\/\/2018.tallinnmusicweek.ee\/wp-content\/uploads\/2016\/12\/26186056586_ccfe11f28a_k-1024x682.jpg","large-width":1024,"large-height":682,"1536x1536":"https:\/\/2018.tallinnmusicweek.ee\/wp-content\/uploads\/2016\/12\/26186056586_ccfe11f28a_k.jpg","1536x1536-width":1536,"1536x1536-height":1022,"2048x2048":"https:\/\/2018.tallinnmusicweek.ee\/wp-content\/uploads\/2016\/12\/26186056586_ccfe11f28a_k.jpg","2048x2048-width":2048,"2048x2048-height":1363}},"content":"","size":"medium"},{"acf_fc_layout":"regular_content","content":"<p>TMW \u00fcheksa toimumisaasta jooksul on festivali konverentsil esinenud paljud muusikat\u00f6\u00f6stuse niidit\u00f5mbajad ja suunan\u00e4itajad, teiste seas plaadim\u00e4rgi Sire rajaja <strong>Seymour Stein<\/strong>, m\u00f5jukad managerid <strong>Simon Napier-Bell<\/strong> ja <strong>Peter Jenner<\/strong>, popkultuuriloo kaardistajad nagu <strong>Simon Reynolds <\/strong>ja <strong>Adam Harper<\/strong>, muusikutest ajakirjanikud nagu\u00a0<strong>John Robb<\/strong> (The Membranes) ja <strong>Bob Stanley<\/strong> (St Etienne).<\/p>\n<p>Alates 2016. aastast on varem peamiselt muusikakesksele TMW konverentsile lisandunud loovt\u00f6\u00f6stuse olulisuse v\u00e4\u00e4rtustamine laiemas kontekstis. Nii on konverentsil teiste seas s\u00f5na sanud USA ettev\u00f5tja ja filantroop <strong>Hamdi Ulukaya<\/strong>, kunstnik ja filmitegija <strong>Tillett Wright<\/strong>, geeniteadlane <strong>Lili Milani<\/strong>, Euroopa Parlamendi liige <strong>Julia Reda<\/strong>, Silicon Valley \u00e4ri-ingel <strong>Fadi Bishara<\/strong>\u00a0pjt eri valdkondade vision\u00e4\u00e4rid.<\/p>\n<p>2017. aastal esines TMW konverentsil 112 eri valdkonna spetsialisti. Tutvu 2017. aasta <a href=\"http:\/\/2017.tallinnmusicweek.ee\/conference\/conference-program\/index.html\">programmi<\/a> ja <a href=\"http:\/\/2017.tallinnmusicweek.ee\/speakers\/\">k\u00f5nelejatega<\/a>.<\/p>\n<figure id=\"attachment_1808\" aria-describedby=\"caption-attachment-1808\" style=\"width: 778px\" class=\"wp-caption alignnone\"><img loading=\"lazy\" class=\"wp-image-1808 \" src=\"https:\/\/2018.tallinnmusicweek.ee\/wp-content\/uploads\/2016\/12\/kaljulaid-1024x683.jpg\" width=\"778\" height=\"519\" srcset=\"https:\/\/2018.tallinnmusicweek.ee\/wp-content\/uploads\/2016\/12\/kaljulaid-1024x683.jpg 1024w, https:\/\/2018.tallinnmusicweek.ee\/wp-content\/uploads\/2016\/12\/kaljulaid-300x200.jpg 300w, https:\/\/2018.tallinnmusicweek.ee\/wp-content\/uploads\/2016\/12\/kaljulaid-768x512.jpg 768w, https:\/\/2018.tallinnmusicweek.ee\/wp-content\/uploads\/2016\/12\/kaljulaid.jpg 2048w\" sizes=\"(max-width: 778px) 100vw, 778px\" \/><figcaption id=\"caption-attachment-1808\" class=\"wp-caption-text\"><em>President Kersti Kaljulaid \/ Kris S\u00fcld<\/em><\/figcaption><\/figure>\n"},{"acf_fc_layout":"quote","content":"<p>&#8220;K\u00f5ige muljetavaldavam oli hoolega koostatud konverentsi ja avalike vestluste programm. Enamik arutelusid erinesid tohutult formaalsetest ja ettearvatavatest arutluspaneelidest, mida muusikat\u00f6\u00f6stuse s\u00fcndmustel aasta l\u00e4bi kuuleb. TMW teemad ja k\u00f5nelejad olid sirgjoonelised, autentsed, ausad, n\u00f5udlikud ning v\u00e4ltisid poosetamist ja j\u00e4ikade seisukohtade v\u00f5tmist.\u201d<\/p>\n","name":"Ramin Sadighi (Hermes Records)"}]},"_links":{"self":[{"href":"https:\/\/2018.tallinnmusicweek.ee\/et\/wp-json\/wp\/v2\/pages\/673"}],"collection":[{"href":"https:\/\/2018.tallinnmusicweek.ee\/et\/wp-json\/wp\/v2\/pages"}],"about":[{"href":"https:\/\/2018.tallinnmusicweek.ee\/et\/wp-json\/wp\/v2\/types\/page"}],"author":[{"embeddable":true,"href":"https:\/\/2018.tallinnmusicweek.ee\/et\/wp-json\/wp\/v2\/users\/1"}],"replies":[{"embeddable":true,"href":"https:\/\/2018.tallinnmusicweek.ee\/et\/wp-json\/wp\/v2\/comments?post=673"}],"version-history":[{"count":33,"href":"https:\/\/2018.tallinnmusicweek.ee\/et\/wp-json\/wp\/v2\/pages\/673\/revisions"}],"predecessor-version":[{"id":4448,"href":"https:\/\/2018.tallinnmusicweek.ee\/et\/wp-json\/wp\/v2\/pages\/673\/revisions\/4448"}],"wp:featuredmedia":[{"embeddable":true,"href":"https:\/\/2018.tallinnmusicweek.ee\/et\/wp-json\/wp\/v2\/media\/1878"}],"wp:attachment":[{"href":"https:\/\/2018.tallinnmusicweek.ee\/et\/wp-json\/wp\/v2\/media?parent=673"}],"curies":[{"name":"wp","href":"https:\/\/api.w.org\/{rel}","templated":true}]}}