{"id":4724,"date":"2018-04-04T09:27:53","date_gmt":"2018-04-04T06:27:53","guid":{"rendered":"https:\/\/tmw.ee\/?page_id=4724"},"modified":"2018-04-04T09:53:03","modified_gmt":"2018-04-04T06:53:03","slug":"infolauad","status":"publish","type":"page","link":"https:\/\/2018.tallinnmusicweek.ee\/et\/infolauad\/","title":{"rendered":"Infolauad"},"content":{"rendered":"<p><strong>Nordic Hotel Forum<\/strong><\/p>\n<p>Nordic Hotel Forumi infopunkt on avatud:<\/p>\n<p>K 10.00\u201321.00<br \/>\nN 9.00\u201300.00<br \/>\nR 8.00\u201300.00<br \/>\nL 9.00\u201300.00<br \/>\nP 10.00\u201317.00<\/p>\n<p>Aadress: Viru v\u00e4ljak 3<\/p>\n<p><strong>Viru Keskus<\/strong><\/p>\n<p>Viru Keskuse infopunktis on v\u00f5imalik festivalipilet k\u00e4epaela vastu vahetada, k\u00fcsida infot TMW programmi kohta ja lugeda Postimehe TMW erilehte.\u00a0Lisaks saab nautida h\u00f5rku Kokomo k\u00e4sit\u00f6\u00f6kohvi, Lamuu valmistatud suus sulavat TMW j\u00e4\u00e4tist v\u00f5i v\u00e4rskelt pressitud HeyDay toormahla.<\/p>\n<p>E-L\u00a009.00\u201321.00<\/p>\n<p>Aadress: Viru v\u00e4ljak 4\/6<\/p>\n<p><strong>Kultuurikatel<\/strong><\/p>\n<p>Kultuurikatla infopunkt on avatud:<\/p>\n<p>R 9.00\u201317.30<br \/>\nL 9.30\u201317.30<\/p>\n<p>Aadress: P\u00f5hja puiestee 27a<\/p>\n<h5>KONTAKT<\/h5>\n<p>K\u00f5ik k\u00fcsimused: <a href=\"mailto:infodesk@tmw.ee\">infodesk@tmw.ee<\/a><br \/>\n24-tunnine festivali abiliin: +372 67 26 608<\/p>\n","protected":false},"excerpt":{"rendered":"<p>Nordic Hotel Forum Nordic Hotel Forumi infopunkt on avatud: K 10.00\u201321.00 N 9.00\u201300.00 R 8.00\u201300.00 L 9.00\u201300.00 P 10.00\u201317.00 Aadress: Viru v\u00e4ljak 3 Viru Keskus Viru Keskuse infopunktis on v\u00f5imalik festivalipilet k\u00e4epaela vastu vahetada, k\u00fcsida infot TMW programmi kohta ja lugeda Postimehe TMW erilehte.\u00a0Lisaks saab nautida h\u00f5rku Kokomo k\u00e4sit\u00f6\u00f6kohvi, Lamuu valmistatud suus sulavat TMW j\u00e4\u00e4tist [&hellip;]<\/p>\n","protected":false},"author":12,"featured_media":0,"parent":0,"menu_order":0,"comment_status":"closed","ping_status":"closed","template":"","meta":{"_monsterinsights_skip_tracking":false,"_monsterinsights_sitenote_active":false,"_monsterinsights_sitenote_note":"","_monsterinsights_sitenote_category":0},"acf":[],"_links":{"self":[{"href":"https:\/\/2018.tallinnmusicweek.ee\/et\/wp-json\/wp\/v2\/pages\/4724"}],"collection":[{"href":"https:\/\/2018.tallinnmusicweek.ee\/et\/wp-json\/wp\/v2\/pages"}],"about":[{"href":"https:\/\/2018.tallinnmusicweek.ee\/et\/wp-json\/wp\/v2\/types\/page"}],"author":[{"embeddable":true,"href":"https:\/\/2018.tallinnmusicweek.ee\/et\/wp-json\/wp\/v2\/users\/12"}],"replies":[{"embeddable":true,"href":"https:\/\/2018.tallinnmusicweek.ee\/et\/wp-json\/wp\/v2\/comments?post=4724"}],"version-history":[{"count":3,"href":"https:\/\/2018.tallinnmusicweek.ee\/et\/wp-json\/wp\/v2\/pages\/4724\/revisions"}],"predecessor-version":[{"id":4735,"href":"https:\/\/2018.tallinnmusicweek.ee\/et\/wp-json\/wp\/v2\/pages\/4724\/revisions\/4735"}],"wp:attachment":[{"href":"https:\/\/2018.tallinnmusicweek.ee\/et\/wp-json\/wp\/v2\/media?parent=4724"}],"curies":[{"name":"wp","href":"https:\/\/api.w.org\/{rel}","templated":true}]}}