{"id":2422,"date":"2017-03-21T11:01:04","date_gmt":"2017-03-21T09:01:04","guid":{"rendered":"http:\/\/tmw2018.localhost\/?page_id=2422\/"},"modified":"2018-04-06T15:13:31","modified_gmt":"2018-04-06T12:13:31","slug":"app","status":"publish","type":"page","link":"https:\/\/2018.tallinnmusicweek.ee\/et\/app\/","title":{"rendered":"\u00c4pp"},"content":{"rendered":"<h5>Tallinn Music Weeki mahukas programmis aitab orienteeruda nutikas mobiili\u00e4pp<\/h5>\n<p>Tallinn Music Weeki ametlik festivali mobiilirakendus tuleb 2018. aastal v\u00e4rske disaini ja veelgi nutikamana.\u00a0Eesti tehnoloogia-startupi <a href=\"http:\/\/www.festivality.co\/\">Festivality<\/a> mobiilsele platvormile ehitatud \u00e4pp\u00a0on k\u00fclastaja personaalne assistent ja teejuht taskus, v\u00f5imalusega leida k\u00f5ik festivali puudutav kiirelt ja mugavalt \u00fchest kohast.<\/p>\n<p><strong>Mida otse \u00e4ppis teha saab?<\/strong><\/p>\n<ul>\n<li>Tutvu festivali 250+ artistiga<\/li>\n<li>Kuula esinejate v\u00e4rskeimat muusikat, vaata videosid<\/li>\n<li>Koosta oma kava \u2013 \u00e4pp teavitab sind \u00f5igeaegselt<\/li>\n<li>Avasta festivali 70+ asukohta kaardil<\/li>\n<li>Leia kohad linnas kiiremini &#8211; otsi nime j\u00e4rgi<\/li>\n<li>Kaart aitab navigeerida kasutaja asukohast l\u00fchima teekonnaga sihtkohani<\/li>\n<li>Salvesta lemmikkohad ja lemmikartistid<\/li>\n<li>Ole kursis festivali info ja uudistega<\/li>\n<li>Tutvu kogu festivali programmiga<\/li>\n<li>S\u00fcnkroniseeri oma kava veebi ja \u00e4ppi vahel, lisades \u00fcritusi ja artiste m\u00f5lemas<\/li>\n<li>Saa koheselt teada kavamuudatustest ja ennetavalt kontserdikohtade t\u00e4ituvusest, lubades korraldaja teavitused \u00e4ppi<\/li>\n<li>Jaga enda festivali emotsioone s\u00f5pradega<\/li>\n<li>Shoppa otse \u00e4ppist turvalise ja innovatiivse \u00fche-kliki maksega\n<ul>\n<li>Festivali passe ja meeneid<\/li>\n<li>Eri\u00fcrituste ja \u00f5htus\u00f6\u00f6kide p\u00e4\u00e4smeid<\/li>\n<li>Artistide F\u00e4nnipoe muusikat ja kaupu<\/li>\n<\/ul>\n<\/li>\n<li>Tutvu Tallinna 30 parima restorani ja eripakkumistega Maitsete rubriigis<\/li>\n<\/ul>\n<p><strong>Lisaks saavad Tallinn Music Weeki konverentsi delegaadid \u00e4ppis:<\/strong><\/p>\n<ul>\n<li>Tutvuda konverentsi kavaga ja salvestada huvipakkuvad sessioonid<\/li>\n<li>Sirvida konverentsi k\u00f5nelejate nimekirja ja profiile<\/li>\n<\/ul>\n<h5>V\u00f5ta festival endaga taskus kaasa!<\/h5>\n<p>T\u00f5mba tasuta nutikas \u00e4pp<a href=\"https:\/\/itunes.apple.com\/us\/app\/tmw-tallinn-music-week\/id1084361490?l=et&amp;ls=1&amp;mt=8\" target=\"_blank\" rel=\"noopener\"> iPhonele<\/a> v\u00f5i <a href=\"https:\/\/play.google.com\/store\/apps\/details?id=co.festivality.tmw2018\" target=\"_blank\" rel=\"noopener\">Androidile<\/a>\u00a0v\u00f5i otsi m\u00e4rks\u00f5naga \u201eTallinn Music Week\u201c v\u00f5i \u201eTMW 2018\u201c Apple App Store ja Google Play poes.<\/p>\n","protected":false},"excerpt":{"rendered":"<p>Tallinn Music Weeki mahukas programmis aitab orienteeruda nutikas mobiili\u00e4pp Tallinn Music Weeki ametlik festivali mobiilirakendus tuleb 2018. aastal v\u00e4rske disaini ja veelgi nutikamana.\u00a0Eesti tehnoloogia-startupi Festivality mobiilsele platvormile ehitatud \u00e4pp\u00a0on k\u00fclastaja personaalne assistent ja teejuht taskus, v\u00f5imalusega leida k\u00f5ik festivali puudutav kiirelt ja mugavalt \u00fchest kohast. Mida otse \u00e4ppis teha saab? Tutvu festivali 250+ artistiga Kuula [&hellip;]<\/p>\n","protected":false},"author":5,"featured_media":4748,"parent":0,"menu_order":0,"comment_status":"closed","ping_status":"closed","template":"","meta":{"_monsterinsights_skip_tracking":false,"_monsterinsights_sitenote_active":false,"_monsterinsights_sitenote_note":"","_monsterinsights_sitenote_category":0},"acf":[],"_links":{"self":[{"href":"https:\/\/2018.tallinnmusicweek.ee\/et\/wp-json\/wp\/v2\/pages\/2422"}],"collection":[{"href":"https:\/\/2018.tallinnmusicweek.ee\/et\/wp-json\/wp\/v2\/pages"}],"about":[{"href":"https:\/\/2018.tallinnmusicweek.ee\/et\/wp-json\/wp\/v2\/types\/page"}],"author":[{"embeddable":true,"href":"https:\/\/2018.tallinnmusicweek.ee\/et\/wp-json\/wp\/v2\/users\/5"}],"replies":[{"embeddable":true,"href":"https:\/\/2018.tallinnmusicweek.ee\/et\/wp-json\/wp\/v2\/comments?post=2422"}],"version-history":[{"count":11,"href":"https:\/\/2018.tallinnmusicweek.ee\/et\/wp-json\/wp\/v2\/pages\/2422\/revisions"}],"predecessor-version":[{"id":4789,"href":"https:\/\/2018.tallinnmusicweek.ee\/et\/wp-json\/wp\/v2\/pages\/2422\/revisions\/4789"}],"wp:featuredmedia":[{"embeddable":true,"href":"https:\/\/2018.tallinnmusicweek.ee\/et\/wp-json\/wp\/v2\/media\/4748"}],"wp:attachment":[{"href":"https:\/\/2018.tallinnmusicweek.ee\/et\/wp-json\/wp\/v2\/media?parent=2422"}],"curies":[{"name":"wp","href":"https:\/\/api.w.org\/{rel}","templated":true}]}}