{"id":2178,"date":"2017-03-14T22:13:54","date_gmt":"2017-03-14T20:13:54","guid":{"rendered":"http:\/\/tmw2018.localhost\/?page_id=2178\/"},"modified":"2018-05-07T14:28:56","modified_gmt":"2018-05-07T11:28:56","slug":"artistiauhind","status":"publish","type":"page","link":"https:\/\/2018.tallinnmusicweek.ee\/et\/artistiauhind\/","title":{"rendered":"TMW Artistiauhind"},"content":{"rendered":"","protected":false},"excerpt":{"rendered":"","protected":false},"author":12,"featured_media":3776,"parent":0,"menu_order":0,"comment_status":"closed","ping_status":"closed","template":"template-modular.php","meta":{"_monsterinsights_skip_tracking":false,"_monsterinsights_sitenote_active":false,"_monsterinsights_sitenote_note":"","_monsterinsights_sitenote_category":0},"acf":{"modules":[{"acf_fc_layout":"lead","content":"<p>TMW 2018 parimaid artiste premeerivad Telia ja Telliskivi Loomelinnak.<\/p>\n<p>&nbsp;<\/p>\n"},{"acf_fc_layout":"regular_content","content":"<p>TMW artistiauhinna saajad selgitatakse v\u00e4lja nii festivali muusikaspetsialistidest delegaatide tagasiside p\u00f5hjal kui ka publikuh\u00e4\u00e4letuse abil k\u00f5ikide festivalil esinenud Eesti artistide seast. Telia ja Telliskivi Loomelinnaku poolt v\u00e4lja pandud auhinnafond kuulub enim poolh\u00e4\u00e4li saanud artisti(de)le.\u00a0Lisaks pakub muusikaekspordi kontor Music Estonia k\u00f5ikidele auhinnatud artistidele v\u00f5imalust osaleda programmis <a href=\"https:\/\/musicestonia.eu\/tegevused\/programmid\/intro\">INTRO<\/a>, mis aitab muusikutel lahendada jooksvaid praktilisi \u00fclesandeid.<\/p>\n<p>&nbsp;<\/p>\n<p><strong>TMW artistiauhinna v\u00f5itjad 2009\u20132018<\/strong><\/p>\n<p>2009: Popidiot<br \/>\n2010: Iiris<br \/>\n2011: Ewert and the Two Dragons<br \/>\n2012: Talbot<br \/>\n2013 Elephants From Neptune<br \/>\n2014: Odd Hugo<br \/>\n2015: Maarja Nuut<br \/>\n2016: I Wear* Experiment<br \/>\n2017: Mart Avi, Erki P\u00e4rnoja, NO\u00cbP<br \/>\n2018: Mart Avi, Mari Kalkun, Holy Motors<\/p>\n<p><strong>TMW ja Telia publikuh\u00e4\u00e4letuse v\u00f5itjad 2014\u20132017<\/strong><\/p>\n<p>2014: Metsakutsu (EE)<br \/>\n2015: BA (LT)<br \/>\n2016: Garbanotas Bosistas (LT)<br \/>\n2017: The Boondocks (EE)<\/p>\n"}]},"_links":{"self":[{"href":"https:\/\/2018.tallinnmusicweek.ee\/et\/wp-json\/wp\/v2\/pages\/2178"}],"collection":[{"href":"https:\/\/2018.tallinnmusicweek.ee\/et\/wp-json\/wp\/v2\/pages"}],"about":[{"href":"https:\/\/2018.tallinnmusicweek.ee\/et\/wp-json\/wp\/v2\/types\/page"}],"author":[{"embeddable":true,"href":"https:\/\/2018.tallinnmusicweek.ee\/et\/wp-json\/wp\/v2\/users\/12"}],"replies":[{"embeddable":true,"href":"https:\/\/2018.tallinnmusicweek.ee\/et\/wp-json\/wp\/v2\/comments?post=2178"}],"version-history":[{"count":34,"href":"https:\/\/2018.tallinnmusicweek.ee\/et\/wp-json\/wp\/v2\/pages\/2178\/revisions"}],"predecessor-version":[{"id":4939,"href":"https:\/\/2018.tallinnmusicweek.ee\/et\/wp-json\/wp\/v2\/pages\/2178\/revisions\/4939"}],"wp:featuredmedia":[{"embeddable":true,"href":"https:\/\/2018.tallinnmusicweek.ee\/et\/wp-json\/wp\/v2\/media\/3776"}],"wp:attachment":[{"href":"https:\/\/2018.tallinnmusicweek.ee\/et\/wp-json\/wp\/v2\/media?parent=2178"}],"curies":[{"name":"wp","href":"https:\/\/api.w.org\/{rel}","templated":true}]}}