{"id":1930,"date":"2017-03-02T10:07:58","date_gmt":"2017-03-02T08:07:58","guid":{"rendered":"http:\/\/tmw2018.localhost\/?page_id=1930\/"},"modified":"2018-04-01T14:18:38","modified_gmt":"2018-04-01T11:18:38","slug":"noored","status":"publish","type":"page","link":"https:\/\/2018.tallinnmusicweek.ee\/et\/festival\/noored\/","title":{"rendered":"TMW Noored"},"content":{"rendered":"","protected":false},"excerpt":{"rendered":"","protected":false},"author":12,"featured_media":4541,"parent":1071,"menu_order":0,"comment_status":"closed","ping_status":"closed","template":"template-modular.php","meta":{"_monsterinsights_skip_tracking":false,"_monsterinsights_sitenote_active":false,"_monsterinsights_sitenote_note":"","_monsterinsights_sitenote_category":0},"acf":{"modules":[{"acf_fc_layout":"lead","content":"<p>Tallinn Music Weeki noorteprogramm tuleb taas!<\/p>\n<p>Noortele suunatud ja noorte poolt korraldatud \u00fcritused toimuvad juba 3.-5. aprillil ning on m\u00f5eldud just 15-22-aastastele noortele, kuid kui tunned ennast noorena olenemata s\u00fcnniaastast, siis oled samuti k\u00f5igele meie \u00fcritustele oodatud. R\u00e4\u00e4gime kolme p\u00e4eva jooksul noori puudutavatest teemadest, nagu haridus, linnaruum ja ka k\u00fcberkiusamine ning suhtluskultuurid vene ja eesti keelt k\u00f5nelevate noorte vahel.<\/p>\n<p>Otseloomulikult ei j\u00e4\u00e4 \u00e4ra ka meeli k\u00fcttev muusikaprogramm!<\/p>\n<p>&nbsp;<\/p>\n"},{"acf_fc_layout":"regular_content","content":"<h5>NOORTE JUTUD<\/h5>\n<p>Teisip\u00e4ev, 3. aprill<br \/>\n16.00 Must Puudel (M\u00fc\u00fcrivahe 20)<br \/>\n<strong>Noorte Jutud: We don\u2019t need no education!<\/strong><\/p>\n<p>Milline on kool ja hariduss\u00fcsteem Eesti 200. juubelil? Kes on otsustajad hariduses ja millised on suhted \u00f5pilase ja \u00f5petaja vahel? Kas \u00f5pime paberilt v\u00f5i ekraanilt v\u00f5i siis ei \u00f5pigi? Millised on homsed lahendused t\u00e4nastele probleemidele?<\/p>\n<p>Moderaator: Marcus Ehasoo (Eesti \u00d5pilasesinduste Liidu juhatuse aseesimees)<\/p>\n<p>Panelistid:<br \/>\nAstrid Sildnik (Eesti \u00d5petajate Liidu juhatuse liige)<br \/>\nGrete Elmi ( Universal Music Baltics projektijuht)<br \/>\nPriit Kruus (Tallinna \u00dclikooli lektor)<br \/>\nArette Kuusev\u00e4li (Tallinna Mustam\u00e4e G\u00fcmnaasiumi abiturient)<\/p>\n<p>Vestlus on eesti keeles.<\/p>\n<p>Kolmap\u00e4ev, 4. aprill<br \/>\n16.00 Must Puudel (M\u00fc\u00fcrivahe 20)<br \/>\n<strong>Noorte jutud: Linn on meie!<\/strong><\/p>\n<p>K\u00f5ik on n\u00f5us, et linnaruum peab olema inims\u00f5bralik. Kuidas seda saavutada? Kas autoga liiklejate ja jalak\u00e4ijate vajadusi saab korraga t\u00e4ita? Mis rolli m\u00e4ngivad \u00fchistransport ja kergliiklusteed ning kuhu peaksid minema t\u00e4navasportlased? Kas peame keelama ajaloolise t\u00e4htsusega kohtades kergliiklusvahenditega liiklemise v\u00f5i igas linnaruumi kohas toetama loodust s\u00e4\u00e4stvaid transpordivahendeid? \u00dctle s\u00f5na sekka!<\/p>\n<p>Moderaator: Joosep K\u00e4\u00e4n (TMW Noor programmijuht)<\/p>\n<p>Panelistid:<br \/>\nKeerdtrepp (Youtuber)<br \/>\nT\u00f5nis Savi (arhitekt, Tallinn Bicycle Weeki ellukutsuja)<br \/>\nZ\u00fcleyxa Izmailova (Tallinna abilinnapea)<\/p>\n<p>Vestlus on eesti keeles.<\/p>\n<p>Neljap\u00e4ev 05.04<br \/>\n16.00<br \/>\n<strong>Bazar esitleb: T\u00e4helepanu, uksed on avanemas! #suurimjulgus<br \/>\n<\/strong>Must Puudel (M\u00fc\u00fcrivahe 20)<\/p>\n<p>Millised on barj\u00e4\u00e4rid vene ja eesti keelt k\u00f5nelevate noorte vahel internetisuhtluses? Kas ja kus tekivad konfliktid ning kuidas nendest \u00fcle saada? Millised on erinevused eesti ja vene keelt emakeelena k\u00f5nelevate noorte suhtluskultuurides? Kas ja kuidas eesti ja vene noored \u00fcldse omavahel suhtlevad ja mis seda esile kutsub? Kuidas saavad noored ise aidata kaasa vabale ja sallivale suhtlusele sotsiaalmeedias ja ka igap\u00e4eva elus? Mis on \u00fcldse 21. sajandi internetis suurim julgus, kas \u00e4ssitustele peaks astuma vastu v\u00f5i hoopis vaikima ja mitte vihavooluga kaasa minema?<\/p>\n<p>Moderaatorid: Valeria Lavrova (Bazaari korraldaja) ja Aleksandr \u017dem\u017eurov (ETV+ ja R4 saatejuht)<\/p>\n<p>Panelistid:<br \/>\nVictoria Villig (Youtuber)<br \/>\nAleks Sakson (Muusik)<br \/>\nRita R\u00e4tsepp (Ps\u00fchholoog)<br \/>\nEva Lennuk (Narva Eesti G\u00fcmnaasiumi abiturient)<\/p>\n<p>Vestlus on eesti ja vene keeles.<\/p>\n<p>&nbsp;<\/p>\n<p><img loading=\"lazy\" class=\"alignnone size-full wp-image-4537\" src=\"https:\/\/2018.tallinnmusicweek.ee\/wp-content\/uploads\/2018\/03\/33570566402_3ac8ab21f9_k.jpg\" alt=\"\" width=\"2048\" height=\"1400\" srcset=\"https:\/\/2018.tallinnmusicweek.ee\/wp-content\/uploads\/2018\/03\/33570566402_3ac8ab21f9_k.jpg 2048w, https:\/\/2018.tallinnmusicweek.ee\/wp-content\/uploads\/2018\/03\/33570566402_3ac8ab21f9_k-300x205.jpg 300w, https:\/\/2018.tallinnmusicweek.ee\/wp-content\/uploads\/2018\/03\/33570566402_3ac8ab21f9_k-768x525.jpg 768w, https:\/\/2018.tallinnmusicweek.ee\/wp-content\/uploads\/2018\/03\/33570566402_3ac8ab21f9_k-1024x700.jpg 1024w\" sizes=\"(max-width: 2048px) 100vw, 2048px\" \/><\/p>\n<h5>Tuled peale! noorte\u00f5htu<\/h5>\n<p>Neljap\u00e4ev, 5. aprill, 19-23.00<br \/>\nLiivalaia Uuskasutuskeskus (Liivalaia 29)<br \/>\nPilet: 5\u20ac<\/p>\n<p>TMW Noored programmile paneb punkti noorte korraldatud pidu Liivalaia Uuskasutuskeskuseses.<br \/>\nSeikle s\u00f5pradega teise ringi kaupade vahel, tee k\u00f5ige khuulimad selfie&#8217;id #suurimjulgus fotoseina taustal ning saa osa b\u00e4ndidest ja dj-st.<\/p>\n<p>19.00 Doors<br \/>\n19.30 Propazha (EE)<br \/>\n20.15 Hommage (EE)<br \/>\n21.00 myspace01 (EE)<\/p>\n"},{"acf_fc_layout":"regular_content","content":"<p><em>TMW Noored programm sai alguse 2017. aastal. TMW 2017 noorteprogrammi korraldajad olid keskkooli \u00f5pilased, vanuses 15-19, kes kohtusid esimest korda TL\u00dc \u00d5pilasakadeemias, kus neile tutvustati BFMi ristmeedia tootmise \u00f5ppekava. Kursuse l\u00f5put\u00f6\u00f6ks oli Tallinn Music Weekile noorte fookusega turundusplaani koostamine. Noorte ideed olid niiv\u00f5rd tugevad, et palusime neil v\u00f5tta \u00fcle TMW noorte programmi korraldus.<\/em><\/p>\n<p>TMW Noored 2018 tiim on: Joosep K\u00e4\u00e4n (programmijuht),\u00a0Anet \u00d5unpuu, Keidi-Tekla M\u00e4nnik, Arles Kr\u00e4mann, Karoliine Olle, Micaela Saraceno, Niina Ulfsak, Merili Laur, Melmariin Salum\u00e4e, Evelin Dreifeldt, Liisa Uibo, Arette Kuusev\u00e4li, Kristina Rovenskaja, Heleriin Veeber, Karmen Lusikas, Nikita Hmelnitski ja Anett Veske.<\/p>\n"}]},"_links":{"self":[{"href":"https:\/\/2018.tallinnmusicweek.ee\/et\/wp-json\/wp\/v2\/pages\/1930"}],"collection":[{"href":"https:\/\/2018.tallinnmusicweek.ee\/et\/wp-json\/wp\/v2\/pages"}],"about":[{"href":"https:\/\/2018.tallinnmusicweek.ee\/et\/wp-json\/wp\/v2\/types\/page"}],"author":[{"embeddable":true,"href":"https:\/\/2018.tallinnmusicweek.ee\/et\/wp-json\/wp\/v2\/users\/12"}],"replies":[{"embeddable":true,"href":"https:\/\/2018.tallinnmusicweek.ee\/et\/wp-json\/wp\/v2\/comments?post=1930"}],"version-history":[{"count":30,"href":"https:\/\/2018.tallinnmusicweek.ee\/et\/wp-json\/wp\/v2\/pages\/1930\/revisions"}],"predecessor-version":[{"id":4611,"href":"https:\/\/2018.tallinnmusicweek.ee\/et\/wp-json\/wp\/v2\/pages\/1930\/revisions\/4611"}],"up":[{"embeddable":true,"href":"https:\/\/2018.tallinnmusicweek.ee\/et\/wp-json\/wp\/v2\/pages\/1071"}],"wp:featuredmedia":[{"embeddable":true,"href":"https:\/\/2018.tallinnmusicweek.ee\/et\/wp-json\/wp\/v2\/media\/4541"}],"wp:attachment":[{"href":"https:\/\/2018.tallinnmusicweek.ee\/et\/wp-json\/wp\/v2\/media?parent=1930"}],"curies":[{"name":"wp","href":"https:\/\/api.w.org\/{rel}","templated":true}]}}