{"id":1438,"date":"2017-02-01T07:05:23","date_gmt":"2017-02-01T05:05:23","guid":{"rendered":"http:\/\/tmw.ee\/?page_id=1438\/"},"modified":"2018-04-06T07:17:17","modified_gmt":"2018-04-06T04:17:17","slug":"lasteprogramm","status":"publish","type":"page","link":"https:\/\/2018.tallinnmusicweek.ee\/et\/festival\/lasteprogramm\/","title":{"rendered":"Lasteprogramm"},"content":{"rendered":"","protected":false},"excerpt":{"rendered":"","protected":false},"author":5,"featured_media":1949,"parent":1071,"menu_order":0,"comment_status":"closed","ping_status":"closed","template":"template-modular.php","meta":{"_monsterinsights_skip_tracking":false,"_monsterinsights_sitenote_active":false,"_monsterinsights_sitenote_note":"","_monsterinsights_sitenote_category":0},"acf":{"modules":[{"acf_fc_layout":"lead","content":"<p>TMW lasteprogramm on 7-16aastastele koolilastele suunatud muusikas\u00fcndmus, mille eesm\u00e4rgiks on anda lastele v\u00f5imalus osaleda t\u00f6\u00f6tubades, luua koos uute tuttavatega midagi p\u00f5nevat ning saada ehe kontserdielamus.\u00a08. aprillil toimuva programmi esitleja on Eesti Lastekirjanduse Keskus.<\/p>\n"},{"acf_fc_layout":"regular_content","content":"<p><strong>TMW\u00a02017 lasteprogramm ERR Lastejaama vahendusel:<\/strong><\/p>\n<p><a href=\"http:\/\/iframe%20style=width:%20670px;%20height:%20377px;%20src=\/\/services.err.ee\/media\/embed\/665837%20frameborder=0%20mozallowfullscreen%20webkitallowfullscreen%20allowfullscreen\/iframe\"><iframe loading=\"lazy\" style=\"width: 670px; height: 377px;\" src=\"\/\/services.err.ee\/media\/embed\/665837\" width=\"300\" height=\"150\" frameborder=\"0\" allowfullscreen=\"allowfullscreen\"><\/iframe><\/a><\/p>\n<p>Lisaks muusikalistele t\u00f6\u00f6tubadele on t\u00e4navuses laiendatud programmis ka lastekirjanik K\u00e4tlin Vainola, kes viib l\u00e4bi loovkirjutamise t\u00f6\u00f6tuba ning illustraator Kertu Sillaste, kelle juhendamisel saavad soovijad ise plaadi\u00fcmbriseid kujundada.<\/p>\n<p>TMW lasteprogrammi juhatab sisse laup\u00e4eva hommikul toimuv Kahvliahvi kokakool, kus saab ise \u00e4geda hommikupudru disainida. P\u00fchap\u00e4ev algab Silver Sepa fantaasiarikka kontserdiga, milles pannakse k\u00f5lama nii jalgratta rattad kui naelapill.<\/p>\n<p>Mitmek\u00fclgne programm toob kokku lapsed, vanemad ja s\u00f5brad, et \u00fchiselt muusikamaailmaga l\u00e4hemat tutvust teha, saada innustust ja tagasisidet professionaalidelt ning vahetut emotsiooni isetegemisest. Lapsed saavad p\u00e4eva jooksul osaleda kolmes erinevas t\u00f6\u00f6toas, milles peamine on inspireeriv \u00f5hkkond ja v\u00e4\u00e4rt kogemused omavahelisest suhtlemisest muusika kaudu.<\/p>\n<p><strong>Registreerumine t\u00f6\u00f6tubadesse toimub alates 11.30 kohapeal.\u00a0<\/strong>TMW lasteprogrammi t\u00f6\u00f6tubades osalemine on k\u00f5ikidele huvilistele tasuta. Lasteprogramm on suunatud 7-16 aastastele koolilastele, kuid oodatud on liituma ja koos lastega tegutsema ka lapsevanemad.<\/p>\n<figure id=\"attachment_1895\" aria-describedby=\"caption-attachment-1895\" style=\"width: 783px\" class=\"wp-caption alignnone\"><img loading=\"lazy\" class=\"wp-image-1895\" src=\"https:\/\/2018.tallinnmusicweek.ee\/wp-content\/uploads\/2017\/01\/kids-1024x683.jpg\" width=\"783\" height=\"522\" srcset=\"https:\/\/2018.tallinnmusicweek.ee\/wp-content\/uploads\/2017\/01\/kids-1024x683.jpg 1024w, https:\/\/2018.tallinnmusicweek.ee\/wp-content\/uploads\/2017\/01\/kids-300x200.jpg 300w, https:\/\/2018.tallinnmusicweek.ee\/wp-content\/uploads\/2017\/01\/kids-768x512.jpg 768w, https:\/\/2018.tallinnmusicweek.ee\/wp-content\/uploads\/2017\/01\/kids.jpg 2048w\" sizes=\"(max-width: 783px) 100vw, 783px\" \/><figcaption id=\"caption-attachment-1895\" class=\"wp-caption-text\"><em>Lapsed reivivad \/ T\u00f5nu Tunnel<\/em><\/figcaption><\/figure>\n<p>&nbsp;<\/p>\n<h5><strong>LASTEPROGRAMMI KAVA<br \/>\n<\/strong><\/h5>\n<p><strong>Laup\u00e4ev, 7. aprill<\/strong><br \/>\n<strong>11.00\u201313.00<\/strong> Kahvliahvi kokakool TMW pop-up restoranis Disaini- ja arhitektuurigaleriis (<a href=\"https:\/\/www.google.ee\/maps\/place\/Design+and+Architecture+Gallery\/@59.4354441,24.7466619,17z\/data=!3m1!4b1!4m5!3m4!1s0x46929361de70653b:0x493e643485ff17fb!8m2!3d59.4354441!4d24.7488506\">P\u00e4rnu mnt 6<\/a>)<\/p>\n<p><strong>P\u00fchap\u00e4ev, 8. aprill<\/strong><br \/>\n<strong>T\u00f6\u00f6toad Eesti Lastekirjanduse Keskuses (<a href=\"https:\/\/www.google.ee\/maps\/place\/Estonian+Children's+Literature+Centre\/@59.4423402,24.7466578,17z\/data=!3m1!4b1!4m5!3m4!1s0x469293646eeb1333:0x3b5834b765c58dfa!8m2!3d59.4423402!4d24.7488465\">Pikk 73<\/a>)<\/strong><\/p>\n<p><strong>12.00<\/strong> TMW Lastelava avakontsert: Silver Sepp<br \/>\n<strong>13.00\u201313.50<\/strong> T\u00f6\u00f6toad: Silver Sepp, K\u00e4tlin Vainola, Heidy Purga, Taavi Tulev, Kertu Sillaste<br \/>\n<strong>13.50\u201314.00<\/strong> Vaheaeg<br \/>\n<strong>14.00\u201315.00<\/strong> T\u00f6\u00f6toad: Andre Maaker, Genka, Vaj\u00e9, Taavi Tulev, Kertu Sillaste<\/p>\n<h5>T\u00d6\u00d6TUBADE TUTVUSTUSED<\/h5>\n<p><strong>Laup\u00e4ev, 7. aprill<\/strong><\/p>\n<p><strong>Kahvliahvi kokakool<\/strong><\/p>\n<p>Ajavahemikus kell 11\u201313 saab TMW pop-up kohvikust kahvliahvikeste pudrulabor, kuhu on oodatud k\u00f5ik huvilised pered! Tehakse pudrudisaini ja vahetatakse k\u00f5ige \u00e4gedamate putrude ideid. On pudrubarokiaeg!<\/p>\n<figure id=\"attachment_4083\" aria-describedby=\"caption-attachment-4083\" style=\"width: 960px\" class=\"wp-caption alignnone\"><img loading=\"lazy\" class=\"wp-image-4083 size-full\" src=\"https:\/\/2018.tallinnmusicweek.ee\/wp-content\/uploads\/2018\/03\/kahvliahvid.jpg\" alt=\"\" width=\"960\" height=\"640\" srcset=\"https:\/\/2018.tallinnmusicweek.ee\/wp-content\/uploads\/2018\/03\/kahvliahvid.jpg 960w, https:\/\/2018.tallinnmusicweek.ee\/wp-content\/uploads\/2018\/03\/kahvliahvid-300x200.jpg 300w, https:\/\/2018.tallinnmusicweek.ee\/wp-content\/uploads\/2018\/03\/kahvliahvid-768x512.jpg 768w\" sizes=\"(max-width: 960px) 100vw, 960px\" \/><figcaption id=\"caption-attachment-4083\" class=\"wp-caption-text\"><em>Kahvliahvid<\/em><\/figcaption><\/figure>\n<p>&nbsp;<\/p>\n<p><strong>P\u00fchap\u00e4ev, 8. aprill<\/strong><\/p>\n<p><strong>Silver Sepp: kontsert<\/strong><\/p>\n<p>Silver Sepp tuleb, kaasas naelapillid, kanalisatsioonitorud, jalgratta rattad ja muud aborigeensed algheli-pillid, kuid v\u00f5ibolla toob ta kontserdil p\u00e4evavalgele m\u00f5ne teepealt leitud tirina v\u00f5i kumina, mida praegu veel tema kummaliste muusikainstrumentide hulgas ei ole. Laval segunevad fantaasiapillid Silveri autorilaulude ja improvisatsioonidega, mida t\u00e4iendavad ambientsed kajakarjed, juhul kui m\u00f5ni peaks akendest m\u00f6\u00f6da lendama.<\/p>\n<figure id=\"attachment_4044\" aria-describedby=\"caption-attachment-4044\" style=\"width: 1024px\" class=\"wp-caption alignnone\"><img loading=\"lazy\" class=\"wp-image-4044 size-large\" src=\"https:\/\/2018.tallinnmusicweek.ee\/wp-content\/uploads\/2018\/03\/Silver-Sepp-1024x683.jpg\" alt=\"\" width=\"1024\" height=\"683\" srcset=\"https:\/\/2018.tallinnmusicweek.ee\/wp-content\/uploads\/2018\/03\/Silver-Sepp-1024x683.jpg 1024w, https:\/\/2018.tallinnmusicweek.ee\/wp-content\/uploads\/2018\/03\/Silver-Sepp-300x200.jpg 300w, https:\/\/2018.tallinnmusicweek.ee\/wp-content\/uploads\/2018\/03\/Silver-Sepp-768x512.jpg 768w, https:\/\/2018.tallinnmusicweek.ee\/wp-content\/uploads\/2018\/03\/Silver-Sepp.jpg 1455w\" sizes=\"(max-width: 1024px) 100vw, 1024px\" \/><figcaption id=\"caption-attachment-4044\" class=\"wp-caption-text\"><em>Silver Sepp<\/em><\/figcaption><\/figure>\n<p>&nbsp;<\/p>\n<p><strong>Silver Sepp: fantaasiapillide t\u00f6\u00f6tuba<\/strong><\/p>\n<p>Muusika on k\u00f5ikjal. Ta hiilib su aknavahelt sisse tuulehoogude ja ulumisega, hakkab kumisema trepiastmeid pidi k\u00f5ndides, heliseb k\u00f6\u00f6gis ema pottides ja kaussides. Muusikat on mitmesugust. M\u00f5ne jaoks m\u00fcrgel ja madistamine, m\u00f5ne jaoks vaikusest algav kuulamine ja kaasa laulmine. Silver Sepa t\u00f6\u00f6toas kuulatakse asjade sisse, millel ei paista esmapilgul muusikaga mingit seost olevat. Otsitakse koos vaikuse s\u00fcmfooniat ja luuakse maailma helinate saateks s\u00f5nu ja lauluviise.<\/p>\n<figure id=\"attachment_4045\" aria-describedby=\"caption-attachment-4045\" style=\"width: 1024px\" class=\"wp-caption alignnone\"><img loading=\"lazy\" class=\"wp-image-4045 size-large\" src=\"https:\/\/2018.tallinnmusicweek.ee\/wp-content\/uploads\/2018\/03\/Taavi-Tulev-1024x683.jpg\" alt=\"\" width=\"1024\" height=\"683\" srcset=\"https:\/\/2018.tallinnmusicweek.ee\/wp-content\/uploads\/2018\/03\/Taavi-Tulev-1024x683.jpg 1024w, https:\/\/2018.tallinnmusicweek.ee\/wp-content\/uploads\/2018\/03\/Taavi-Tulev-300x200.jpg 300w, https:\/\/2018.tallinnmusicweek.ee\/wp-content\/uploads\/2018\/03\/Taavi-Tulev-768x512.jpg 768w, https:\/\/2018.tallinnmusicweek.ee\/wp-content\/uploads\/2018\/03\/Taavi-Tulev.jpg 2048w\" sizes=\"(max-width: 1024px) 100vw, 1024px\" \/><figcaption id=\"caption-attachment-4045\" class=\"wp-caption-text\"><em>Taavi Tulev. Foto: Eve Saar<\/em><\/figcaption><\/figure>\n<p>&nbsp;<\/p>\n<p><strong>Taavi Tulev: helide t\u00f6\u00f6tuba<\/strong><\/p>\n<p>Taavi Tulev on elektronmuusik, loodushelide salvestaja, ta kujundab helidega\u00a0ruume. Peamiselt puutub ta kokku s\u00fcntesaatorite, mikrofonide ning erineva helisalvestuse ning t\u00f6\u00f6tlusega. T\u00f6\u00f6toas tutvustab Taavi \u00fcht lihtsat viisi, kuidas luua elektrooniline\u00a0interaktiivne heliinstallatsioon. See on heliinstallatsioon, mida inimesed saavad k\u00e4tega katsuda ja see reageerib vastavalt puudutusele.\u00a0<a href=\"https:\/\/www.youtube.com\/watch?v=UrBLSUpHb0g\">Vaata l\u00e4hemalt siit.<\/a><\/p>\n<figure id=\"attachment_4049\" aria-describedby=\"caption-attachment-4049\" style=\"width: 1024px\" class=\"wp-caption alignnone\"><img loading=\"lazy\" class=\"wp-image-4049 size-large\" src=\"https:\/\/2018.tallinnmusicweek.ee\/wp-content\/uploads\/2018\/03\/Heidy-Purga-1024x683.jpg\" alt=\"\" width=\"1024\" height=\"683\" srcset=\"https:\/\/2018.tallinnmusicweek.ee\/wp-content\/uploads\/2018\/03\/Heidy-Purga-1024x683.jpg 1024w, https:\/\/2018.tallinnmusicweek.ee\/wp-content\/uploads\/2018\/03\/Heidy-Purga-300x200.jpg 300w, https:\/\/2018.tallinnmusicweek.ee\/wp-content\/uploads\/2018\/03\/Heidy-Purga-768x512.jpg 768w, https:\/\/2018.tallinnmusicweek.ee\/wp-content\/uploads\/2018\/03\/Heidy-Purga.jpg 2048w\" sizes=\"(max-width: 1024px) 100vw, 1024px\" \/><figcaption id=\"caption-attachment-4049\" class=\"wp-caption-text\"><em>Heidi Purga. Foto: Sirli Kirst<\/em><\/figcaption><\/figure>\n<p>&nbsp;<\/p>\n<p><strong>Heidy Purga: DJ-t\u00f6\u00f6tuba<\/strong><\/p>\n<p>DJ t\u00f6\u00f6toas saab n\u00e4ha ja proovida DJ ametit. K\u00f5ik saavad k\u00e4tt proovida nii vin\u00fc\u00fclim\u00e4ngijatel ja teistel elektroonilistel masinatel ja muidugi ka DJ mikserpuldil, et laule kokku miksida.<\/p>\n<figure id=\"attachment_4043\" aria-describedby=\"caption-attachment-4043\" style=\"width: 427px\" class=\"wp-caption alignnone\"><img loading=\"lazy\" class=\"wp-image-4043 size-full\" src=\"https:\/\/2018.tallinnmusicweek.ee\/wp-content\/uploads\/2018\/03\/Kertu-Sillaste.jpeg\" alt=\"\" width=\"427\" height=\"640\" srcset=\"https:\/\/2018.tallinnmusicweek.ee\/wp-content\/uploads\/2018\/03\/Kertu-Sillaste.jpeg 427w, https:\/\/2018.tallinnmusicweek.ee\/wp-content\/uploads\/2018\/03\/Kertu-Sillaste-200x300.jpeg 200w\" sizes=\"(max-width: 427px) 100vw, 427px\" \/><figcaption id=\"caption-attachment-4043\" class=\"wp-caption-text\"><em>Kertu Sillaste<\/em><\/figcaption><\/figure>\n<p>&nbsp;<\/p>\n<p><strong>Kertu Sillaste: plaadi\u00fcmbrise t\u00f6\u00f6tuba<\/strong><\/p>\n<p>Kertu Sillaste on illustraator ja kunsti\u00f5petaja, kes juhib ka Eesti Lastekirjanduse Keskuse kunstikambrit. Tema juhendamisel tuleb \u00fcleilmsele t\u00e4helennule hoogu juurde andev kunstit\u00f6\u00f6 iga\u00fchel h\u00e4sti v\u00e4lja. Kasutades \u00fcht vana ja t\u00f5husat tehnikat saab sel korral luua\u00a0plaadi\u00fcmbrise\u00a0oma Tallinn Music Week lemmikesinejale. Lastekirjanduse keskuse p\u00f6\u00f6ningul ootab selleks puhuks hulk \u00e4gedaid t\u00f6\u00f6vahendeid ja -materjale.<\/p>\n<figure id=\"attachment_4050\" aria-describedby=\"caption-attachment-4050\" style=\"width: 951px\" class=\"wp-caption alignnone\"><img loading=\"lazy\" class=\"wp-image-4050 size-full\" src=\"https:\/\/2018.tallinnmusicweek.ee\/wp-content\/uploads\/2018\/03\/K\u00e4tlin-Vainola.jpeg\" alt=\"\" width=\"951\" height=\"634\" srcset=\"https:\/\/2018.tallinnmusicweek.ee\/wp-content\/uploads\/2018\/03\/K\u00e4tlin-Vainola.jpeg 951w, https:\/\/2018.tallinnmusicweek.ee\/wp-content\/uploads\/2018\/03\/K\u00e4tlin-Vainola-300x200.jpeg 300w, https:\/\/2018.tallinnmusicweek.ee\/wp-content\/uploads\/2018\/03\/K\u00e4tlin-Vainola-768x512.jpeg 768w\" sizes=\"(max-width: 951px) 100vw, 951px\" \/><figcaption id=\"caption-attachment-4050\" class=\"wp-caption-text\"><em>K\u00e4tlin Vainola<\/em><\/figcaption><\/figure>\n<p>&nbsp;<\/p>\n<p><strong>K\u00e4tlin Vainola: loovkirjutamise t\u00f6\u00f6tuba<\/strong><\/p>\n<p>Kui klaveril oleks pliiats, siis millise luuletuse ta kirjutaks? Kuidas v\u00f5iks k\u00f5lada heliredel paberil? Mida r\u00e4\u00e4gib vihm? Mida vastab tuul? K\u00e4tlin Vainolaga aitab otsida k\u00f5ikv\u00f5imalikke nippe, kuidas t\u00f5lkida helisid s\u00f5nadesse ning panna kirja muusikast s\u00fcndivaid tundeid ja m\u00f5tteid.\u00a0K\u00e4tlin Vainola on armastatud lastekirjanik, kes juhendab ka lastekirjanduse keskuse loovkirjutamise huviringi tegevust.<\/p>\n<figure id=\"attachment_4047\" aria-describedby=\"caption-attachment-4047\" style=\"width: 1024px\" class=\"wp-caption alignnone\"><img loading=\"lazy\" class=\"wp-image-4047 size-large\" src=\"https:\/\/2018.tallinnmusicweek.ee\/wp-content\/uploads\/2018\/03\/Andre-Maaker-1024x899.jpg\" alt=\"\" width=\"1024\" height=\"899\" srcset=\"https:\/\/2018.tallinnmusicweek.ee\/wp-content\/uploads\/2018\/03\/Andre-Maaker-1024x899.jpg 1024w, https:\/\/2018.tallinnmusicweek.ee\/wp-content\/uploads\/2018\/03\/Andre-Maaker-300x263.jpg 300w, https:\/\/2018.tallinnmusicweek.ee\/wp-content\/uploads\/2018\/03\/Andre-Maaker-768x674.jpg 768w, https:\/\/2018.tallinnmusicweek.ee\/wp-content\/uploads\/2018\/03\/Andre-Maaker.jpg 1453w\" sizes=\"(max-width: 1024px) 100vw, 1024px\" \/><figcaption id=\"caption-attachment-4047\" class=\"wp-caption-text\"><em>Andre Maaker<\/em><\/figcaption><\/figure>\n<p>&nbsp;<\/p>\n<p><strong>Andre Maaker: ukulele t\u00f6\u00f6tuba<\/strong><\/p>\n<p>Mitmek\u00fclgne kitarrist Andre Maaker jagab lastele (ja miks mitte ka nende vanematele) oma pillim\u00e4nguoskusi ja lugusid. T\u00f6\u00f6toas tutvutakse ukulelega ja \u00f5pitakse koos \u00e4ra \u00fche loo meloodia ja akordisaade. Eelnev pillim\u00e4nguoskus ei ole oluline. Kaasa v\u00f5ta v\u00f5imalusel oma pill.\u00a0T\u00f6\u00f6tuba saab olema h\u00f5rk ja vaba nagu p\u00fchap\u00e4eva p\u00e4rastl\u00f5una. Ukuleled\u00a0toob kaasam\u00e4ngimiseks\u00a0Stanford Music.<\/p>\n<figure id=\"attachment_4046\" aria-describedby=\"caption-attachment-4046\" style=\"width: 1000px\" class=\"wp-caption alignnone\"><img loading=\"lazy\" class=\"wp-image-4046 size-full\" src=\"https:\/\/2018.tallinnmusicweek.ee\/wp-content\/uploads\/2018\/03\/Vaje.jpg\" alt=\"\" width=\"1000\" height=\"667\" srcset=\"https:\/\/2018.tallinnmusicweek.ee\/wp-content\/uploads\/2018\/03\/Vaje.jpg 1000w, https:\/\/2018.tallinnmusicweek.ee\/wp-content\/uploads\/2018\/03\/Vaje-300x200.jpg 300w, https:\/\/2018.tallinnmusicweek.ee\/wp-content\/uploads\/2018\/03\/Vaje-768x512.jpg 768w\" sizes=\"(max-width: 1000px) 100vw, 1000px\" \/><figcaption id=\"caption-attachment-4046\" class=\"wp-caption-text\"><em>Vaj\u00e9<\/em><\/figcaption><\/figure>\n<p>&nbsp;<\/p>\n<p><strong>Vaj\u00e9: popmuusika t\u00f6\u00f6tuba<\/strong><\/p>\n<p>Vaj\u00e9 ehk \u201eViljandist armeenlane ja eestlane\u201d said tuule tiibadesse Eesti Laulul ning jagavad oma m\u00f5tteid muusika loomisest ja produtseerimisest. Koos tehakse biite ja uuritakse, kust ja kuidas lood tulevad.<\/p>\n<figure id=\"attachment_4048\" aria-describedby=\"caption-attachment-4048\" style=\"width: 684px\" class=\"wp-caption alignnone\"><img loading=\"lazy\" class=\"wp-image-4048 size-large\" src=\"https:\/\/2018.tallinnmusicweek.ee\/wp-content\/uploads\/2018\/03\/Genka-684x1024.jpg\" alt=\"\" width=\"684\" height=\"1024\" srcset=\"https:\/\/2018.tallinnmusicweek.ee\/wp-content\/uploads\/2018\/03\/Genka-684x1024.jpg 684w, https:\/\/2018.tallinnmusicweek.ee\/wp-content\/uploads\/2018\/03\/Genka-200x300.jpg 200w, https:\/\/2018.tallinnmusicweek.ee\/wp-content\/uploads\/2018\/03\/Genka-768x1150.jpg 768w, https:\/\/2018.tallinnmusicweek.ee\/wp-content\/uploads\/2018\/03\/Genka.jpg 1669w\" sizes=\"(max-width: 684px) 100vw, 684px\" \/><figcaption id=\"caption-attachment-4048\" class=\"wp-caption-text\"><em>Genka<\/em><\/figcaption><\/figure>\n<p>&nbsp;<\/p>\n<p><strong>Genka: r\u00e4pi t\u00f6\u00f6tuba<\/strong><\/p>\n<p>Genkaga koos selgitatakse v\u00e4lja, mis r\u00e4pmuusika ja hiphop on. Miks riimide tegemine ja luuletamine lahe on?\u00a0Kuidas ja millest \u00fchte r\u00e4pilugu teha?\u00a0Eelnevalt v\u00f5ib v\u00e4lja m\u00f5elda mingeid lahedaid riime v\u00f5i riimuvaid s\u00f5nu. Kaasa v\u00f5tta julgus, uudishimu ning paber ja pliiats.\u00a0Prooviks koos \u00fche \u00e4geda r\u00e4piloo teha? Henry K\u00f5rvits ehk artistinimega GENKA, on Eestis \u00fcks tuntumaid hiphop artiste, kes on tegutsenud muusikamaastikul juba \u00fcle 20 aasta.<\/p>\n<p>Lasteprogrammiga soovitakse t\u00e4helepanu juhtida koolilaste muusikaharrastusele laiemalt ning sellele, et ligip\u00e4\u00e4s muusikale peab olema tagatud k\u00f5igile nii erinevatest vanusegruppidest, kogukondadest kui keelekeskkondadest p\u00e4rit inimestele.<\/p>\n<p>TMW 2018 lasteprogrammi koost\u00f6\u00f6partnerid on Eesti Lastekirjanduse Keskus, ERR, Hasartm\u00e4ngumaksu N\u00f5ukogu, Stanford Music ning huvi- ja muusikakoolid u\u0308le Eesti.<\/p>\n"}]},"_links":{"self":[{"href":"https:\/\/2018.tallinnmusicweek.ee\/et\/wp-json\/wp\/v2\/pages\/1438"}],"collection":[{"href":"https:\/\/2018.tallinnmusicweek.ee\/et\/wp-json\/wp\/v2\/pages"}],"about":[{"href":"https:\/\/2018.tallinnmusicweek.ee\/et\/wp-json\/wp\/v2\/types\/page"}],"author":[{"embeddable":true,"href":"https:\/\/2018.tallinnmusicweek.ee\/et\/wp-json\/wp\/v2\/users\/5"}],"replies":[{"embeddable":true,"href":"https:\/\/2018.tallinnmusicweek.ee\/et\/wp-json\/wp\/v2\/comments?post=1438"}],"version-history":[{"count":53,"href":"https:\/\/2018.tallinnmusicweek.ee\/et\/wp-json\/wp\/v2\/pages\/1438\/revisions"}],"predecessor-version":[{"id":4778,"href":"https:\/\/2018.tallinnmusicweek.ee\/et\/wp-json\/wp\/v2\/pages\/1438\/revisions\/4778"}],"up":[{"embeddable":true,"href":"https:\/\/2018.tallinnmusicweek.ee\/et\/wp-json\/wp\/v2\/pages\/1071"}],"wp:featuredmedia":[{"embeddable":true,"href":"https:\/\/2018.tallinnmusicweek.ee\/et\/wp-json\/wp\/v2\/media\/1949"}],"wp:attachment":[{"href":"https:\/\/2018.tallinnmusicweek.ee\/et\/wp-json\/wp\/v2\/media?parent=1438"}],"curies":[{"name":"wp","href":"https:\/\/api.w.org\/{rel}","templated":true}]}}