{"id":1353,"date":"2017-02-01T07:00:20","date_gmt":"2017-02-01T05:00:20","guid":{"rendered":"http:\/\/tmw.ee\/?page_id=1353\/"},"modified":"2018-04-01T14:45:23","modified_gmt":"2018-04-01T11:45:23","slug":"film","status":"publish","type":"page","link":"https:\/\/2018.tallinnmusicweek.ee\/et\/festival\/film\/","title":{"rendered":"Film"},"content":{"rendered":"","protected":false},"excerpt":{"rendered":"","protected":false},"author":1,"featured_media":1345,"parent":1071,"menu_order":0,"comment_status":"closed","ping_status":"closed","template":"template-modular.php","meta":{"_monsterinsights_skip_tracking":false,"_monsterinsights_sitenote_active":false,"_monsterinsights_sitenote_note":"","_monsterinsights_sitenote_category":0},"acf":{"modules":[{"acf_fc_layout":"lead","content":"<p>M\u00f5\u00f5tmatu inimvool, ebamugavad t\u00f5ed ja elust suuremad rokkstaarid &#8211; TMW filmiprogramm toimub <a href=\"https:\/\/2018.tallinnmusicweek.ee\/et\/kohad\/soprus-cinema\">Kinos S\u00f5prus<\/a>\u00a0esmasp\u00e4evast, 2. aprillist kuni reede, 6. aprillini. Filmid linastuvad esmasp\u00e4evast kolmap\u00e4evani kell 21.00 ja neljap\u00e4evast reedeni kell 19.00.<\/p>\n"},{"acf_fc_layout":"regular_content","content":"<h4>Kava<\/h4>\n<p><strong>An Inconvenient Sequel<br \/>\n<\/strong>Esmasp\u00e4ev, 2. aprill kell 21.00<\/p>\n<p>2006. aastat m\u00e4letad? Kliimamuutustega oli siis nii kehvasti, et kunagise presidendikandidaadi Al Gore&#8217;i keskkonna-teemaliste loengute p\u00f5hjal pandi kokku terve film. \u201eEbamugavast t\u00f5est\u201c sai sensatsioon, mis haris, \u00e4rritas ja pani vaidlema miljoneid \u00fcle maailma ning t\u00f5i asjaosalistele parima dokumentaalfilmi Oscari. Palju sellest k\u00f5igest tegelikkuses kasu oli ja mis vahepeal muutunud on, k\u00fcsib Gore tosin aastat hiljem sobivalt pealkirjastatud j\u00e4rjeloos \u201eEbamugav j\u00e4rg\u201c.<\/p>\n<h6><a href=\"https:\/\/www.piletilevi.ee\/est\/piletid\/muusika\/festival\/tmw-2018-film-an-inconvenient-sequel-truth-to-power-246343\/\">Osta pilet<\/a><\/h6>\n<p><iframe loading=\"lazy\" width=\"500\" height=\"281\" src=\"https:\/\/www.youtube.com\/embed\/9rS_giWlUQ8?feature=oembed\" frameborder=\"0\" allow=\"autoplay; encrypted-media\" allowfullscreen><\/iframe><\/p>\n<p>&nbsp;<\/p>\n<p><strong>The Goodiepal Equation<br \/>\n<\/strong>Teisip\u00e4ev, 3. aprill kell 21.00<\/p>\n<p>Keskkonnaga on kehvasti ja kultuur on \u00fcha enam maha saetud nurkadega massimeelelahutuse n\u00e4gu. Olge mureta, appi t\u00f5ttab isehakanud renessansi-mees, muusik, kunstnik, kultuurih\u00e4kker ja futurist Goodiepal. Mees, kes jagas ostjatele oma plaadi vahel raha. Temast valminud on film on v\u00e4hemalt sama hullumeelne ja veider kui peategelane ise ja seda parimas m\u00f5ttes. See on ebatavaline sissevaade ebatavalise inimese elusse, mis v\u00f5ib v\u00f5luda ja v\u00f5\u00f5ristada, sageli samaaegselt. Muide, Goodiepal j\u00f5uab \u00fcle Euroopa reisides v\u00e4isata ka meie enda Kumut!<\/p>\n<h6><a href=\"https:\/\/www.piletilevi.ee\/est\/piletid\/muusika\/festival\/tmw-2018-film-the-goodiepal-equation-246345\/\">Osta pilet<\/a><\/h6>\n<p><iframe loading=\"lazy\" width=\"500\" height=\"281\" src=\"https:\/\/www.youtube.com\/embed\/PO-Pzqw19ig?feature=oembed\" frameborder=\"0\" allow=\"autoplay; encrypted-media\" allowfullscreen><\/iframe><\/p>\n<p>&nbsp;<\/p>\n<p><strong>Human Flow<\/strong><br \/>\nKolmap\u00e4ev, 4. aprill kell 21.00<\/p>\n<p>Euroopa on endiselt pahuksis migratsiooniga, ent see on vaid v\u00e4ike osa paisuvast \u00fclemaailmsest pagulaskriisist. Miljonid l\u00e4hevad oma kodudest liikvele, olgu p\u00f5hjuseks saastunud elukeskkond, s\u00f5jad, n\u00e4lg v\u00f5i lihtsalt parema elu lubav kutse. Sisemigratsiooni lipulaeva Hiina \u00fche h\u00e4\u00e4lekama dissidendi, modernse kunsti superstaari Ai Weiwei pilt m\u00f5\u00f5tmatust inimvoolust \u00fchtaegu eepiline ja m\u00f5tlik. V\u00f5ttemeeskond r\u00e4ndas selle mahuka ja t\u00f5eliselt globaalse filmi tarbeks l\u00e4bi koguni 23 riiki.<\/p>\n<h6><a href=\"https:\/\/www.piletilevi.ee\/est\/piletid\/muusika\/festival\/tmw-2018-film-human-flow-246350\/\">Osta pilet<\/a><\/h6>\n<p><iframe loading=\"lazy\" width=\"500\" height=\"281\" src=\"https:\/\/www.youtube.com\/embed\/DVZGyTdk_BY?feature=oembed\" frameborder=\"0\" allow=\"autoplay; encrypted-media\" allowfullscreen><\/iframe><\/p>\n<p>&nbsp;<\/p>\n<p><strong>Chasing Coral<\/strong><br \/>\nNeljap\u00e4ev, 5. aprill kell 19.00<\/p>\n<p>Pixari \u201eKalapoeg Nemo\u201c pani poolteist aastak\u00fcmmet tagasi nii vanad kui noored veealust rikkalikku ja imeilusat maailma imetlema. Kaunis animatsioon v\u00f5ib aga tulevikus olla pelgaks fantaasiaks, sest maailmamered on inimtegevuse tagaj\u00e4rjel h\u00e4das ja korallrahud rekordilise kiirusega h\u00e4vimas. Alles eelmisel aastal kuulutati peatset surma ka maailma suurimale, Austraalia kirdeosas asuvale Suurele Vallrahule. Kauni pildikeelega filmis asuvad teadlased, sukeldujad ja fotograafid uurima, kas ja kuidas neid veealuseid imesid p\u00e4\u00e4sta saab.<\/p>\n<h6><a href=\"https:\/\/www.piletilevi.ee\/est\/piletid\/muusika\/festival\/tmw-2018-film-chasing-coral-246351\/\">Osta pilet<\/a><\/h6>\n<p><iframe loading=\"lazy\" width=\"500\" height=\"281\" src=\"https:\/\/www.youtube.com\/embed\/b6fHA9R2cKI?feature=oembed\" frameborder=\"0\" allow=\"autoplay; encrypted-media\" allowfullscreen><\/iframe><\/p>\n<p>&nbsp;<\/p>\n<p><strong>Enam kui elu (2018)<\/strong><br \/>\nReede, 6. aprill kell 19.00<\/p>\n<p>\u201eMina olen punk ja mina olen lahe,\u201c karjub solist Freddy Grenzmann \u00fches Psychoterrori loos. Just nii toores, otsekohene ja energiak\u00fcllane on kogu Freddy elu.<\/p>\n<p>Freddy on punkansambli Psychoterror laulja, poeet ja Eesti viimane rokkstaar. M\u00f5iste rokkstaar t\u00e4histab n\u00e4htust, mis asub tavanormidest v\u00e4ljaspool, on suurem kui elu. Freddy kohta v\u00f5ib tunnustavalt \u00f6elda, et ta ei ole normaalne &#8211; ei laval ega elus. Ta n\u00e4ib olevat selline karakter, kel on k\u00f5ik alati m\u00e4ngus. Ta k\u00f5nnib justkui kogu aeg noateral. Freddy teeb huvitavaks mitte seltskondlik v\u00f5i tekstuaalne m\u00e4ngum\u00f5nu, vaid m\u00e4ngupandu suurus, t\u00e4ielik enesekaotuse v\u00f5imalikkus ja aimatava inimliku v\u00f5i metaf\u00fc\u00fcsilise ahastuse s\u00fcgavus. See on lugu viimasest rokkstaarist ja poeedist, tema t\u00f6\u00f6st ja \u00fche punkansambli anatoomiast.<\/p>\n<p>Filmis astuvad \u00fcles Psychoterrori liikmed Lauri \u201eUims\u201c Leis, Margus \u201eM\u00fc\u00fcl\u201c M\u00fcil, Sven Liba, Sven \u201eMozg\u201c Kimmel ja erik\u00fclalised Hasso Krull, Koit Raudsepp, Marko M\u00e4emets, Marko M\u00e4gi, Raul Saaremets, Raul Velbaum, Siim Nestor, Valner Valme, Villu Tamme ja teised.<\/p>\n<p>Autorid: Indrek Spungin ja Taavi Arus<\/p>\n<h6><a href=\"https:\/\/www.piletilevi.ee\/est\/piletid\/muusika\/festival\/tmw-2018-film-more-than-life-2018-246353\/\">Osta pilet<\/a><\/h6>\n<p><iframe loading=\"lazy\" src=\"https:\/\/player.vimeo.com\/video\/256932798\" width=\"500\" height=\"281\" frameborder=\"0\" title=\"Enam kui elu \/ More Than Life\" webkitallowfullscreen mozallowfullscreen allowfullscreen><\/iframe><\/p>\n<p>&nbsp;<\/p>\n<p>TMW filmiprogrammi piletid hinnaga 5 eurot on m\u00fc\u00fcgil <a href=\"https:\/\/www.piletilevi.ee\/est\/search:tmw%202018%20film\/\">Piletilevis<\/a>.<br \/>\nPiletid on saadaval ka Kino S\u00f5pruses kohapeal. <a href=\"http:\/\/www.kinosoprus.ee\/et\/yritus\/tmw-film-2018\">Vaata l\u00e4hemalt Kino S\u00f5prus kodulehelt<\/a>.<\/p>\n<p>Filmiprogrammile ei kehti TMW festivalipassid.<br \/>\nTMW toetajapassi omanikele on seansid tasuta. Toetajapassid hinnaga 150 eurot on m\u00fc\u00fcgil <a href=\"http:\/\/shop.tmw.ee\">TMW veebipoes<\/a>.<\/p>\n<p>TMW keskkonnateadlikkuse ja kestliku arengu initsiatiivi toetab Keskkonnaministeerium<\/p>\n"}]},"_links":{"self":[{"href":"https:\/\/2018.tallinnmusicweek.ee\/et\/wp-json\/wp\/v2\/pages\/1353"}],"collection":[{"href":"https:\/\/2018.tallinnmusicweek.ee\/et\/wp-json\/wp\/v2\/pages"}],"about":[{"href":"https:\/\/2018.tallinnmusicweek.ee\/et\/wp-json\/wp\/v2\/types\/page"}],"author":[{"embeddable":true,"href":"https:\/\/2018.tallinnmusicweek.ee\/et\/wp-json\/wp\/v2\/users\/1"}],"replies":[{"embeddable":true,"href":"https:\/\/2018.tallinnmusicweek.ee\/et\/wp-json\/wp\/v2\/comments?post=1353"}],"version-history":[{"count":27,"href":"https:\/\/2018.tallinnmusicweek.ee\/et\/wp-json\/wp\/v2\/pages\/1353\/revisions"}],"predecessor-version":[{"id":4617,"href":"https:\/\/2018.tallinnmusicweek.ee\/et\/wp-json\/wp\/v2\/pages\/1353\/revisions\/4617"}],"up":[{"embeddable":true,"href":"https:\/\/2018.tallinnmusicweek.ee\/et\/wp-json\/wp\/v2\/pages\/1071"}],"wp:featuredmedia":[{"embeddable":true,"href":"https:\/\/2018.tallinnmusicweek.ee\/et\/wp-json\/wp\/v2\/media\/1345"}],"wp:attachment":[{"href":"https:\/\/2018.tallinnmusicweek.ee\/et\/wp-json\/wp\/v2\/media?parent=1353"}],"curies":[{"name":"wp","href":"https:\/\/api.w.org\/{rel}","templated":true}]}}