{"id":132,"date":"2016-11-29T22:23:34","date_gmt":"2016-11-29T20:23:34","guid":{"rendered":"http:\/\/tmw2017.localhost\/?page_id=132\/"},"modified":"2018-04-17T15:08:57","modified_gmt":"2018-04-17T12:08:57","slug":"home","status":"publish","type":"page","link":"https:\/\/2018.tallinnmusicweek.ee\/et\/","title":{"rendered":"Home"},"content":{"rendered":"","protected":false},"excerpt":{"rendered":"","protected":false},"author":1,"featured_media":0,"parent":0,"menu_order":0,"comment_status":"closed","ping_status":"closed","template":"","meta":{"_monsterinsights_skip_tracking":false,"_monsterinsights_sitenote_active":false,"_monsterinsights_sitenote_note":"","_monsterinsights_sitenote_category":0},"acf":{"primary_events":[{"title":"Muusikafestival","target":{"title":"","url":"https:\/\/2018.tallinnmusicweek.ee\/et\/festival\/muusikafestival\/","target":""},"content":"<p>Ligi 250 p\u00f5nevat artisti meilt ja mujalt Tallinna parimates klubides ja kontsertpaikades. Seiklusrikas muusikaprogramm sisaldab valikut p\u00f5randaalustest tulevikuhelidest popini, tantsubiitidest metalini ja folgist n\u00fc\u00fcdisklassikani.<\/p>\n","buttons":[{"label":"TMW 2018 artistid","target":{"title":"","url":"https:\/\/2018.tallinnmusicweek.ee\/et\/artistid\/","target":""}}]},{"title":"Konverents","target":{"title":"","url":"https:\/\/2018.tallinnmusicweek.ee\/et\/konverents\/","target":""},"content":"<p>TMW konverents on \u00fcks julgemaid ja esinduslikemaid loovuse m\u00f5jule keskenduvaid s\u00fcndmusi Euroopas. T\u00e4navu oli luubi all uus majandus, kodanikualgatus, sooline v\u00f5rd\u00f5iguslikkus, tulevikulinnad ja disainm\u00f5tlemine.<\/p>\n","buttons":[{"label":"Konverentsiprogramm 2018","target":{"title":"","url":"https:\/\/2018.tallinnmusicweek.ee\/et\/konverents\/conference-programme\/","target":""}}]}],"secondary_events":{"title":"Linn","content":"<p>Tasuta kontserdid, avalikud vestlused, kunst, gurmee ja aktsioonid linnaruumis.<\/p>\n","button_label":"","button_target":"","events":[{"title":"Linnalava","content":"<p>TMW muusikaprogrammis \u00fcles astuvate artistide tasuta pealel\u00f5unased kontserdid kohvikutes, galeriides, kauplustes, kodudes ja teistes tavatutes paikades \u00fcle linna.<\/p>\n","target":{"title":"","url":"https:\/\/2018.tallinnmusicweek.ee\/et\/festival\/linnalava\/","target":""}},{"title":"Kunst","content":"<p>Eesti Kaasaegse Kunsti Arenduskeskuse (EKKAK) eriprogramm. Kavas on ka pikendatud avamisaegadega galerii\u00f5htu, tulevikut\u00e4htede tutvustamine ja publikulemmiku h\u00e4\u00e4letus.<\/p>\n","target":{"title":"","url":"https:\/\/2018.tallinnmusicweek.ee\/et\/festival\/kunst\/","target":""}},{"title":"Jutud","content":"<p>K\u00f5ikidele huvilistele avatud ning tasuta TMW \u201eJutud\u201c vestlussarjas arutletakse vabas ja sundimatus vormis nii muusika, linnaruumi kui ka inimkonna tulevikustsenaariumide \u00fcle.<\/p>\n","target":{"title":"","url":"https:\/\/2018.tallinnmusicweek.ee\/et\/festival\/jutud\/","target":""}},{"title":"Maitsed","content":"<p>TMW valik m\u00f5nusamaid restorane ja kohvikuid peakokkade erimen\u00fc\u00fcde ja -soodustustega festivali k\u00fclastajaile.<\/p>\n","target":{"title":"","url":"https:\/\/2018.tallinnmusicweek.ee\/et\/festival\/maitsed\/","target":""}},{"title":"Linnaruum","content":"<p>TMW kolib kevadet tervitades ka \u00f5ue! T\u00e4navakunst ja -toit, salakontserdid ning avalikku linnaruumi \u00fcmber kujundavad aktsioonid.<\/p>\n","target":{"title":"","url":"https:\/\/2018.tallinnmusicweek.ee\/et\/festival\/linnaruum\/","target":""}},{"title":"Disainiturg","content":"<p>Tutvu P\u00f5hjamaade ja Baltikumi p\u00f5nevaima disaini ja br\u00e4ndidega kevadisel disainiturul.<\/p>\n","target":{"title":"","url":"https:\/\/2018.tallinnmusicweek.ee\/et\/festival\/disainiturg\/","target":""}},{"title":"Film","content":"<p>Valik filme muusikast, popkultuurist, digiajastu dilemmadest ja piirideta loomevabadusest.<\/p>\n","target":{"title":"","url":"https:\/\/2018.tallinnmusicweek.ee\/et\/festival\/film\/","target":""}}]}},"_links":{"self":[{"href":"https:\/\/2018.tallinnmusicweek.ee\/et\/wp-json\/wp\/v2\/pages\/132"}],"collection":[{"href":"https:\/\/2018.tallinnmusicweek.ee\/et\/wp-json\/wp\/v2\/pages"}],"about":[{"href":"https:\/\/2018.tallinnmusicweek.ee\/et\/wp-json\/wp\/v2\/types\/page"}],"author":[{"embeddable":true,"href":"https:\/\/2018.tallinnmusicweek.ee\/et\/wp-json\/wp\/v2\/users\/1"}],"replies":[{"embeddable":true,"href":"https:\/\/2018.tallinnmusicweek.ee\/et\/wp-json\/wp\/v2\/comments?post=132"}],"version-history":[{"count":25,"href":"https:\/\/2018.tallinnmusicweek.ee\/et\/wp-json\/wp\/v2\/pages\/132\/revisions"}],"predecessor-version":[{"id":4905,"href":"https:\/\/2018.tallinnmusicweek.ee\/et\/wp-json\/wp\/v2\/pages\/132\/revisions\/4905"}],"wp:attachment":[{"href":"https:\/\/2018.tallinnmusicweek.ee\/et\/wp-json\/wp\/v2\/media?parent=132"}],"curies":[{"name":"wp","href":"https:\/\/api.w.org\/{rel}","templated":true}]}}