{"id":1139,"date":"2016-12-25T21:10:55","date_gmt":"2016-12-25T19:10:55","guid":{"rendered":"http:\/\/188.166.60.220\/about\/press-accreditation\/"},"modified":"2018-01-22T12:50:58","modified_gmt":"2018-01-22T10:50:58","slug":"pressiakrediteering","status":"publish","type":"page","link":"https:\/\/2018.tallinnmusicweek.ee\/et\/festivalist\/pressiakrediteering\/","title":{"rendered":"Pressiakrediteeringud"},"content":{"rendered":"","protected":false},"excerpt":{"rendered":"","protected":false},"author":1,"featured_media":0,"parent":1035,"menu_order":0,"comment_status":"closed","ping_status":"closed","template":"template-modular.php","meta":{"_monsterinsights_skip_tracking":false,"_monsterinsights_sitenote_active":false,"_monsterinsights_sitenote_note":"","_monsterinsights_sitenote_category":0},"acf":{"modules":[{"acf_fc_layout":"regular_content","content":"<p>TMW 2018 pressiakrediteeringu taotlemiseks t\u00e4ida vorm <a href=\"https:\/\/media.tmw.ee\/#\/media-accreditation\">siin<\/a>.<\/p>\n<p>K\u00fcsimuste korral p\u00f6\u00f6rdu palun\u00a0<a href=\"mailto:press@tmw.ee\">press@tmw.ee<\/a><\/p>\n"}]},"_links":{"self":[{"href":"https:\/\/2018.tallinnmusicweek.ee\/et\/wp-json\/wp\/v2\/pages\/1139"}],"collection":[{"href":"https:\/\/2018.tallinnmusicweek.ee\/et\/wp-json\/wp\/v2\/pages"}],"about":[{"href":"https:\/\/2018.tallinnmusicweek.ee\/et\/wp-json\/wp\/v2\/types\/page"}],"author":[{"embeddable":true,"href":"https:\/\/2018.tallinnmusicweek.ee\/et\/wp-json\/wp\/v2\/users\/1"}],"replies":[{"embeddable":true,"href":"https:\/\/2018.tallinnmusicweek.ee\/et\/wp-json\/wp\/v2\/comments?post=1139"}],"version-history":[{"count":7,"href":"https:\/\/2018.tallinnmusicweek.ee\/et\/wp-json\/wp\/v2\/pages\/1139\/revisions"}],"predecessor-version":[{"id":3487,"href":"https:\/\/2018.tallinnmusicweek.ee\/et\/wp-json\/wp\/v2\/pages\/1139\/revisions\/3487"}],"up":[{"embeddable":true,"href":"https:\/\/2018.tallinnmusicweek.ee\/et\/wp-json\/wp\/v2\/pages\/1035"}],"wp:attachment":[{"href":"https:\/\/2018.tallinnmusicweek.ee\/et\/wp-json\/wp\/v2\/media?parent=1139"}],"curies":[{"name":"wp","href":"https:\/\/api.w.org\/{rel}","templated":true}]}}