{"id":1135,"date":"2016-12-25T21:09:10","date_gmt":"2016-12-25T19:09:10","guid":{"rendered":"http:\/\/188.166.60.220\/practical-info\/tallinn-estonia\/"},"modified":"2018-02-08T11:20:49","modified_gmt":"2018-02-08T09:20:49","slug":"tallinn-estonia","status":"publish","type":"page","link":"https:\/\/2018.tallinnmusicweek.ee\/et\/practical-info\/tallinn-estonia\/","title":{"rendered":"Tallinnast ja Eestist"},"content":{"rendered":"","protected":false},"excerpt":{"rendered":"","protected":false},"author":1,"featured_media":0,"parent":1080,"menu_order":0,"comment_status":"closed","ping_status":"closed","template":"template-modular.php","meta":{"_monsterinsights_skip_tracking":false,"_monsterinsights_sitenote_active":false,"_monsterinsights_sitenote_note":"","_monsterinsights_sitenote_category":0},"acf":{"modules":[{"acf_fc_layout":"lead","content":"<p>Sellest linnast leiab magusaid kontraste. Tallinn on maailma digitaalsete linnade top 10-s, samas kuulub Tallinna vanalinn UNESCO maailmap\u00e4randi nimistusse. Itimeeste ja munakivide linna leidmiseks pead jala maha panema Soome lahe l\u00f5unakaldal.<\/p>\n<p><img loading=\"lazy\" class=\"aligncenter size-full wp-image-2385\" src=\"https:\/\/2018.tallinnmusicweek.ee\/wp-content\/uploads\/2017\/03\/VisitEstonia.png\" alt=\"\" width=\"1562\" height=\"342\" srcset=\"https:\/\/2018.tallinnmusicweek.ee\/wp-content\/uploads\/2017\/03\/VisitEstonia.png 1562w, https:\/\/2018.tallinnmusicweek.ee\/wp-content\/uploads\/2017\/03\/VisitEstonia-300x66.png 300w, https:\/\/2018.tallinnmusicweek.ee\/wp-content\/uploads\/2017\/03\/VisitEstonia-768x168.png 768w, https:\/\/2018.tallinnmusicweek.ee\/wp-content\/uploads\/2017\/03\/VisitEstonia-1024x224.png 1024w\" sizes=\"(max-width: 1562px) 100vw, 1562px\" \/><\/p>\n"},{"acf_fc_layout":"regular_content","content":"<p>Vahemikus 2017-2019 toetab <a href=\"http:\/\/www.erdf.org\">Euroopa Regionaalarengu Fond<\/a> 200 000 euroga Tallinn Music Weeki turundust\u00f6\u00f6d, mis tutvustab Tallinnat ja Eestit kui kultuuriturismi jaoks atraktiivset sihtkohta.<\/p>\n<p>Selle kohta, mida Eestis teha ja n\u00e4ha, loe l\u00e4hemalt aadressil <a href=\"http:\/\/www.visitestonia.com\" target=\"_blank\" rel=\"noopener\">visitestonia.com<\/a><\/p>\n"},{"acf_fc_layout":"twocol","col_first":"<h4>Transport<\/h4>\n<p>Tallinnasse saab h\u00f5lpsalt nii lennuki, laeva kui bussiga.<\/p>\n<p>Tallinnal on otsene lennu\u00fchendus Amsterdami, Berliini, Br\u00fcsseli, D\u00fcsseldorfi, Frankfurdi, Helsingi, Istanbuli, Kiievi, Kopenhaageni, Londoni, Milano, Moskva, M\u00fcncheni, Oslo, Pariisi, Riia, Stockholmi, Trondheimi, Varssavi, Viini ja Vilniusega.<\/p>\n<p><a href=\"http:\/\/www.tallinksilja.com\/en\/web\/int\/routes-and-timetables\" target=\"_blank\" rel=\"noopener\">Tallinki<\/a> laevad liiguvad igap\u00e4evaselt Tallinnast Helsingisse ja Stockholmi.<\/p>\n<p><a href=\"http:\/\/www.luxexpress.eu\" target=\"_blank\" rel=\"noopener\">Lux Expressi<\/a> bussid \u00fchendavad Tallinnat Moskva, Peterburi, Riia, Vilniuse, Minski, Budapesti, Viini ja Berliiniga.<\/p>\n","col_second":""},{"acf_fc_layout":"quote","content":"<p>\u201cKuigi see m\u00f5jub ka \u00fcpris unelevalt, tundub Eesti pealinn Tallinn nii igip\u00fcsiv kui \u00fcks sihtpunkt seda olla saab. Selle UNESCO p\u00e4randisse kuuluv vanalinn on h\u00e4mmastavalt h\u00e4sti s\u00e4ilinud keskaegne linn, mida \u00fcmbritsevad majesteetlik linnam\u00fc\u00fcr ja selle juurde kuuluvad punaste katustega tornid. Vanalinna sisemuses annavad tooni v\u00f5imsad kirikud alates hiiglaslikust, karmiilmelisest Oleviste kirikust kuni fantastiliselt toretseva \u00f5igeusu kirikuni, mida k\u00f5ike \u00fcmbritsevad vanad majad, v\u00e4rvikirevad t\u00e4navad ja munakivisillutisega alleed. T\u00e4nu k\u00f5igele sellele on vanalinn muusikafestivali nautimiseks joovastav asukoht.\u201d<\/p>\n","name":"John Rogers, The Quietus"},{"acf_fc_layout":"hero","image":{"ID":1265,"id":1265,"title":"rula_tallinn","filename":"rula_tallinn.jpg","filesize":8372424,"url":"https:\/\/2018.tallinnmusicweek.ee\/wp-content\/uploads\/2017\/01\/rula_tallinn.jpg","link":"https:\/\/2018.tallinnmusicweek.ee\/practical-info\/tallinn-estonia\/rula_tallinn\/","alt":"","author":"5","description":"","caption":"","name":"rula_tallinn","status":"inherit","uploaded_to":247,"date":"2017-01-18 18:54:52","modified":"2017-01-25 11:17:43","menu_order":0,"mime_type":"image\/jpeg","type":"image","subtype":"jpeg","icon":"https:\/\/2018.tallinnmusicweek.ee\/wp-includes\/images\/media\/default.png","width":5415,"height":3610,"sizes":{"thumbnail":"https:\/\/2018.tallinnmusicweek.ee\/wp-content\/uploads\/2017\/01\/rula_tallinn-150x150.jpg","thumbnail-width":150,"thumbnail-height":150,"medium":"https:\/\/2018.tallinnmusicweek.ee\/wp-content\/uploads\/2017\/01\/rula_tallinn-300x200.jpg","medium-width":300,"medium-height":200,"medium_large":"https:\/\/2018.tallinnmusicweek.ee\/wp-content\/uploads\/2017\/01\/rula_tallinn-768x512.jpg","medium_large-width":768,"medium_large-height":512,"large":"https:\/\/2018.tallinnmusicweek.ee\/wp-content\/uploads\/2017\/01\/rula_tallinn-1024x683.jpg","large-width":1024,"large-height":683,"1536x1536":"https:\/\/2018.tallinnmusicweek.ee\/wp-content\/uploads\/2017\/01\/rula_tallinn.jpg","1536x1536-width":1536,"1536x1536-height":1024,"2048x2048":"https:\/\/2018.tallinnmusicweek.ee\/wp-content\/uploads\/2017\/01\/rula_tallinn.jpg","2048x2048-width":2048,"2048x2048-height":1365}},"content":"","size":"medium"}]},"_links":{"self":[{"href":"https:\/\/2018.tallinnmusicweek.ee\/et\/wp-json\/wp\/v2\/pages\/1135"}],"collection":[{"href":"https:\/\/2018.tallinnmusicweek.ee\/et\/wp-json\/wp\/v2\/pages"}],"about":[{"href":"https:\/\/2018.tallinnmusicweek.ee\/et\/wp-json\/wp\/v2\/types\/page"}],"author":[{"embeddable":true,"href":"https:\/\/2018.tallinnmusicweek.ee\/et\/wp-json\/wp\/v2\/users\/1"}],"replies":[{"embeddable":true,"href":"https:\/\/2018.tallinnmusicweek.ee\/et\/wp-json\/wp\/v2\/comments?post=1135"}],"version-history":[{"count":24,"href":"https:\/\/2018.tallinnmusicweek.ee\/et\/wp-json\/wp\/v2\/pages\/1135\/revisions"}],"predecessor-version":[{"id":3593,"href":"https:\/\/2018.tallinnmusicweek.ee\/et\/wp-json\/wp\/v2\/pages\/1135\/revisions\/3593"}],"up":[{"embeddable":true,"href":"https:\/\/2018.tallinnmusicweek.ee\/et\/wp-json\/wp\/v2\/pages\/1080"}],"wp:attachment":[{"href":"https:\/\/2018.tallinnmusicweek.ee\/et\/wp-json\/wp\/v2\/media?parent=1135"}],"curies":[{"name":"wp","href":"https:\/\/api.w.org\/{rel}","templated":true}]}}