{"id":1128,"date":"2016-12-25T21:13:17","date_gmt":"2016-12-25T19:13:17","guid":{"rendered":"http:\/\/188.166.60.220\/about\/advertise-at-tmw\/"},"modified":"2017-02-01T06:08:57","modified_gmt":"2017-02-01T04:08:57","slug":"reklaam","status":"publish","type":"page","link":"https:\/\/2018.tallinnmusicweek.ee\/et\/festivalist\/reklaam\/","title":{"rendered":"Reklaam TMW-l"},"content":{"rendered":"","protected":false},"excerpt":{"rendered":"","protected":false},"author":1,"featured_media":0,"parent":1035,"menu_order":0,"comment_status":"closed","ping_status":"closed","template":"template-modular.php","meta":{"_monsterinsights_skip_tracking":false,"_monsterinsights_sitenote_active":false,"_monsterinsights_sitenote_note":"","_monsterinsights_sitenote_category":0},"acf":{"modules":[{"acf_fc_layout":"regular_content","content":"<h3>Mida pakume?<\/h3>\n<ul>\n<li>V\u00f5imalust esitleda oma toodet v\u00f5i teenust muusikat\u00f6\u00f6stuse ettev\u00f5tetele \u00fcle kogu Euroopa (<strong>\u00fcle 1000 delegaadi<\/strong>)<\/li>\n<li>Koguda muusikat\u00f6\u00f6stuse toodetele ja teenustele uut kliendibaasi Balti riikidest. Eesti, L\u00e4ti ja Leedu teenusepakkujatele v\u00f5imalust leida uusi koost\u00f6\u00f6partnereid Euroopast.<\/li>\n<li>Suunatud \u00a0<strong>35,000 k\u00fclastajaline sihtr\u00fchm<\/strong>\u00a0(kultuurilemelised noored, muusikud, ajakirjanikud, turistid, muusikat\u00f6\u00f6stus)<\/li>\n<\/ul>\n"},{"acf_fc_layout":"regular_content","content":"<h3>Reklaamikanalid<\/h3>\n<ul>\n<li><strong>Reklaam Tallinn Music Week delegaadikataloogis<\/strong> (1100 tk), mida jagatakse muusikat\u00f6\u00f6stuse professionaalidele ja muusikapressile.\n<ul>\n<li>Tehnilised n\u00f5uded:<br \/>\nFaili formaat: tr\u00fckivalmis PDF<br \/>\nSuurus: a5 (148\u00d7210 mm)<br \/>\nbleed 5 mm\u2028 CMYK (tr\u00fckitakse katmata paberile)<\/li>\n<\/ul>\n<\/li>\n<li><strong>B\u00e4nner www.tmw.ee avalehel<\/strong> (u 30 000 unikaalset rahvusvahelist k\u00fclastust lehel festivali ajal)\n<ul>\n<li>Tehnilised n\u00f5uded:<br \/>\nSuurus: 925*113 pix\u2028 50kb max<br \/>\nFormaat: flash\/gif\/jpg<\/li>\n<\/ul>\n<\/li>\n<li><strong>Flaier \/ toode \/ promotr\u00fckis delegaadikotis<\/strong> (900 tk), mida jagatakse muusikat\u00f6\u00f6stuse professionaalidele ja rahvusvahelisele muusikapressile.<\/li>\n<li><strong>Roll-up b\u00e4nner<\/strong> Nordic Hotel Forumi konverentsikeskuse fuajees.<\/li>\n<li><strong>Sinu toote v\u00f5i teenuse esitluslaud<\/strong> Nordic Hotel Forumi konverentsikeskuse fuajees.<\/li>\n<\/ul>\n<p>Kui on veel m\u00f5tteid, kuidas saame abiks olla, v\u00f5ta meiega \u00fchendust. Koos leiame lahenduse!<\/p>\n<p>Reklaamiteemadel kirjuta aadressil \u2028<a href=\"mailto:advertising@tmw.ee\">advertising@tmw.ee<\/a><\/p>\n"}]},"_links":{"self":[{"href":"https:\/\/2018.tallinnmusicweek.ee\/et\/wp-json\/wp\/v2\/pages\/1128"}],"collection":[{"href":"https:\/\/2018.tallinnmusicweek.ee\/et\/wp-json\/wp\/v2\/pages"}],"about":[{"href":"https:\/\/2018.tallinnmusicweek.ee\/et\/wp-json\/wp\/v2\/types\/page"}],"author":[{"embeddable":true,"href":"https:\/\/2018.tallinnmusicweek.ee\/et\/wp-json\/wp\/v2\/users\/1"}],"replies":[{"embeddable":true,"href":"https:\/\/2018.tallinnmusicweek.ee\/et\/wp-json\/wp\/v2\/comments?post=1128"}],"version-history":[{"count":2,"href":"https:\/\/2018.tallinnmusicweek.ee\/et\/wp-json\/wp\/v2\/pages\/1128\/revisions"}],"predecessor-version":[{"id":1414,"href":"https:\/\/2018.tallinnmusicweek.ee\/et\/wp-json\/wp\/v2\/pages\/1128\/revisions\/1414"}],"up":[{"embeddable":true,"href":"https:\/\/2018.tallinnmusicweek.ee\/et\/wp-json\/wp\/v2\/pages\/1035"}],"wp:attachment":[{"href":"https:\/\/2018.tallinnmusicweek.ee\/et\/wp-json\/wp\/v2\/media?parent=1128"}],"curies":[{"name":"wp","href":"https:\/\/api.w.org\/{rel}","templated":true}]}}