{"id":1124,"date":"2016-12-25T21:12:16","date_gmt":"2016-12-25T19:12:16","guid":{"rendered":"http:\/\/188.166.60.220\/about\/faq\/"},"modified":"2018-03-26T11:32:29","modified_gmt":"2018-03-26T08:32:29","slug":"kkk","status":"publish","type":"page","link":"https:\/\/2018.tallinnmusicweek.ee\/et\/festivalist\/kkk\/","title":{"rendered":"KKK"},"content":{"rendered":"","protected":false},"excerpt":{"rendered":"","protected":false},"author":1,"featured_media":1264,"parent":1035,"menu_order":0,"comment_status":"closed","ping_status":"closed","template":"template-modular.php","meta":{"_monsterinsights_skip_tracking":false,"_monsterinsights_sitenote_active":false,"_monsterinsights_sitenote_note":"","_monsterinsights_sitenote_category":0},"acf":{"modules":[{"acf_fc_layout":"regular_content","content":"<h2>Tallinn Music Weekil esinemine<\/h2>\n"},{"acf_fc_layout":"accordion","accordion_items":[{"title":"KUIDAS FESTIVALILE ESINEMA SAADA?","content":"<p>K\u00f5igepealt anna endast meile teada. 2018. aasta festivalil esinemise avalduse esitamise t\u00e4htajaks oli 1. november 2017. Programmitoimkond, mis koosneb Eesti juhtivatest promootoritest ja \u00fcrituste korraldajatest ning esindab praktiliselt k\u00f5iki muusikastiile avangardist folgini ja d\u017e\u00e4ssist klassikani, valib esinejad laekunud avalduste seast. Lisaks kogume ajakohaseid soovitusi avaldustevooru v\u00e4liselt, tagamaks v\u00f5imalikult k\u00f5rgetasemelise, p\u00f5neva ja ajakohase programmi.<\/p>\n"},{"title":"MINU B\u00c4ND KANDIDEERIS. MILLAL SAAME TEADA, KAS MEID ON PROGRAMMI VALITUD?","content":"<p>Programmi koostamine algab kohe p\u00e4rast avalduste esitamise t\u00e4htaega 1. novembril. Kontakteerume teiega e-maili teel jaanuaris 2018, et teada anda, kas teie \/ teie esindatav artist on festivali esinejate nimekirja kinnitatud. Need artistid, keda programmi ei valitud, saavad e-maili teel teate. Osad esinejad hoitakse ootenimekirjas, kuni k\u00f5ik kohad on t\u00e4idetud.<\/p>\n"},{"title":"MINU B\u00c4ND ON SAANUD PALJU T\u00c4HELEPANU JA ME OLEME V\u00c4GA HEAD. MIKS MEID EI VALITUD TMW-il M\u00c4NGIMA?","content":"<p>Esinemisavaldusi laekub u 4-5 korda rohkem, kui kuni 250 esinejast koosnev programm mahutab ning programmitiimil tuleb paratamatult raskeid otsuseid langetada. Asjaolud, mis otsust v\u00f5ivad m\u00f5jutada: esinemiskogemus, kunstiline tase, esindatav \u017eanr jms. P\u00f5hjus, miks teie b\u00e4nd ei osutunud valituks, ei pruugi tuleneda korraldajate isiklikest maitse-eelistustest \u2013 t\u00f5en\u00e4oliselt pidi \u017e\u00fcrii tegema seekord teistsuguseid valikuid. Edutud kandideerijad on teretulnud avaldust esitama ka j\u00e4rgmisel aastal, sest programmitiim j\u00e4tab meelde ka festivali kavast v\u00e4lja j\u00e4\u00e4nud artistid, keda peaks l\u00e4hemalt uurima ning m\u00f5nikord valitakse b\u00e4nd TMW-ile alles kolmandal v\u00f5i neljandal katsel.<\/p>\n"},{"title":"KAS TMW ON AINULT EESTI ARTISTIDE JAOKS?","content":"<p>Ei, TMW on avatud kogu maailma artistidele. Kuna festivali keskseks eesm\u00e4rgiks on edendada ja tutvustada Eesti uusi t\u00e4helepanuv\u00e4\u00e4rseid artiste, on enamik TMW-il esinejatest Eestist, kuid meil on palju artiste naaberriikidest, Skandinaaviast ja mujalt. V\u00e4hemalt 30 protsenti festivali l\u00f5plikust esinejate nimekirjast koosneb v\u00e4lismaistest artistidest.<\/p>\n"},{"title":"ARVASIN, ET TMW ON AINULT UUTE ARTISTIDE JAOKS. MIKS AGA ESINEB B\u00c4ND X?","content":"<p>Me ei ole kunagi v\u00f5tnud eesm\u00e4rgiks esitleda vaid uusi artiste, kuigi aastate jooksul oleme suurt osa neist esitlenud. Meie peamine eesm\u00e4rk on esitleda artiste, kes on p\u00f5nevad ja aktuaalsed nii kohalikule kui regionaalsele muusikat\u00f6\u00f6stusele ja publikule kui rahvusvahelistele delegaatidele ja k\u00fclalistele.<\/p>\n"},{"title":"MILLAL KUULUTATAKSE ESINEJAD V\u00c4LJA?","content":"<p>Tallinn Music Week 2018 programm kuulutatakse v\u00e4lja veebruari alguses.<\/p>\n"},{"title":"KAS KEEGI ARTISTIDEST SAAB FESTIVALIL ESINEMISE EEST HONORARI?","content":"<p>Ei. TMW ei maksa esinemistasu \u00fchelegi kohalikule v\u00f5i v\u00e4lismaisele artistile ega kata nende reisikulusid. TMW-il pole peaesinejaid, kuid \u00fcritame tekitada v\u00f5rdseid v\u00f5imalusi k\u00f5igile (200-250) artistidele ning oleme veendunud, et samad reeglid ja tingimused peavad kehtima absoluutselt k\u00f5igile. Kui me maksaksime kellelegi esinejatest, peaksime maksma ka k\u00f5igile teistele programmis olevatele artistidele, mis muudaks taolise festivali korralduse v\u00f5imatuks. Kogu kontsertidest laekuv piletitulu (mis moodustab umbes 10 protsenti festivali rahastusest) ja teised privaatsed ning avalikud ressursid on vajalikud kulude katmiseks: kontserdipaigad, heli ja valgus, konverents, kutsutud delegaatide reisikulud ja majutus, turundus, produktsioon ja meeskond.<\/p>\n<p>TMW festival rajati eesm\u00e4rgiga aidata arendada muusikute arengut ja tutvustada publikule head muusikat. Seniks kui leidub artiste, kes peavad TMW-i enda jaoks kasulikuks ettev\u00f5tmiseks, oleme r\u00f5\u00f5muga valmis seda korraldama.<\/p>\n"}]},{"acf_fc_layout":"regular_content","content":"<h2>Kontsertide k\u00fclastamine<\/h2>\n"},{"acf_fc_layout":"accordion","accordion_items":[{"title":"MIS ON FESTIVALIK\u00dcLASTAJATE VANUSEPIIRANG?","content":"<p>TMW teeb koost\u00f6\u00f6d Tallinna klubide, kontsertpaikade ja promootoritega. Nagu k\u00f5ik teised kohalikud \u00fcrituskorraldajad, peame ka meie j\u00e4rgima Eesti Vabariigi seadust. Suurem enamus kontserdipaikadest m\u00fc\u00fcvad ega tohi sisse lubada alaealisi kliente. \u00dcldreegel n\u00e4eb ette, et kontsertpaigad, mis on avatud p\u00e4rast kella 23.00, on vanusepiiranguga 18 eluaastat. \u00d5nneks on festivali kavas ka Linnalava kontserdid, mis toimuvad p\u00e4evasel ajal erinevates paikades (kohvikud, kaubanduskeskused, galeriid, muusika- ja raamatupoed jne) \u00fcle linna, mis on avatud k\u00f5igile ja t\u00e4iesti tasuta.<\/p>\n"},{"title":"KUS TMW TOIMUB?","content":"<p>Alates veebruarist on v\u00f5imalik tutvuda TMW toimumiskohtadega meie veebis.<\/p>\n"},{"title":"KUIDAS TOIMIB PILETIS\u00dcSTEEM? KAS MA PEAN OSTMA \u00dcHEP\u00c4EVAPASSI\/FESTIVALIPASSI V\u00d5I SAAN OSTA \u00dcKSIKPILETID KONTSERTIDELE, MIDA TAHAN K\u00dcLASTADA?","content":"<p>Festivalile p\u00e4\u00e4semiseks on kolme t\u00fc\u00fcpi passe:<\/p>\n<ul>\n<li><strong>Festivalipass<\/strong> &#8211; k\u00f5ige soodsam v\u00f5imalus festivalimelust osa saamiseks<\/li>\n<li><strong>Toetajapass<\/strong> &#8211; eelississep\u00e4\u00e4s klubidesse, programmisoovitused<\/li>\n<li><strong>Festivali + konverentsi pass<\/strong>. \u00a0Tagab TMW delegaatidele p\u00e4\u00e4su konverentsile ning eelisj\u00e4rjekorras p\u00e4\u00e4su kontsertidele.<\/li>\n<li>\u00dcksikkontsertide piletid on eelm\u00fc\u00fcgis Piletilevi veebipoes ja m\u00fc\u00fcgipunktides, lisaks igas kontserdipaigas \u00fcrituse toimumise \u00f5htul.<\/li>\n<li>K\u00f5ik passi omanikud saavad nautida eelisj\u00e4rjekorras sissep\u00e4\u00e4su, erinevalt j\u00e4rjekorras seisvatest \u00fcksikpiletite omanikest.<\/li>\n<\/ul>\n"},{"title":"KUST SAAN PILETEID OSTA?","content":"<p>Festivalipassid on m\u00fc\u00fcgil TMW kodulehel ja Piletilevis. \u00dcksikpiletid on m\u00fc\u00fcgil Piletilevis ja kui \u00fcritus pole varem v\u00e4ljam\u00fc\u00fcdud, siis ka toimumis\u00f5htul kontserdipaigas. Festivalipassid peab eelnevalt k\u00e4epaela vastu vahetama Tallinn Music Weeki infopunktides.<\/p>\n"},{"title":"KUS SAAN VAHETADA PASSI K\u00c4EPAELA VASTU?","content":"<p>Festivalipass tuleb v\u00e4lja vahetada festivali k\u00e4epaela vastu.<br \/>\nVahetuskohad\u00a0avalikustame festivali veebilehel enne festivali.<\/p>\n"},{"title":"KAS MU FESTIVALIPASS\/\u00dcKSIKPILET TAGAB SISSEP\u00c4\u00c4SU X KONTSERDILE?","content":"<p>Ei, kui kontserdipaik on t\u00e4is. Me saame tagada seda, et alati on ruumi \u00fches kontserdipaikadest, kuid mitte k\u00f5igis ja pidevalt, ise\u00e4ranis klubides, mis mahutavad vaid 50-100 inimest. Kuid delegaadipassi ja festivalipasside omanikel ning eelm\u00fc\u00fcgist \u00fcksikpileti ostnuil on \u00f5igus eelisj\u00e4rjekorras klubisse p\u00e4\u00e4seda.<\/p>\n<p>Kui tegemist on esinejaga, keda tahad kindlasti n\u00e4ha, tule lihtsalt aegsasti kohale. Liiklus kontserdipaikade vahel on reeglina \u00fcsna tihe, seega kui \u00fche b\u00e4ndi kontserdi ajal on klubi t\u00e4is, siis on v\u00f5imalik, et suur osa publikust lahkub p\u00e4rast nende esinemist ja sul on v\u00f5imalus n\u00e4ha j\u00e4rgmist b\u00e4ndi, seega v\u00f5ib j\u00e4rjekorras seismine ennast \u00e4ra tasuda. V\u00f5imaldamaks inimestel n\u00e4ha teatud artiste, esinevad need kaks korda erinevatel p\u00e4evadel v\u00f5i osalevad lisaks p\u00f5hiprogrammile ka tasuta Linnalava kavas.<\/p>\n"}]},{"acf_fc_layout":"regular_content","content":"<h2>Konverents<\/h2>\n"},{"acf_fc_layout":"accordion","accordion_items":[{"title":"KAS TMW ON FESTIVAL V\u00d5I KONVERENTS?","content":"<p>M\u00f5lemad ja enamgi veel. Tallinn Music Week (TMW) on Euroopa juhtivaid uue muusika ja linnakultuuri festivale. TMW p\u00fchitseb erinevate kunstivorme esitledes loovust, uudishimu, vabadust ja v\u00f5rd\u00f5iguslikkust.<\/p>\n"},{"title":"KUS TOIMUVAD SEMINARID?","content":"<p>Need toimuvad Kultuurikatlas.<\/p>\n"},{"title":"KES SAAVAD KONVERENTSIL OSALEDA?","content":"<p>Konverentsi seminarid on avatud k\u00f5igile huvilistele. Konverentsil osalemiseks pead olema registreeritud delegaat ning registreerimistasu peab olema eelnevalt tasutud. Kui sa oled festivalil esinev artist, on sul v\u00f5imalus registreerida oma esindaja (b\u00e4ndiliikme, bookeri, manageri vm) delegaadina (1 tasuta delegaadi pass artisti kohta). Artisti passid ei taga sissep\u00e4\u00e4su konverentsile.<\/p>\n"},{"title":"KUS ASUB DELEGAATIDE REGISTRATUUR JA MIS AEGADEL ON SEE AVATUD?","content":"<p>Delegaadid peavad registreeruma ja oma k\u00e4epaela\/passi v\u00f5tma Nordic Hotel Forumi fuajees asuvast TMW-i infolauast.<\/p>\n"},{"title":"SOOVIKSIN OSALEDA PAARIL SEMINARIL. KAS SINNA ON V\u00d5IMALIK P\u00c4\u00c4SEDA KA ILMA DELEGAADIPASSITA?","content":"<p>Kahjuks mitte. P\u00e4\u00e4set TMWile m\u00fc\u00fcakse ainult paketina ja ainult delegaatidele on avatud sissep\u00e4\u00e4s hotelli konverentsialadele.<\/p>\n"},{"title":"KAS DELEGAADIPASSI PUHUL ON V\u00d5IMALIK SAADA GRUPI-,  \u00d5PILASE V\u00d5I MINGISUGUST MUUD SOODUSTUST?","content":"<p>TMW pakub varase registreerija soodustust ning madalamaid hindu neile, kes registreerivad end varakult. Saadaval on ka piiratud kogus \u00f5pilaste passe 50% soodustusega k\u00f5ikidest hindadest. Registreerimiseks ja hindadeks vaata siia.<\/p>\n"},{"title":"MIDA SISALDAB DELEGAADIPASSI HIND?","content":"<p>P\u00e4\u00e4set konverentsialale hotellis, kus nii Eesti kui ka rahvusvahelised delegaadid kogunevad, k\u00f5ikidele seminaridele ja teisele TMW-i \u00fcritustele. Delegaadipass v\u00f5imaldab eelisj\u00e4rjekorras p\u00e4\u00e4su k\u00f5ikidesse festivali kontserdipaikadesse.<\/p>\n"},{"title":"KAS TMW-il ESINEVAID ARTISTE LASTAKSE KONVERENTSILE JA SEMINARIDELE?","content":"<p>Artisti pass ei v\u00f5imalda p\u00e4\u00e4set konverentsile ja seminaridele, kuid iga artist saab valida endale esindaja (b\u00e4ndi liikme, m\u00e4ned\u017eeri vm), kes saab tasuta delegaadiks registreeruda. Ka teised artistid, kes on konverentsis huvitatud, on teretulnud, kuid peavad selleks delegaadipassi ostma.<\/p>\n"},{"title":"SOOVIKSIN KONVERENTSI HOTELLI B\u00c4NNERIT V\u00d5I REKLAAMI TEIE KATALOOGI. KELLEGA PEAKSIN  \u00dcHENDUST V\u00d5TMA?","content":"<p>Palun saata e-mail aadressile advertising@tmw.ee v\u00f5i helistada numbril +372 672 6608.<\/p>\n"}]},{"acf_fc_layout":"regular_content","content":"<h2>Varia<\/h2>\n"},{"acf_fc_layout":"accordion","accordion_items":[{"title":"KES KORRALDAB TMW-i?","content":"<p>TMW korraldab ettev\u00f5te Musiccase O\u00dc.<\/p>\n"},{"title":"KUIDAS ON \u00dcRITUS RAHASTATUD?","content":"<p>\u00dcritus on rahastatud mitmete avalike toetajate ja erasponsorite abiga.<\/p>\n"},{"title":"SOOVIKSIN T\u00d6\u00d6TADA TMW-il. KAS MA SAAN ENNAST VABATAHTLIKUNA KIRJA PANNA?","content":"<p>Jah. Meil on vaja palju vabatahtlikke vahetult enne \u00fcritust ja selle toimumise ajal. T\u00f6\u00f6 ise on \u00fcldjuhul seotud abistamisega festivali turundamisel, p\u00e4evaste seminaridega, piletim\u00fc\u00fcgiga, produktsiooni abiga festivali kontserdipaikades, logistikaga, transpordiga, artistide v\u00f5\u00f5rustamisega jne. Vabatahtlikud saavad tasuta p\u00e4\u00e4sme k\u00f5ikidele TMW-i \u00fcritustele festivali ajal. Lisainfot saab: <a href=\"mailto:volunteers@tmw.ee\">volunteers@tmw.ee<\/a><\/p>\n"}]}]},"_links":{"self":[{"href":"https:\/\/2018.tallinnmusicweek.ee\/et\/wp-json\/wp\/v2\/pages\/1124"}],"collection":[{"href":"https:\/\/2018.tallinnmusicweek.ee\/et\/wp-json\/wp\/v2\/pages"}],"about":[{"href":"https:\/\/2018.tallinnmusicweek.ee\/et\/wp-json\/wp\/v2\/types\/page"}],"author":[{"embeddable":true,"href":"https:\/\/2018.tallinnmusicweek.ee\/et\/wp-json\/wp\/v2\/users\/1"}],"replies":[{"embeddable":true,"href":"https:\/\/2018.tallinnmusicweek.ee\/et\/wp-json\/wp\/v2\/comments?post=1124"}],"version-history":[{"count":4,"href":"https:\/\/2018.tallinnmusicweek.ee\/et\/wp-json\/wp\/v2\/pages\/1124\/revisions"}],"predecessor-version":[{"id":4338,"href":"https:\/\/2018.tallinnmusicweek.ee\/et\/wp-json\/wp\/v2\/pages\/1124\/revisions\/4338"}],"up":[{"embeddable":true,"href":"https:\/\/2018.tallinnmusicweek.ee\/et\/wp-json\/wp\/v2\/pages\/1035"}],"wp:featuredmedia":[{"embeddable":true,"href":"https:\/\/2018.tallinnmusicweek.ee\/et\/wp-json\/wp\/v2\/media\/1264"}],"wp:attachment":[{"href":"https:\/\/2018.tallinnmusicweek.ee\/et\/wp-json\/wp\/v2\/media?parent=1124"}],"curies":[{"name":"wp","href":"https:\/\/api.w.org\/{rel}","templated":true}]}}