{"id":1119,"date":"2016-12-25T21:06:13","date_gmt":"2016-12-25T19:06:13","guid":{"rendered":"http:\/\/188.166.60.220\/festival\/urban-space\/"},"modified":"2018-04-01T14:49:44","modified_gmt":"2018-04-01T11:49:44","slug":"linnaruum","status":"publish","type":"page","link":"https:\/\/2018.tallinnmusicweek.ee\/et\/festival\/linnaruum\/","title":{"rendered":"Linnaruum"},"content":{"rendered":"","protected":false},"excerpt":{"rendered":"","protected":false},"author":1,"featured_media":448,"parent":1071,"menu_order":0,"comment_status":"closed","ping_status":"closed","template":"template-modular.php","meta":{"_monsterinsights_skip_tracking":false,"_monsterinsights_sitenote_active":false,"_monsterinsights_sitenote_note":"","_monsterinsights_sitenote_category":0},"acf":{"modules":[{"acf_fc_layout":"lead","content":"<p>TMW kolib ka sel aastal kevadet tervitades \u00f5ue. Avalikku linnaruumi h\u00f5lmavad projektid teostuvad koost\u00f6\u00f6s Eesti Kunstiakadeemia tudengitega. Eesm\u00e4rgiks on tuua t\u00e4helepanu liiklejas\u00f5bralikule linnale ja rohelusele linnaruumis.<\/p>\n"},{"acf_fc_layout":"regular_content","content":"<h5>Valgusinstallatsioonid<\/h5>\n<p>&nbsp;<\/p>\n<p><img loading=\"lazy\" class=\"alignnone size-full wp-image-4555\" src=\"https:\/\/2018.tallinnmusicweek.ee\/wp-content\/uploads\/2018\/03\/32947342334_8b1ddc9fea_k.jpg\" alt=\"\" width=\"2048\" height=\"1365\" srcset=\"https:\/\/2018.tallinnmusicweek.ee\/wp-content\/uploads\/2018\/03\/32947342334_8b1ddc9fea_k.jpg 2048w, https:\/\/2018.tallinnmusicweek.ee\/wp-content\/uploads\/2018\/03\/32947342334_8b1ddc9fea_k-300x200.jpg 300w, https:\/\/2018.tallinnmusicweek.ee\/wp-content\/uploads\/2018\/03\/32947342334_8b1ddc9fea_k-768x512.jpg 768w, https:\/\/2018.tallinnmusicweek.ee\/wp-content\/uploads\/2018\/03\/32947342334_8b1ddc9fea_k-1024x683.jpg 1024w\" sizes=\"(max-width: 2048px) 100vw, 2048px\" \/><\/p>\n<p>&nbsp;<\/p>\n<h5>Neljap\u00e4ev, 5. aprill kell 20.00<\/h5>\n<p><strong>N\u00e4ituse &#8220;Pimedus on valgus&#8221; avamine<\/strong><br \/>\nKanuti aed (Mere puiestee 6e)<br \/>\nEesti Kunstiakadeemia tudengite valgusinstallatsioonid Kanuti aias, juhendaja Elo Liiv<\/p>\n<p><em>Ei pea hoidma silmi lahti, et n\u00e4ha.<br \/>\n<\/em><em>Ei pea olema valguses, et tunda valgust.<br \/>\n<\/em><em>\u00c4ra p\u00f5gene, liigu valguse suunas.<br \/>\n<\/em><em>Ole sina ise.<\/em><\/p>\n<p>Alates neljap\u00e4evast, 5. aprillist kosutavad Tallinn Music Week`i k\u00fclalisi ja \u00f6iseid kulgejaid Kanuti aia pargis TMW Linnaprogrammi raames Eesti Kunstiakadeemia tudengite valgus- ja heliinstallatsioonid koondpealkirja all \u201cPimedus on Valgus\u201d. Skulptor Elo Liivi juhendamisel EKA tudengite poolt valmistatud valgus- ja heliinstallatsioonid \u00a0loovad ligip\u00e4\u00e4su kujuteldavatesse valgusruumidesse ja tasanditele.<\/p>\n<p>Teed n\u00e4itavad pimedusest valgusesse toodud m\u00e4lestusm\u00e4rk Dostojevskile ning na\u0308htav ja puudutatav linnaheli, mis muudab linnar\u00fctmid valguseks. Sobimatut ja liigset valgust koguv pr\u00fcgikonteiner puhastab linnaruumi ja juhib t\u00e4helepanu valgusreostusele kui igap\u00e4evasele probleemile. Talveunne suikunud ja n\u00fc\u00fcd ellu \u00e4ratatud purskkaev pargi keskpunktis on kui geiser ning selle taga valgust lauludesse \u00fcmisev \u00fcrgne tegelane paneb m\u00f5tlema, kas mitte k\u00f5ige alguses polnud hoopis laul.<\/p>\n<p>Kanutiaia \u00fcks peatee on muutunud Varjude k\u00e4iguks, kus n\u00e4idatakse, kuidas valgustada varju. Teisel peateel saab kogeda katkestatud linna, mis kutsub \u00fcles m\u00f5tlema valguse rolli \u00fcle meie elukeskkonnas. Sadadest CD-plaatidest loodud installatsiooni eesm\u00e4rgiks on aga pakkuda vaatajale meditatiivset visuaallahendust, mis vastavalt vaataja asukohale on erinev. Suur valguskuu peegeldab aegluubina linnas toimuvaid keerukaid valgusm\u00e4nge.<\/p>\n<p>Osalevad tudengid: Kaisa Ernits, Karen Isabel Talitee, Triin Uustalu, Fey Piir, Katharina Kuusemets, Mari-Liis Reinsoo, Triinu Ober\u0161neider, Mark Aleksander Fischer, Cristo Madissoo, Ingrid Helena Pajo, Mari M\u00e4nna, Heidi Paju, Aivi Erm, Tim Suvi, Karl Johanson, Taavi Kasem\u00e4gi, Heleliis Ho\u0303im, Lauri Urb, Joanna J\u00fcrim\u00e4e, Mari-Liis Makus.<\/p>\n<p>Noorte kunstnikega on v\u00f5imalik kohtuda <strong>n\u00e4ituse avamisel 5. aprillil kell 20.00<\/strong>.<br \/>\nValgusinstallatsioonid j\u00e4\u00e4vad avatuks ainult kolmel \u00f5htul, p\u00fchap\u00e4eva hommikul on Kanutis k\u00f5ik taas endine. EKA ja TMW koost\u00f6\u00f6s s\u00fcndinud valgus on oma v\u00f5nkumise sooritanud.<\/p>\n"},{"acf_fc_layout":"regular_content","content":""}]},"_links":{"self":[{"href":"https:\/\/2018.tallinnmusicweek.ee\/et\/wp-json\/wp\/v2\/pages\/1119"}],"collection":[{"href":"https:\/\/2018.tallinnmusicweek.ee\/et\/wp-json\/wp\/v2\/pages"}],"about":[{"href":"https:\/\/2018.tallinnmusicweek.ee\/et\/wp-json\/wp\/v2\/types\/page"}],"author":[{"embeddable":true,"href":"https:\/\/2018.tallinnmusicweek.ee\/et\/wp-json\/wp\/v2\/users\/1"}],"replies":[{"embeddable":true,"href":"https:\/\/2018.tallinnmusicweek.ee\/et\/wp-json\/wp\/v2\/comments?post=1119"}],"version-history":[{"count":18,"href":"https:\/\/2018.tallinnmusicweek.ee\/et\/wp-json\/wp\/v2\/pages\/1119\/revisions"}],"predecessor-version":[{"id":4621,"href":"https:\/\/2018.tallinnmusicweek.ee\/et\/wp-json\/wp\/v2\/pages\/1119\/revisions\/4621"}],"up":[{"embeddable":true,"href":"https:\/\/2018.tallinnmusicweek.ee\/et\/wp-json\/wp\/v2\/pages\/1071"}],"wp:featuredmedia":[{"embeddable":true,"href":"https:\/\/2018.tallinnmusicweek.ee\/et\/wp-json\/wp\/v2\/media\/448"}],"wp:attachment":[{"href":"https:\/\/2018.tallinnmusicweek.ee\/et\/wp-json\/wp\/v2\/media?parent=1119"}],"curies":[{"name":"wp","href":"https:\/\/api.w.org\/{rel}","templated":true}]}}