{"id":1109,"date":"2016-12-25T21:05:26","date_gmt":"2016-12-25T19:05:26","guid":{"rendered":"http:\/\/188.166.60.220\/festival\/tastes\/"},"modified":"2018-04-03T10:11:00","modified_gmt":"2018-04-03T07:11:00","slug":"maitsed","status":"publish","type":"page","link":"https:\/\/2018.tallinnmusicweek.ee\/et\/festival\/maitsed\/","title":{"rendered":"TMW Maitsed"},"content":{"rendered":"","protected":false},"excerpt":{"rendered":"","protected":false},"author":1,"featured_media":638,"parent":1071,"menu_order":0,"comment_status":"closed","ping_status":"closed","template":"template-modular.php","meta":{"_monsterinsights_skip_tracking":false,"_monsterinsights_sitenote_active":false,"_monsterinsights_sitenote_note":"","_monsterinsights_sitenote_category":0},"acf":{"modules":[{"acf_fc_layout":"lead","content":"<p>TMW valik m\u00f5nusamaid restorane ja kohvikuid ning festivali pop-up baar Disaini- ja arhitektuurigaleriis, mille men\u00fc\u00fc eest vastutab Renard Coffee Shop &amp; RabaPeet. TMW Maitsed on iga toidus\u00f5bra unistus.<\/p>\n"},{"acf_fc_layout":"regular_content","content":"<p>TMW Maitsed programm esitleb veerandsadat pealinna restorani ja\u00a0kohvikut, toiduvalmistamise t\u00f6\u00f6tube ja kodu\u00f5htus\u00f6\u00f6ke mehhiklastega.\u00a0Lisaks pop-up baarile leiab TMW restoranide valikust 25 s\u00f6\u00f6gi- ja joogipaika, mis pakuvad\u00a0peakokkade poolt hoolikalt koostatud TMW erimen\u00fc\u00fcd ning soodustusi festivalipassi\u00a0omanikele. Tutvu programmis osalevate restoranidega <a href=\"https:\/\/2018.tallinnmusicweek.ee\/et\/kohad\/\">siin<\/a>.<\/p>\n<p><strong>TMW Maitsed programmis osalevad s\u00f6\u00f6gi- ja joogipaigad:<\/strong><\/p>\n<p><a href=\"https:\/\/2018.tallinnmusicweek.ee\/et\/kohad\/bekker-bakery\/\">Bekker Pagari\u00e4ri<\/a><br \/>\n<a href=\"https:\/\/2018.tallinnmusicweek.ee\/et\/kohad\/blisstray-popup\/\">BlissTray PopUp<\/a><br \/>\n<a href=\"https:\/\/2018.tallinnmusicweek.ee\/et\/kohad\/restaurant-bollywood\/\">Bollywood<\/a><br \/>\n<a href=\"https:\/\/2018.tallinnmusicweek.ee\/et\/kohad\/fafas\/\">Fafa\u2019s<\/a><br \/>\n<a href=\"https:\/\/2018.tallinnmusicweek.ee\/et\/kohad\/gotsu-kyuhoss-kitchen\/\">Gotsu, Kyuhos&#8217;s Kitchen<\/a><br \/>\n<a href=\"https:\/\/2018.tallinnmusicweek.ee\/et\/kohad\/kokomo-coffee-roasters\/\">KOKOMO r\u00f6stikoda ja kohvipood<\/a><br \/>\n<a href=\"https:\/\/2018.tallinnmusicweek.ee\/et\/kohad\/cafe-klaus\/\">Klaus Kohvik \/ Vietnami Salv<\/a><br \/>\n<a href=\"https:\/\/2018.tallinnmusicweek.ee\/et\/kohad\/cafe-august\/\">Kohvik August<\/a><br \/>\n<a href=\"https:\/\/2018.tallinnmusicweek.ee\/et\/kohad\/kolm-sibulat\/\">Kolm Sibulat<\/a><br \/>\n<a href=\"https:\/\/2018.tallinnmusicweek.ee\/et\/kohad\/korsten-armastus-hea-toit\/\">Korsten, Armastus &amp; Hea toit<\/a><br \/>\n<a href=\"https:\/\/2018.tallinnmusicweek.ee\/et\/kohad\/levi-cafe-ristikheina\/\">LEVI + Ristikeina kohvik<\/a><br \/>\n<a href=\"https:\/\/2018.tallinnmusicweek.ee\/et\/kohad\/leib-resto-aed\/\">Leib Resto &amp; Aed<\/a><br \/>\n<a href=\"https:\/\/2018.tallinnmusicweek.ee\/et\/kohad\/moon\/\">MOON<\/a><br \/>\n<a href=\"https:\/\/2018.tallinnmusicweek.ee\/et\/kohad\/manna-la-roosa\/\">Manna La Roosa<\/a><br \/>\n<a href=\"https:\/\/2018.tallinnmusicweek.ee\/et\/kohad\/restaurant-monaco\/\">Monaco restoran<\/a><br \/>\n<a href=\"https:\/\/2018.tallinnmusicweek.ee\/et\/kohad\/nop\/\">NOP<\/a><br \/>\n<a href=\"https:\/\/2018.tallinnmusicweek.ee\/et\/kohad\/parrot-minibar\/\">Parrot MiniBar<\/a><br \/>\n<a href=\"https:\/\/2018.tallinnmusicweek.ee\/et\/kohad\/renard-coffee-shop-and-rabapeet\/\">Renard Coffee Shop ja RabaPeet<\/a><br \/>\n<a href=\"https:\/\/2018.tallinnmusicweek.ee\/et\/kohad\/saku-gastro\/\">Saku Gastro<\/a><br \/>\n<a href=\"https:\/\/2018.tallinnmusicweek.ee\/et\/kohad\/salt\/\">Salt<\/a><br \/>\n<a href=\"https:\/\/2018.tallinnmusicweek.ee\/et\/kohad\/sfaar\/\">Sf\u00e4\u00e4R Resto<\/a><br \/>\n<a href=\"https:\/\/2018.tallinnmusicweek.ee\/et\/kohad\/tabac\/\">Tabac<\/a><br \/>\n<a href=\"https:\/\/2018.tallinnmusicweek.ee\/et\/kohad\/taptap-tallinn\/\">Taptap Tallinn<\/a><br \/>\n<a href=\"https:\/\/2018.tallinnmusicweek.ee\/et\/kohad\/tokumaru\/\">Tokumaru<\/a><br \/>\n<a href=\"https:\/\/2018.tallinnmusicweek.ee\/et\/kohad\/von-krahl-aed\/\">Von Krahli Aed<\/a><br \/>\n<a href=\"https:\/\/2018.tallinnmusicweek.ee\/et\/kohad\/von-krahl-bar\/\">Von Krahli Baar<\/a><\/p>\n<h5>ERI\u00d5HTUS\u00d6\u00d6KIDE KAVA<\/h5>\n<p><strong>Taco \u00f5htu mehhiklastega<\/strong><br \/>\n<strong>Kolmap\u00e4ev, 4. aprill kell 19.30<\/strong><br \/>\n<strong>Reede, 6. aprill kell 19.30<\/strong><\/p>\n<p>Kodu\u00f5htus\u00f6\u00f6k Arina, Carlose, Eriku ja Leonardoga.<\/p>\n<p>Asukoht: <a href=\"https:\/\/www.google.ee\/maps\/place\/Kungla+22,+10411+Tallinn\/@59.4458721,24.7252281,17z\/data=!3m1!4b1!4m5!3m4!1s0x46929378d45d410f:0xadf2ef12d4c49a35!8m2!3d59.4458694!4d24.7274168?hl=en\">Kungla 22-1<\/a><br \/>\nHelista kui kohal: +372 504 3740<\/p>\n<p>Hind: 15\u20ac<\/p>\n<p>Korraldaja: Red Global MC Chapter Estonia<\/p>\n<p><strong>Korilase K\u00f6\u00f6k: j\u00e4tkusuutlik brant\u0161<\/strong><br \/>\n<strong>Laup\u00e4ev, 7. aprill kell 11.00\u201313.00<\/strong><br \/>\n<strong>P\u00fchap\u00e4ev, 8. aprill kell 11.00\u201313.00 ja 14.00\u201316.00<\/strong><\/p>\n<p>Men\u00fc\u00fc tooraine on 90% ulatuses p\u00e4rit kohalikelt tootjatelt, kes sarnaselt Korilase K\u00f6\u00f6gile evivad mahedat maailmavaadet. K\u00f5ike seda muidugi teatud piirangutega, kuna teatavasti oliivi- ja apelsinipuud meil ei kasva ning neid on p\u00f5hjamaises kliimas keeruline asendada.\u00a0Toidu valmistamisel l\u00e4htutakse tooraine s\u00e4\u00e4stlikust kasutamisest.\u00a0Me ei koori peeti, j\u00e4rgi j\u00e4\u00e4nud munakoortega rikastame peenramaal lume alt sulavat mulda ning kuivanud leiba ei viska \u00e4ra, vaid r\u00f6stime m\u00f5nusaks kr\u00f5bedikuks. Lihtne ja loogiline \u2013\u00a0s\u00e4\u00e4stlik sulle, meile ja keskkonnale.<\/p>\n<p>Asukoht:\u00a0<a href=\"https:\/\/www.google.ee\/maps\/place\/Magasini+13,+10138+Tallinn\/@59.4255753,24.750994,17z\/data=!3m1!4b1!4m5!3m4!1s0x469294a3ac2745c1:0x498b2cbb366f021a!8m2!3d59.4255726!4d24.7531827?hl=en\">Magasini 13<\/a><\/p>\n<p>Hind: 15\u20ac<\/p>\n<p><strong>\u201eSaame tuttavaks!\u201c S\u00fc\u00fcria ja Aafrika toidu t\u00f6\u00f6toad<\/strong><br \/>\n<strong>Teisip\u00e4ev, 3. aprill kell 17.30 \u2013 Aafrika toidu t\u00f6\u00f6tuba ja \u00f5htus\u00f6\u00f6k<\/strong><br \/>\n<strong>Neljap\u00e4ev, 5. aprill kell 17.30 \u2013 S\u00fc\u00fcria toidu t\u00f6\u00f6tuba ja \u00f5htus\u00f6\u00f6k<\/strong><\/p>\n<p>Asukoht:\u00a0Balti Jaama Turu demok\u00f6\u00f6k (<a href=\"https:\/\/www.google.ee\/maps\/place\/Kopli+1,+10149+Tallinn\/@59.4410682,24.7341503,17z\/data=!3m1!4b1!4m5!3m4!1s0x4692937cffb3cb75:0xa607d28578d7bd1e!8m2!3d59.4410655!4d24.736339?hl=en\">Kopli 1<\/a>)<\/p>\n<p>\u201cSaame tuttavaks!\u201d on Eesti Pagulasabi, Johannes Mihkelsoni Keskuse ja Tartu rahvusvahelise maja \u00fchisprojekt, mille jooksul korraldatakse 45 erinevat \u00fcritust \u00fcle kogu Eesti, kus kohtuvad rahvusvahelise kaitse saajad, Eestis elavad v\u00e4lismaalased ja kohalikud inimesed. Seekord on \u201cSaame tuttavaks!\u201d projekti meeskond otsustanud korraldada Tallinn Music Week\u2019i raames koguni kaks erinevat eksootilise toidu t\u00f6\u00f6tuba. T\u00f6\u00f6tubade osalejatel avaneb v\u00f5imalus \u00f5ppida selgeks kas Aafrika v\u00f5i S\u00fc\u00fcria retseptid, kokata koos ning seej\u00e4rel m\u00f5nusas \u00f5hkkonnas valminud toitu s\u00fc\u00fca. Tule ja saa tuttavaks meie kokkadega \u2014 S\u00fc\u00fcriast p\u00e4rit Alaa\u2019ga ning Nigeeriast p\u00e4ris Sherif\u2019iga.<\/p>\n<p>S\u00fc\u00fcria toidu t\u00f6\u00f6toas valmistame seekord k\u00f5ikide lemmikuid \u2014 hummust ja baba ganoush\u2019i, t\u00e4idetud viinamarjalehti ehk dolma\u2019t ning bulgur\u2019it shakriya jogurtisupiga (supis on kanaliha, palun anna meile teada, kui oled taimetoitlane!). Kohvi v\u00f5i tee k\u00f5rvale saab nautida baklava\u2019t ning katayif\u2019it.<\/p>\n<p>Aafrika toidu t\u00f6\u00f6toas valmistame aafrikap\u00e4raseid ube, praetud jahubanaani, gizzart\u2019i kanarooga, puff-puff maiustusi ning hibiskuse jooki zobo\u2019t.<\/p>\n<p>K\u00f5ik t\u00f6\u00f6toas osalejad saavad kaasa valmid roogade retseptid, et midagi meelest ei l\u00e4heks!<\/p>\n<p>\u00dcritus toimub inglise keeles, vajadusel aitavad meie vabatahtlikud t\u00f6\u00f6tuba eesti keelde t\u00f5lkida.<\/p>\n<p>\u201cSaame tuttavaks!\u201d projekti kaasrahastavad Euroopa Liit Varjupaiga-, R\u00e4nde- ja Integratsioonifondi kaudu ning EV Siseministeerium.<\/p>\n<p><strong>T\u00f6\u00f6toas osalemiseks:<\/strong><\/p>\n<p><a href=\"mailto:evelin@tallinnmusicweek.ee\">Registreeri siin<\/a><\/p>\n<p>Pane pealkirjaks S\u00fc\u00fcria v\u00f5i Aafrika ning kirjuta oma \u00a0ees-ja perekonnanimi<br \/>\nOsalemistasu ei k\u00fcsita, v\u00f5tame r\u00f5\u00f5muga vastu 18 esimest reageerijat<\/p>\n<p><a href=\"http:\/\/saametuttavaks.ee\/\">Tutvu projektiga l\u00e4hemalt<\/a><\/p>\n"},{"acf_fc_layout":"twocol","col_first":"<p><a href=\"https:\/\/2018.tallinnmusicweek.ee\/et\/kohad\/11300\/\"><br \/>\n<\/a><\/p>\n","col_second":""},{"acf_fc_layout":"quote","content":"<p>The capital of Estonia, a burgeoning food scene disproves the stereotypes surrounding Baltic food. A massive celebration of modern Estonian culture.<\/p>\n","name":"Merlin Jobst, Vice Munchies"}]},"_links":{"self":[{"href":"https:\/\/2018.tallinnmusicweek.ee\/et\/wp-json\/wp\/v2\/pages\/1109"}],"collection":[{"href":"https:\/\/2018.tallinnmusicweek.ee\/et\/wp-json\/wp\/v2\/pages"}],"about":[{"href":"https:\/\/2018.tallinnmusicweek.ee\/et\/wp-json\/wp\/v2\/types\/page"}],"author":[{"embeddable":true,"href":"https:\/\/2018.tallinnmusicweek.ee\/et\/wp-json\/wp\/v2\/users\/1"}],"replies":[{"embeddable":true,"href":"https:\/\/2018.tallinnmusicweek.ee\/et\/wp-json\/wp\/v2\/comments?post=1109"}],"version-history":[{"count":41,"href":"https:\/\/2018.tallinnmusicweek.ee\/et\/wp-json\/wp\/v2\/pages\/1109\/revisions"}],"predecessor-version":[{"id":4698,"href":"https:\/\/2018.tallinnmusicweek.ee\/et\/wp-json\/wp\/v2\/pages\/1109\/revisions\/4698"}],"up":[{"embeddable":true,"href":"https:\/\/2018.tallinnmusicweek.ee\/et\/wp-json\/wp\/v2\/pages\/1071"}],"wp:featuredmedia":[{"embeddable":true,"href":"https:\/\/2018.tallinnmusicweek.ee\/et\/wp-json\/wp\/v2\/media\/638"}],"wp:attachment":[{"href":"https:\/\/2018.tallinnmusicweek.ee\/et\/wp-json\/wp\/v2\/media?parent=1109"}],"curies":[{"name":"wp","href":"https:\/\/api.w.org\/{rel}","templated":true}]}}