{"id":1105,"date":"2016-12-25T21:05:08","date_gmt":"2016-12-25T19:05:08","guid":{"rendered":"http:\/\/188.166.60.220\/festival\/talks\/"},"modified":"2018-04-07T14:35:20","modified_gmt":"2018-04-07T11:35:20","slug":"jutud","status":"publish","type":"page","link":"https:\/\/2018.tallinnmusicweek.ee\/et\/festival\/jutud\/","title":{"rendered":"TMW Jutud"},"content":{"rendered":"","protected":false},"excerpt":{"rendered":"","protected":false},"author":1,"featured_media":0,"parent":1071,"menu_order":0,"comment_status":"closed","ping_status":"closed","template":"template-modular.php","meta":{"_monsterinsights_skip_tracking":false,"_monsterinsights_sitenote_active":false,"_monsterinsights_sitenote_note":"","_monsterinsights_sitenote_category":0},"acf":{"modules":[{"acf_fc_layout":"twocol","col_first":"<p>TMW avalik tasuta vestlustesari Jutud toob kokku p\u00f5nevad isiksused ja p\u00f5letavad teemad muusika, identiteedi ja kultuuri ristmikelt \u2013 andekusest kui erivajadusest keskkonna m\u00fc\u00fctideni, netip\u00f5hisest audiovisuaalsest loomest YouTube\u2019i freakshowni. Kuidas linnakultuuri m\u00f5testada ja edasi anda ning millised eesm\u00e4rgid p\u00fchitsevad abin\u00f5ud? Kuidas elavad meie regiooni plaadipoed? Seiklusjutte vaimsest ja f\u00fc\u00fcsilisest tervisest pajatavad need, kel on kogemusi ja kuraasi.<\/p>\n<p>Armastatud <strong>Check My Demo<\/strong> sessioon on tagasi v\u00f5imsamana kui varem. Kui soovid ka oma looga rahvusvahelise seltskonna tagasisidele pretendeerida, poeta plaat enne reedet Biit Me\u2019s asuvasse kogumiskasti. Juttude sari ootab kaasa m\u00f5tlema esmasp\u00e4evast reedeni kell 17.00 Pop-up restoranis ja kell 18.30 Biit Me plaadipoes.<\/p>\n<p>&nbsp;<\/p>\n","col_second":"<p><img loading=\"lazy\" class=\"alignnone size-large wp-image-4528\" src=\"https:\/\/2018.tallinnmusicweek.ee\/wp-content\/uploads\/2018\/03\/talks-1024x683.jpg\" alt=\"\" width=\"1024\" height=\"683\" srcset=\"https:\/\/2018.tallinnmusicweek.ee\/wp-content\/uploads\/2018\/03\/talks.jpg 1024w, https:\/\/2018.tallinnmusicweek.ee\/wp-content\/uploads\/2018\/03\/talks-300x200.jpg 300w, https:\/\/2018.tallinnmusicweek.ee\/wp-content\/uploads\/2018\/03\/talks-768x512.jpg 768w\" sizes=\"(max-width: 1024px) 100vw, 1024px\" \/><\/p>\n"},{"acf_fc_layout":"lead","content":""},{"acf_fc_layout":"regular_content","content":"<h5>ESMASP\u00c4EV, 2. aprill<\/h5>\n<p>Esmasp\u00e4ev<br \/>\n17.00 Pop-up baar (P\u00e4rnu mnt 6)<\/p>\n<p><strong>Vaimuvalgus(raie) internetis ja AV-ajastu kangelased<\/strong><\/p>\n<p>Interneti audiovisuaalsed varalaekad on t\u00e4is meelelahutust ja huumorit, mis peegeldavad inimkonna vajadusi, p\u00fc\u00fcdlusi ning hirme. Iga\u00fchel meist on v\u00f5imalus virtuaalse jutul\u00f5nga l\u00f5imimisel kaasa l\u00fc\u00fca, ometi valitseb n\u00e4iliselt demoraatlikel platvormidel purism ja range \u017eanri diktaat ning kapitaliseeritavat edu p\u00e4lvivad v\u00e4hesed. Binge-watchingust on saanud uus rock\u2019n\u2019roll, kr\u00fcptoraha buum on nikerdanud netist rahamasina ja #suurimjulgus on hoiduda ise netitrolliks muutumast. Kas jaksame seda k\u00f5ike seedida v\u00f5i vajaks internet valgusraiet? Arutelule j\u00e4rgneb vabameelne klipiseanss ehk youtube freakshow.<\/p>\n<p>Moderaator: Maarja Merivoo-Parro (Raadio 2 tegevtoimetaja)<\/p>\n<p>Panelistid:<br \/>\nSiim Nestor (Eesti Ekspressi ajakirjanik)<br \/>\nLiisi Laineste (Eesti Kirjandusmuuseumi vanemteadur)<br \/>\nMartti Hallik (juutuuber)<br \/>\nRasmus Merivoo (vabakutseline filmire\u017eiss\u00f6\u00f6r)<br \/>\nMikk-Mait Kivi (Von Krahli videokunstnik)<\/p>\n<p>Vestlus on eesti keeles.<\/p>\n<p>&nbsp;<\/p>\n<p>Esmasp\u00e4ev<br \/>\n18.30 Biit Me plaadipood (Viru 3-5)<br \/>\n<strong>Meiecundi plaadipoendus<\/strong><\/p>\n<p>Paljude muusikute jaoks on plaadipoed m\u00e4rgilise t\u00e4hendusega \u2013 sealt on saadud nii kunstilisi impulsse ja artistiambitsioone kui ka v\u00f5imalusi oma loominguga asjatundlike poesellide ja melomaanide vestluse aineseks olla. Plaadipoodides elav ainulaadne kultuur on vin\u00fc\u00fcli j\u00e4tkuvast v\u00f5iduk\u00e4igust palju v\u00f5itnud. Paraku on suurem n\u00f5udlus toonud kaasa ka internetip\u00f5histe pakkujate kasvu. Kuidas Baltikumi plaadipoed end muutuste tuultes tunnevad?<\/p>\n<p>Moderaator: Sander Varusk (Tallinna Terminali plaadipoe juhataja)<\/p>\n<p>Panelistid:<br \/>\nMadis Nestor (Tallinna Biit Me plaadipoe omanik)<br \/>\nMareks Ameriks, LV (Riia vin\u00fc\u00fclip\u00e4eva kaaslooja, Jersika Recordsi omanik)<br \/>\nArnas Gataveckas, LT (Vilniuse plaadipoe ja -firma Discotag omanik)<br \/>\nRainer Rob Sirel (Tartu plaadipoe Gramophonetree Records omanik)<br \/>\nAnu Varusk (Baltikumi turundusjuht Warner Music Groupis)<\/p>\n<p>Vestlus on inglise keeles.<\/p>\n<h5>TEISIP\u00c4EV, 3. aprill<\/h5>\n<p>Teisip\u00e4ev<br \/>\n16.00 Must Puudel (M\u00fc\u00fcrivahe 20)<br \/>\nNoorte Jutud:\u00a0<strong>We don\u2019t need no education!<\/strong><\/p>\n<p>Milline on kool ja hariduss\u00fcsteem Eesti 200. juubelil? Kes on otsustajad hariduses ja millised on suhted \u00f5pilase ja \u00f5petaja vahel? Kas \u00f5pime paberilt v\u00f5i ekraanilt v\u00f5i siis ei \u00f5pigi? Millised on homsed lahendused t\u00e4nastele probleemidele?<\/p>\n<p>Moderaator: Marcus Ehasoo (Eesti \u00d5pilasesinduste Liidu juhatuse aseesimees)<\/p>\n<p>Panelistid:<\/p>\n<p>Astrid Sildnik (Eesti \u00d5petajate Liidu juhatuse liige)<br \/>\nGrete Elmi ( Universal Music Baltics projektijuht)<br \/>\nPriit Kruus (Tallinna \u00dclikooli lektor)<br \/>\nArette Kuusev\u00e4li (Tallinna Mustam\u00e4e G\u00fcmnaasiumi abiturient)<\/p>\n<p><span style=\"line-height: 1.5;\">Vestlus on eesti keeles.<\/span><\/p>\n<p>Teisip\u00e4ev<br \/>\n17.00 Pop-up baar\u00a0 (P\u00e4rnu mnt 6)<br \/>\n<strong>Keskkonnam\u00fc\u00fctide v\u00e4etis ja v\u00e4etus<\/strong><\/p>\n<p>S\u00fcdametunnistus sunnib paljusid meist valima tooteid ja tegevusi, mida peame keskkonnas\u00f5bralikuks. Ent kas ja kui tihti me selle k\u00e4igus teadmatult k\u00e4itume soovitule hoopis vastupidiselt \u2013 keskkonda kahjustavalt? Teadlased paljastavad meid \u00fcmbritsevaid keskkonnam\u00fc\u00fcte ja annavad n\u00f5u, kuidas olla t\u00f5eliselt \u00a0\u201croheline\u201d.<\/p>\n<p>Moderaator: Arlo Olesk (teaduskommunikatsiooni ekspert)<\/p>\n<p>Panelistid:<\/p>\n<p>Dr. Aveliina Helm (botaanik, Tartu \u00dclikooli vanemteadur)<br \/>\nDr. Mihkel Kangur (\u00f6koloog, Tallinna \u00dclikooli dotsent)<br \/>\nDr. Grete Arro (ps\u00fchholoog, Tallinna \u00dclikooli teadur)<\/p>\n<p>Vestlus on eesti keeles.<\/p>\n<p><span style=\"line-height: 1.5;\"><br \/>\nTeisip\u00e4ev<br \/>\n<\/span>18.00 Pu\u00e4nt raamatupood (P\u00e4rnu mnt 4)<br \/>\n<strong>Eesti Pagulasabi esitleb: Elav raamatukogu &#8220;Saame tuttavaks!&#8221;<\/strong><\/p>\n<p>Tule elavasse raamatukokku ning kuula, mis lugusid meie raamatud sulle r\u00e4\u00e4givad!<\/p>\n<p>Elava raamatukogu formaati kasutati esimest korda Taanis 2000. aasta kevadel Roskilde festivalil. Sellest ajast saati on elav raamatukogu j\u00f5udnud ligi seitsmek\u00fcmnesse erinevasse riiki \u00fcle maailma. Elavas raamatukogus saavad \u201clugejad\u201d ehk siis kuulajad kuulata p\u00e4ris inimeste p\u00e4ris lugusid. Vestlus \u201craamatuga\u201d seab kahtluse alla kuulaja v\u00f5imalikud stereot\u00fc\u00fcbid ja eelarvamused ning loob positiivse ning isikliku dialoogi inimeste vahel, kellel igap\u00e4evaelu olukordades ei avaneks v\u00f5imalust \u00fcksteist tundma \u00f5ppida.<\/p>\n<p>Mida k\u00fcsiksid sina sisser\u00e4ndaja v\u00f5i pagulase k\u00e4est? Elav raamatukogu on nagu iga teine raamatukogu. Vali kataloogist raamat, mis sulle enam huvi pakub ning kuula, mis ta sulle r\u00e4\u00e4gib. Raamatud on vabatahtlikult n\u00f5us jagama oma elu lugusid ning jutustama oma kogemustest migratsiooni, paguluse ja kultuuride-vahelise dialoogi teemadel. 15 minutit isiklikku vestlust pakub lugejale uut perspektiivi ning arusaama antud teemadel.<\/p>\n<p>\u00dcritus toimub inglise keeles ning on k\u00f5igile tasuta. Lisaks huvitavate lugude kuulamisele saab elavas raamatukogus maitsta ka Eestis elavate pagulaste poolt valmistatud maiustusi.<\/p>\n<p>Elav raamatukogu toimub projekti \u201cSaame tuttavaks!\u201d raames. Projekti kaasrahastavad Euroopa Liit Varjupaiga-, R\u00e4nde- ja Integratsioonifondi kaudu ning EV Siseministeerium.<\/p>\n<p>Vestlus on inglise keeles.<\/p>\n<p>Teisip\u00e4ev<br \/>\n18.30 Biit Me plaadipood (Viru 3-5)<br \/>\n<strong>Podcast versus broadcast<\/strong><\/p>\n<p>Digitaalse p\u00f6\u00f6rde j\u00e4rel ei pea oma k\u00f5rge raadiolibiido rahuldamiseks l\u00e4bima kadalippu, mille l\u00f5pus terendab piiratud eetriaeg \u2013 \u00a0iga\u00fcks v\u00f5ib n\u00fc\u00fcd lihtsa vaevaga internetis oma isiklikke podcaste avaldada. Ka inimeste kuulamisharjumused on muutunud ning helimaastiku otsinguil haaratakse \u00fcha enam mitte raadiomasina, vaid nutitelefoni j\u00e4rele. Sellest tulenevalt laadivad traditsioonilised raadiojaamad \u00fcha enam ka oma sisu internetti. Eesm\u00e4rkidest ja abin\u00f5udest, sisust ja vormist, \u00f5hust ja armastusest r\u00e4\u00e4givad praegused ja tulevased raadiolaine harjadel ja netiavarustes surfavad h\u00e4\u00e4led meilt ja mujalt.<br \/>\nVestluse j\u00e4rel toimub Jim Ashilevi ja Ivo Krustoki \u00a0podcastina s\u00fcndinud ning n\u00fc\u00fcdseks Raadio 2 programmi kuuluva saate \u201cPopkulturistid\u201d avalik salvestus.<\/p>\n<p>Moderaator: Ingrid Peek (Vikerraadio peatoimetaja)<\/p>\n<p>Panelistid:<br \/>\nJakob Rosin (podcastide gurmaan ja Raadio 2 saatejuht)<br \/>\nAbbie Gobeli, US (Seattle&#8217;i KEXP raadiojaama DJ)<br \/>\nAri Matti Mustonen (Tussis\u00f6\u00f6jate podcasti looja ja p\u00fcstijala-koomik)<\/p>\n<p>Vestlus on inglise keeles.<\/p>\n<h5>KOLMAP\u00c4EV, 4. aprill<\/h5>\n<p>Kolmap\u00e4ev<br \/>\n16.00 Must Puudel (M\u00fc\u00fcrivahe 20)<br \/>\nNoorte jutud:\u00a0<strong>Linn on meie!<\/strong><\/p>\n<p>K\u00f5ik on n\u00f5us, et linnaruum peab olema inims\u00f5bralik. Kuidas seda saavutada? Kas autoga liiklejate ja jalak\u00e4ijate vajadusi saab korraga t\u00e4ita? Mis rolli m\u00e4ngivad \u00fchistransport ja kergliiklusteed ning kuhu peaksid minema t\u00e4navasportlased? Kas peame keelama ajaloolise t\u00e4htsusega kohtades kergliiklusvahenditega liiklemise v\u00f5i igas linnaruumi kohas toetama loodust s\u00e4\u00e4stvaid transpordivahendeid? \u00dctle s\u00f5na sekka!<\/p>\n<p>Panelistid:<br \/>\nKeerdtrepp (juutuuber)<br \/>\nT\u00f5nis Savi (arhitekt, Tallinn Bicycle Weeki ellukutsuja)<br \/>\nZ\u00fcleyxa Izmailova (Tallinna abilinnapea)<\/p>\n<p><span style=\"line-height: 1.5;\">Vestlus on eesti keeles.<\/span><\/p>\n<p>Kolmap\u00e4ev<br \/>\n17.00 Pop-up baar\u00a0 (P\u00e4rnu mnt 6)<br \/>\n<strong>Euroopa Kultuuripealinn 2024 \u2013 kultuur kui linna arengumootor<\/strong><\/p>\n<p>Aastal 2024 saab \u00fchest Eesti linnast Euroopa Kultuuripealinn. Sellega seoses tekkinud avalikus diskussioonis annavad tooni Tartu ja Narva kandidatuuri pooldajad. Kuidas linnakultuuri m\u00f5testada ja edasi anda? Millised eesm\u00e4rgid p\u00fchitsevad abin\u00f5ud? Linnam\u00f5tlejad Narvast ja Tartust v\u00e4itlevad sisu ja vormi \u00fcle, otsivad piiri p\u00f5lisuse ja Potjomkini vahel ning hindavad kriitiliselt ka suuremat pilti ning arenguid tselluloositehase rajamisest Kreenholmi tulevikuni.<\/p>\n<p>Moderaator: Maris Hellrand (meediaekspert)<\/p>\n<p>Panelistid:<\/p>\n<p>Berk Vaher (Eesti Kirjanike Liidu Tartu osakonna esimees)<br \/>\nJ\u00fcri Nikolajev (Eesti Rahvusringh\u00e4\u00e4lingu Narva korrespondent)<br \/>\nLinda Lainvoo (Muinsuskaitseameti kunstim\u00e4lestiste peainspektor)<br \/>\nAhto K\u00fclvet (kultuuritegelane ja Ps\u00fchhoteegi plaadipoe omanik)<\/p>\n<p>Vestlus on eesti keeles.<\/p>\n<p>Kolmap\u00e4ev<br \/>\n18.30 Biit Me plaadipood (Viru 3-5)<br \/>\n<strong>Suu laulab, katus s\u00f5idab ehk tervis muusikat\u00f6\u00f6stuses<\/strong><\/p>\n<p>Andekus on erivajadus ja sellega toimetulek v\u00f5ib tekitada omap\u00e4raseid katsumusi. Muusikuelu juurde k\u00e4ivad veidrad t\u00f6\u00f6ajad, v\u00e4hene sotsiaalne kindlustatus ja pidev inspiratsiooniseisundi p\u00fc\u00fcdmine. Kuidas nende diktaatoritega toime tulla? Seiklusjutte vaimsest ja f\u00fc\u00fcsilisest tervisest pajatavad need, kel on kogemusi ja kuraasi.<\/p>\n<p>Moderaator: Ralf Sauter (filmikriitik ja blogija)<\/p>\n<p>Panelistid:<br \/>\nMaria Faust (saksofonist ja helilooja)<br \/>\nTaavi Tulev (muusik ja helimaastike disainer)<\/p>\n<p>Vestlus on eesti keeles.<\/p>\n<h5>NELJAP\u00c4EV, 5. aprill<\/h5>\n<p>Neljap\u00e4ev<br \/>\n16.00 Must Puudel (M\u00fc\u00fcrivahe 20)<br \/>\n<strong>Bazar esitleb: T\u00e4helepanu, uksed avanevad!<\/strong><\/p>\n<p>Millised on barj\u00e4\u00e4rid vene ja eesti keelt k\u00f5nelevate noorte vahel internetisuhtluses? Kas ja kus tekivad konfliktid ning kuidas nendest \u00fcle saada? Millised on erinevused eesti ja vene keelt emakeelena k\u00f5nelevate noorte suhtluskultuurides? Kas ja kuidas eesti ja vene noored \u00fcldse omavahel suhtlevad ja mis seda esile kutsub? Kuidas saavad noored ise aidata kaasa vabale ja sallivale suhtlusele sotsiaalmeedias ja ka igap\u00e4eva elus? Mis on \u00fcldse 21. sajandi internetis suurim julgus, kas \u00e4ssitustele peaks astuma vastu v\u00f5i hoopis vaikima ja mitte vihavooluga kaasa minema?<\/p>\n<p>Moderaatorid:<br \/>\nAleksandr \u017dem\u017eurov (ETV+ ja R4 saatejuht)<br \/>\nValeria Lavrova (Bazaari korraldaja)<\/p>\n<p>Panelistid:<br \/>\nVictoria Villig (juutuuber)<br \/>\nAleks Sakson (muusik)<br \/>\nRita R\u00e4tsepp (ps\u00fchholoog)<br \/>\nEva Lennuk (Narva Eesti G\u00fcmnaasiumi abiturient)<\/p>\n<p><span style=\"line-height: 1.5;\">Vestlus on eesti ja vene keeles.<\/span><\/p>\n<p>Neljap\u00e4ev<br \/>\n17.00 Pop-up baar\u00a0 (P\u00e4rnu mnt 6)<br \/>\n<strong>Linnapeade debatt: Euroopa kultuuripealinn 2024, kes ja miks?<\/strong><\/p>\n<p>Aastal 2024 saab \u00fcks Eesti linnadest Euroopa kultuuripealinna tiitli kandjaks. Seni on oma kandideerimisplaanist teatanud Tartu ja Narva, aga ka mitmed v\u00e4iksemad linnad m\u00f5lgutavad m\u00f5tteid. Mida linnad ise ootavad tiitlisaastast ja ettevalmistusprotsessist? Kuidas sellest k\u00f5ige rohkem v\u00f5ita? Mida on vaja ise panustada ja mis peaks linnas muutuma?<\/p>\n<p>Moderaator: Maris Hellrand (Tallinn 2011 rahvusvahelise kommunikatsiooni juht)<\/p>\n<p>Panelistid:<br \/>\nUrmas Klaas \u2013 Tartu linnapea<br \/>\nTarmo Tammiste \u2013 Narva linnapea<br \/>\nMarko Torm \u2013 Rakvere linnapea<br \/>\nJaanus Rohumaa \u2013 Tallinn 2011 programmijuht, EV100 korraldustoimkonna juht<\/p>\n<p>Vestlus on eesti keeles.<\/p>\n<p>Neljap\u00e4ev<br \/>\n18.30 Biit Me plaadipood (Viru 3-5)<br \/>\n<strong>Kv\u00e4\u00e4r k\u00e4\u00e4rk\u00e4si ja kultuurikangas<\/strong><\/p>\n<p>Elame haruldaselt kiirete eetiliste ja esteetiliste normide muutumise ajastul \u2013 murranguid inim\u00f5iguste ja isikuvabaduse rindel v\u00f5ib j\u00e4lgida mitte enam aastate, vaid suisa kuude l\u00f5ikes. Muuhulgas m\u00e4ngivad v\u00f5tmerolli seksuaalv\u00e4hemuste esindajate katsed vabaneda maailma ajaloos neile asetatud \u201ckultuurilise teise\u201d vastandavast rollist. Kas oleme j\u00f5udmas sel teemal juba peenh\u00e4\u00e4lestamiseni v\u00f5i varitseb oht, et uued tundlikkused rakendatakse sujuvalt vana vankri ette ja peavool neelab queer-tunnetuse alla?<\/p>\n<p>Panelistid:<\/p>\n<p>Steph Kretowicz, UK\/US (kirjanik ja ajakirjanik)<br \/>\nDr. Brigitta Davidjants (\u00f5ppej\u00f5ud ja muusik)<br \/>\nBart Pushaw, US (kunstiajaloolane)<br \/>\nMaria Minerva (muusik ja kirjanik)<br \/>\nRene K\u00f6ster (queer-esineja ja produtsent)<\/p>\n<p>Vestlus on inglise keeles.<\/p>\n<h5>REEDE, 6. aprill<\/h5>\n<p>Reede<br \/>\n14.00\u201316.00 Biit Me plaadipood (Viru 3-5)<br \/>\n<strong>Muusikan\u00f5ukogu TMW eri<\/strong><\/p>\n<p>Armastatud <strong>Check My Demo<\/strong> sessioon on kolinud konverentsilt avalikku ruumi. Raadio 2 \u00f5htuse v\u00f6\u00f6ndi juht Raul Saaremets juhib rahvusvahelist ajakirjanike, produtsentide ja DJde paneeldiskussiooni, mis l\u00e4heb Raadio 2 otse-eetrisse Biit Me plaadipoest. Kui soovid ka oma looga tagasisidele pretendeerida, poeta plaat enne reedet Biit Me-s asuvasse kogumiskasti.<\/p>\n<p>Moderaator: Raul Saaremets (DJ ja Raadio 2 \u00f5htuse v\u00f6\u00f6ndi juht)<\/p>\n<p>Panelistid:<\/p>\n<p>Abbie Gobeli, US (DJ raadiojaamas KEXP)<br \/>\nSiim Nestor (Eesti Ekspressi ajakirjanik)<br \/>\nJohn Rogers, IS (Reykjavik Grapevine&#8217;i tegevoimetaja)<br \/>\nCai Trefor, UK (Gigwise\u2019i toimetaja)<br \/>\nLauren Down, UK (The Line of Best Fit)<\/p>\n<p>Vestlus on inglise keeles.<\/p>\n<p>Reede<br \/>\n17.00 Pop-up baar\u00a0 (P\u00e4rnu mnt 6)<br \/>\n<strong>Viisavabad viisid: idaeuroopa popi uus eneseteadvus<\/strong><\/p>\n<p>Meedia ja kriitikud on endiselt valvel, et leida meie regiooni muusikute loomingust mingit m\u00fc\u00fctilist Ida-Euroopa v\u00f5i P\u00f5hjala ollust. V\u00e4rsked artistid aga ei huvitu regionaalpoliitikast, vaid m\u00f5tlevad globaalselt, s\u00e4ilitades seejuures n\u00e4htavad sidemed sellega, mida nad ise on otsustanud koduks pidada. Kas oleme l\u00f5puks leidnud v\u00f5imaluse m\u00f5elda end \u201ckastist v\u00e4lja\u201d v\u00f5i pole mingit kasti enam olemaski? K\u00fcsimuse \u00fcle arutlevad muusikamaailma hallid kardinalid Baltikumist Balkanini.<\/p>\n<p>Moderaator: Richard Foster (Louder Than War, The Quietus)<\/p>\n<p>Panelistid:<\/p>\n<p>Ingrid Kohtla (Tallinn Music Week)<br \/>\nStepan Kazaryan, RU (Moscow Music Week, Bol Festival)<br \/>\nMakuna Berkatsashvili, GEO (Bassiani Records)<br \/>\nMatja\u017e Man\u010dek, SVN (Kino \u0160i\u0161ka)<\/p>\n<p>Vestlus on inglise keeles.<\/p>\n<p>Reede<br \/>\n18.30 Biit Me plaadipood (Viru 3-5)<br \/>\n<strong>Rec-nupust ei piisa, ehk kodusalvestuse saladused<\/strong><\/p>\n<p>Veel hiljaaegu oli kodusalvestamine peamiselt friikide p\u00e4rusmaa, n\u00fc\u00fcd on sellest pea igal tasemel saanud normaalne muusikaloome etapp. V\u00e4hen\u00f5udliku tehnika k\u00e4ttesaadavus on andnud artistidele erakordselt avarad v\u00f5imalused oma salvestuste helipildi loomisel. Kui demo liigub miksimise ja masterduse faasi kerkib aga esile rida probleeme, mis protsessi kas aeglustavad v\u00f5i hoopis tagurpidi liikuma panevad. Salvestajatest, masterdajatest ja muusikutest paneel avab saladuskatet sellelt, mida enne demo j\u00e4rgmisesse etappi suunamist teha, mida masterdaja \u00f5igupoolest vajab ja kuidas luua selline helikonserv, mille plaadifirma alla neelaks.<\/p>\n<p>Moderaator: Alex Maiolo, US (Tape Op Magazine)<\/p>\n<p>Panelistid:<\/p>\n<p>Martin Kikas (\u00d6 Stuudio produtsent, miksija, masterdaja)<br \/>\nRaul Ojamaa (kitarrist ja helilooja)<br \/>\nTaavi Tulev (muusik ja produtsent)<br \/>\nMari Randm\u00e4e (helitehnik)<\/p>\n<p>Vestlus on inglise keeles.<\/p>\n<h5>LAUP\u00c4EV, 7. aprill<\/h5>\n<p>Laup\u00e4ev<br \/>\n15.30 Telliskivi Loomelinnak, Pudel Baar (Telliskivi 60A-B)<br \/>\n<strong>Station Narva ja Narva Kunstiresidentuur esitlevad: (T\u00e4nava)kunsti ja kultuuri roll Narva transformeerimisel<\/strong><br \/>\nNarva kunstiresidentuuri poolt valminud seinamaali \u201cNARcissism\u201d avamisele j\u00e4rgneb vestlusring, kus arutatakse Narva linna \u00fcmberkujundamisest l\u00e4bi kultuuri ja (t\u00e4nava)kunsti.<\/p>\n<p>Panelistid:<br \/>\nAnn Mirjam Vaikla (Narva kunstiresidentuuri juhataja )<br \/>\nIvan Sergejev (Narva linnaarhitekt)<br \/>\nMaris Hellrand (TMW ja Station Narva rahvusvahelise kommunikatsiooni juht)<br \/>\nSalme Kulmar (liikumise Rural Urban Art liikumise eestvedaja ning Tartu kunstiresidentuuri koordinaator)<\/p>\n<p><span style=\"line-height: 1.5;\">Vestlus on eesti keeles.<\/span><\/p>\n<p>Laup\u00e4ev<br \/>\n16:00 TMW pop-up baar (Disaini- ja arhitektuurigalerii, P\u00e4rnu mnt 6)<br \/>\n<strong>\u201eTuleviku Tallinn ja Peat\u00e4nav\u201c<\/strong><\/p>\n<p>Kuus aastak\u00fcmmet autostumist on kogu maailma linnad viinud ummikseisu, surudes inimesi \u00fcha rohkem seinte \u00e4\u00e4rde. Tallinna Peat\u00e4nava projekti eesm\u00e4rk on luua Tallinna s\u00fcdalinna kaasaegne, 21. sajandisse sobilik inimkeskne linnaruum, andes osa linnaruumist inimestele tagasi, v\u00e4hendades ja rahustades autoliiklust ning luues keskkonna elava t\u00e4navakultuuri ja -\u00e4ri arenguks. 2020. aastaks valmivast peat\u00e4navast saab inimkeskne, turvaline ja p\u00f5nev keskkond nii jalak\u00e4ijatele, ratturitele kui ka \u00fchistranspordi ja autoga liiklejaile.<\/p>\n<p>Muutusi l\u00e4bi viies tuleb aga hinnata k\u00f5iki aspekte ning kodanike, erinevate huvigruppide, algatuste ja ettev\u00f5tete valmidust koost\u00f6\u00f6ks linnaga. Pealinna tuleviku ja tulevase peat\u00e4nava temaatikat lahkavad:<\/p>\n<p>Panelistid:<br \/>\nDago Antov &#8211; Tallinna tehnika\u00fclikooli (TT\u00dc) logistikaprofessor<br \/>\nEndrik M\u00e4nd &#8211; Tallinna peaarhitekt-ameti juhataja aset\u00e4itja<br \/>\nAnts Vasar &#8211; Viru Keskuse juhatuse liige<br \/>\nIndrek Peil \u2013 Peat\u00e4nav arhitekt, Kavakava b\u00fcroo<br \/>\nSille Pihlak \u2013 arhitekt, PART b\u00fcroo kaasasutaja<\/p>\n<p>Esitletakse ka Kavakava arhitektuurib\u00fcroo poolt valmistatud Peat\u00e4nava projekti maketti.<\/p>\n<p>Vestlus on eesti keeles.<\/p>\n<p>Laup\u00e4ev<br \/>\n17.00 Pop-up baar\u00a0 (P\u00e4rnu mnt 6)<br \/>\n<strong>Haridus- ja teadusministeerium ja Telia esitlevad: internetisuhtlusest ja noorte vaimsest tervisest<\/strong><\/p>\n<p>Ligi kaks tuhat Eesti noort andsid oma panuse Euroopa Liidu uue noortestrateegia loomisse, tuues esile vajadust p\u00f6\u00f6rata \u00fchiskonnas rohkem t\u00e4helepanu v\u00f5rdsele kohtlemisele, internetis tegutsemise tagaj\u00e4rgedele ja noorte vaimsele tervisele. Telia on k\u00e4ivitanud mastaapse kampaania Suurim Julgus. Peame koos noortega n\u00f5u.<br \/>\n#suurimjulgus<\/p>\n<p>Moderaator: \u00dclly Enn (noortevaldkonna entusiast)<\/p>\n<p>Panelistid:<br \/>\nMailis Reps (Eesti haridus\u2013 ja teadusminister)<br \/>\nKatrin Isotamm (Telia kommunikatsioonijuht)<br \/>\nMikk Tarros (Eesti Noorte\u00fchenduste Liit)<br \/>\nAve-Liis Kivest (V\u00f5rumaa noortekogu)<br \/>\nKristel Aaslaid (kultuuritegelane)<\/p>\n<p>Vestlus on eesti keeles.<\/p>\n"}]},"_links":{"self":[{"href":"https:\/\/2018.tallinnmusicweek.ee\/et\/wp-json\/wp\/v2\/pages\/1105"}],"collection":[{"href":"https:\/\/2018.tallinnmusicweek.ee\/et\/wp-json\/wp\/v2\/pages"}],"about":[{"href":"https:\/\/2018.tallinnmusicweek.ee\/et\/wp-json\/wp\/v2\/types\/page"}],"author":[{"embeddable":true,"href":"https:\/\/2018.tallinnmusicweek.ee\/et\/wp-json\/wp\/v2\/users\/1"}],"replies":[{"embeddable":true,"href":"https:\/\/2018.tallinnmusicweek.ee\/et\/wp-json\/wp\/v2\/comments?post=1105"}],"version-history":[{"count":39,"href":"https:\/\/2018.tallinnmusicweek.ee\/et\/wp-json\/wp\/v2\/pages\/1105\/revisions"}],"predecessor-version":[{"id":4799,"href":"https:\/\/2018.tallinnmusicweek.ee\/et\/wp-json\/wp\/v2\/pages\/1105\/revisions\/4799"}],"up":[{"embeddable":true,"href":"https:\/\/2018.tallinnmusicweek.ee\/et\/wp-json\/wp\/v2\/pages\/1071"}],"wp:attachment":[{"href":"https:\/\/2018.tallinnmusicweek.ee\/et\/wp-json\/wp\/v2\/media?parent=1105"}],"curies":[{"name":"wp","href":"https:\/\/api.w.org\/{rel}","templated":true}]}}