{"id":1101,"date":"2016-12-25T21:02:16","date_gmt":"2016-12-25T19:02:16","guid":{"rendered":"http:\/\/188.166.60.220\/festival\/music-festival\/"},"modified":"2018-03-20T20:05:44","modified_gmt":"2018-03-20T18:05:44","slug":"muusikafestival","status":"publish","type":"page","link":"https:\/\/2018.tallinnmusicweek.ee\/et\/festival\/muusikafestival\/","title":{"rendered":"Muusikafestival"},"content":{"rendered":"","protected":false},"excerpt":{"rendered":"","protected":false},"author":1,"featured_media":59,"parent":1071,"menu_order":0,"comment_status":"closed","ping_status":"closed","template":"template-modular.php","meta":{"_monsterinsights_skip_tracking":false,"_monsterinsights_sitenote_active":false,"_monsterinsights_sitenote_note":"","_monsterinsights_sitenote_category":0},"acf":{"modules":[{"acf_fc_layout":"regular_content","content":"<p><strong>Neljap\u00e4ev<\/strong>, 5. aprill<br \/>\n<strong>Reede<\/strong>, 6. aprill<br \/>\n<strong>Laup\u00e4ev<\/strong>, 7. aprill<\/p>\n"},{"acf_fc_layout":"lead","content":"<p>\u00dcle 200 artisti meilt ja mujalt astub \u00fcles Tallinna parimates klubides, kontserdi- ja teatrisaalides. Esindatud on k\u00f5ikv\u00f5imalikud muusikastiilid p\u00f5randaalustest tulevikunimedest tabelit\u00e4htedeni, folgist elektroonikani, d\u017e\u00e4ssist metalini. Muuhulgas sisaldab muusikafestival ka laiahaardelist klassikalise ja n\u00fc\u00fcdismuusika heliloojate ning interpreetide programmi.<\/p>\n"},{"acf_fc_layout":"regular_content","content":"<p>Erinevaid muusika\u017eanreid h\u00f5lmava kontsertkava koostab laekunud esinemistaotluste p\u00f5hjal laiap\u00f5hjaline programmitiim, millesse kuuluvad Eesti ja v\u00e4lismaiste muusikaettev\u00f5tete esindajad, \u00fcrituste korraldajad ning oma \u017eanri parimad asjatundjad.\u00a0K\u00fcmnendat korda aset leidva linnafestivali esinejate l\u00f5plik nimestik kuulutatakse v\u00e4lja m\u00e4rtsi jooksul.\u00a0Festivalipasse saab osta\u00a0<a href=\"https:\/\/2018.tallinnmusicweek.ee\/store\/\">TMW veebipoest <\/a>ning \u00fcksikpileteid <a href=\"https:\/\/www.piletilevi.ee\/est\/piletid\/muusika\/festival\/tallinn-music-week-2018-55033\/\">Piletilevist<\/a>.<\/p>\n<p><strong><a href=\"https:\/\/2018.tallinnmusicweek.ee\/et\/kava?date=2018-04-03&amp;programme=all\">Tutvu festivali kavaga<\/a><\/strong><\/p>\n<p>Loe l\u00e4hemalt kinnitatud artistidest:<\/p>\n<p><a href=\"https:\/\/2018.tallinnmusicweek.ee\/et\/2018\/03\/tallinn-music-weeki-nuudismuusika-ohtut-loomelootsikus-esitlevad-briti-plaadileibel-130701-fatcat-ja-japan-sound-portrait\/\">TMW n\u00fc\u00fcdismuusika \u00f5htut Loomelootsikus esitlevad Briti plaadileibel 130701 \/ FatCat ja Japan Sound Portrait<\/a><\/p>\n<p><a href=\"https:\/\/2018.tallinnmusicweek.ee\/et\/2018\/02\/tallinn-music-weeki-juubelifestivali-kavasse-lisandusid-ewert-and-the-two-dragons-maria-faust-ning-kristjan-jarvi-juhitud-avakontsert-vene-kultuurikeskuses\/\">TMW juubelifestivali kavasse lisandusid Ewert and the Two Dragons, Maria Faust ning Kristjan J\u00e4rvi juhitud avakontsert Vene Kultuurikeskuses<\/a><\/p>\n<p><a href=\"https:\/\/2018.tallinnmusicweek.ee\/et\/2018\/02\/tallinn-music-weeki-juubelifestivali-muusikaprogrammi-lisandus-100-uut-artisti\/\">TMW juubelifestivali muusikaprogrammi lisandus 100 uut artisti<\/a><\/p>\n<p><a href=\"https:\/\/2018.tallinnmusicweek.ee\/et\/2018\/02\/tallinn-music-weeki-juubelifestivali-muusikaprogrammi-lisandus-ligi-poolsada-uut-artisti\/\">TMW juubelifestivali muusikaprogrammi lisandus ligi poolsada uut artisti<\/a><\/p>\n<p><a href=\"https:\/\/2018.tallinnmusicweek.ee\/et\/2018\/01\/tallinn-music-week-avalikustas-juubelifestivali-muusikaprogrammi-esimesed-artistid\/\">TMW avalikustas juubelifestivali muusikaprogrammi esimesed artistid<\/a><\/p>\n<p><img loading=\"lazy\" class=\"alignnone size-large wp-image-1772\" src=\"https:\/\/2018.tallinnmusicweek.ee\/wp-content\/uploads\/2016\/12\/tmw-2016-kultuurikatel-1024x683.jpg\" alt=\"\" width=\"1024\" height=\"683\" srcset=\"https:\/\/2018.tallinnmusicweek.ee\/wp-content\/uploads\/2016\/12\/tmw-2016-kultuurikatel-1024x683.jpg 1024w, https:\/\/2018.tallinnmusicweek.ee\/wp-content\/uploads\/2016\/12\/tmw-2016-kultuurikatel-300x200.jpg 300w, https:\/\/2018.tallinnmusicweek.ee\/wp-content\/uploads\/2016\/12\/tmw-2016-kultuurikatel-768x512.jpg 768w, https:\/\/2018.tallinnmusicweek.ee\/wp-content\/uploads\/2016\/12\/tmw-2016-kultuurikatel.jpg 2048w\" sizes=\"(max-width: 1024px) 100vw, 1024px\" \/><\/p>\n<p>Soovitame avastada ka 2018. aasta veebruaris-m\u00e4rtsis v\u00e4lja kuulutatava TMW linnalava programmiga ehk festivalil \u00fcles astuvate artistide tasuta kontsertidega kohvikutes, galeriides, plaadi- ja raamatupoodides, kodudes ja teistes tavatutes paikades \u00fcle linna.<\/p>\n<p>Festival teeb k\u00f5ik endast oleneva, et tagada festivalipaikades ligip\u00e4\u00e4s ka erivajadustega inimestele.<\/p>\n<p><a href=\"https:\/\/2018.tallinnmusicweek.ee\/et\/artistid\/\">TMW 2018 artistid<\/a><\/p>\n<p><a href=\"https:\/\/2018.tallinnmusicweek.ee\/et\/kava\/\">TMW 2018 kava<\/a><\/p>\n<p>&nbsp;<\/p>\n<p><img loading=\"lazy\" class=\"alignnone size-large wp-image-1776\" src=\"https:\/\/2018.tallinnmusicweek.ee\/wp-content\/uploads\/2016\/12\/funky-buss-1024x683.jpg\" alt=\"\" width=\"1024\" height=\"683\" srcset=\"https:\/\/2018.tallinnmusicweek.ee\/wp-content\/uploads\/2016\/12\/funky-buss-1024x683.jpg 1024w, https:\/\/2018.tallinnmusicweek.ee\/wp-content\/uploads\/2016\/12\/funky-buss-300x200.jpg 300w, https:\/\/2018.tallinnmusicweek.ee\/wp-content\/uploads\/2016\/12\/funky-buss-768x512.jpg 768w, https:\/\/2018.tallinnmusicweek.ee\/wp-content\/uploads\/2016\/12\/funky-buss.jpg 2048w\" sizes=\"(max-width: 1024px) 100vw, 1024px\" \/><\/p>\n<p>&nbsp;<\/p>\n"},{"acf_fc_layout":"quote","content":"<p>\u201cTallinn Music Week on muusikaline sulatusahi. Seda festivali eristab teistest omataolistest pakutava muusika haare: klassika, Estonian Voices, koorilaul, d\u017e\u00e4ss ja folk t\u00e4iendamas k\u00f5ikv\u00f5imalikke pop-rock-metal-indie-tantsumuusika avaldumisvorme.\u201d<\/p>\n","name":"Kieron Tyler, the Arts Desk"}]},"_links":{"self":[{"href":"https:\/\/2018.tallinnmusicweek.ee\/et\/wp-json\/wp\/v2\/pages\/1101"}],"collection":[{"href":"https:\/\/2018.tallinnmusicweek.ee\/et\/wp-json\/wp\/v2\/pages"}],"about":[{"href":"https:\/\/2018.tallinnmusicweek.ee\/et\/wp-json\/wp\/v2\/types\/page"}],"author":[{"embeddable":true,"href":"https:\/\/2018.tallinnmusicweek.ee\/et\/wp-json\/wp\/v2\/users\/1"}],"replies":[{"embeddable":true,"href":"https:\/\/2018.tallinnmusicweek.ee\/et\/wp-json\/wp\/v2\/comments?post=1101"}],"version-history":[{"count":20,"href":"https:\/\/2018.tallinnmusicweek.ee\/et\/wp-json\/wp\/v2\/pages\/1101\/revisions"}],"predecessor-version":[{"id":4226,"href":"https:\/\/2018.tallinnmusicweek.ee\/et\/wp-json\/wp\/v2\/pages\/1101\/revisions\/4226"}],"up":[{"embeddable":true,"href":"https:\/\/2018.tallinnmusicweek.ee\/et\/wp-json\/wp\/v2\/pages\/1071"}],"wp:featuredmedia":[{"embeddable":true,"href":"https:\/\/2018.tallinnmusicweek.ee\/et\/wp-json\/wp\/v2\/media\/59"}],"wp:attachment":[{"href":"https:\/\/2018.tallinnmusicweek.ee\/et\/wp-json\/wp\/v2\/media?parent=1101"}],"curies":[{"name":"wp","href":"https:\/\/api.w.org\/{rel}","templated":true}]}}