{"id":1093,"date":"2016-12-25T21:05:55","date_gmt":"2016-12-25T19:05:55","guid":{"rendered":"http:\/\/188.166.60.220\/festival\/design-market\/"},"modified":"2018-03-24T20:16:15","modified_gmt":"2018-03-24T18:16:15","slug":"disainiturg","status":"publish","type":"page","link":"https:\/\/2018.tallinnmusicweek.ee\/et\/festival\/disainiturg\/","title":{"rendered":"Disainiturg"},"content":{"rendered":"","protected":false},"excerpt":{"rendered":"","protected":false},"author":1,"featured_media":4304,"parent":1071,"menu_order":0,"comment_status":"closed","ping_status":"closed","template":"template-modular.php","meta":{"_monsterinsights_skip_tracking":false,"_monsterinsights_sitenote_active":false,"_monsterinsights_sitenote_note":"","_monsterinsights_sitenote_category":0},"acf":{"modules":[{"acf_fc_layout":"lead","content":"<p><a href=\"https:\/\/disainikeskus.ee\/teenused\/disainiturg\">Eesti Disainikeskuse<\/a> traditsiooniline kevadine Disainiturg koost\u00f6\u00f6s Tallinn Music Weekiga pakub 8. aprillil Kultuurikatlas p\u00f5nevat valikut Eesti ja Baltimaade <a href=\"https:\/\/www.facebook.com\/events\/2110654278951545\/\">disainibr\u00e4ndide<\/a>\u00a0paremikust.<\/p>\n"},{"acf_fc_layout":"regular_content","content":"<p><strong>P\u00fchap\u00e4ev, 8. aprill kell 11.00\u201319.00<\/strong><br \/>\nKultuurikatel (<a href=\"https:\/\/maps.google.com\/?q=P%C3%B5hja+pst+27a&amp;entry=gmail&amp;source=g\">P\u00f5hja pst 27a<\/a>)<\/p>\n<p>P\u00fchap\u00e4eval alates kella 11st saab tutvuda ja soetada Eesti ja Baltimaade disainerite loomingut, kuulata m\u00f5nusat muusikat DJ-delt ning kostitada maitsemeeli. Viimase eest hoolitseb KOKOMO r\u00f6stikoda koos Bekkeri pagari\u00e4ri ja Muhurito burritodega.<\/p>\n<p>Disainiturult leiab t\u00e4iskasvanute ja laster\u00f5ivaid, aksessuaare, kotte, ehteid, keraamikat, illustratsioone, plaate, sisustustooteid, vaipu ning palju muud p\u00f5nevat ning oman\u00e4olist. Mitmed disainerid toovad disainiturule uued kevadkollektsioonid ja tooted ning pakuvad neid ka erihindadega.<\/p>\n<p>Sissep\u00e4\u00e4s 1 \u20ac (TMW passiomanikud, kuni 16-aastased lapsed ja pension\u00e4rid tasuta).<\/p>\n"}]},"_links":{"self":[{"href":"https:\/\/2018.tallinnmusicweek.ee\/et\/wp-json\/wp\/v2\/pages\/1093"}],"collection":[{"href":"https:\/\/2018.tallinnmusicweek.ee\/et\/wp-json\/wp\/v2\/pages"}],"about":[{"href":"https:\/\/2018.tallinnmusicweek.ee\/et\/wp-json\/wp\/v2\/types\/page"}],"author":[{"embeddable":true,"href":"https:\/\/2018.tallinnmusicweek.ee\/et\/wp-json\/wp\/v2\/users\/1"}],"replies":[{"embeddable":true,"href":"https:\/\/2018.tallinnmusicweek.ee\/et\/wp-json\/wp\/v2\/comments?post=1093"}],"version-history":[{"count":14,"href":"https:\/\/2018.tallinnmusicweek.ee\/et\/wp-json\/wp\/v2\/pages\/1093\/revisions"}],"predecessor-version":[{"id":4327,"href":"https:\/\/2018.tallinnmusicweek.ee\/et\/wp-json\/wp\/v2\/pages\/1093\/revisions\/4327"}],"up":[{"embeddable":true,"href":"https:\/\/2018.tallinnmusicweek.ee\/et\/wp-json\/wp\/v2\/pages\/1071"}],"wp:featuredmedia":[{"embeddable":true,"href":"https:\/\/2018.tallinnmusicweek.ee\/et\/wp-json\/wp\/v2\/media\/4304"}],"wp:attachment":[{"href":"https:\/\/2018.tallinnmusicweek.ee\/et\/wp-json\/wp\/v2\/media?parent=1093"}],"curies":[{"name":"wp","href":"https:\/\/api.w.org\/{rel}","templated":true}]}}