{"id":1090,"date":"2016-12-25T21:02:31","date_gmt":"2016-12-25T19:02:31","guid":{"rendered":"http:\/\/188.166.60.220\/festival\/city-stage\/"},"modified":"2018-04-05T11:33:11","modified_gmt":"2018-04-05T08:33:11","slug":"linnalava","status":"publish","type":"page","link":"https:\/\/2018.tallinnmusicweek.ee\/et\/festival\/linnalava\/","title":{"rendered":"Linnalava"},"content":{"rendered":"","protected":false},"excerpt":{"rendered":"","protected":false},"author":1,"featured_media":61,"parent":1071,"menu_order":0,"comment_status":"closed","ping_status":"closed","template":"template-modular.php","meta":{"_monsterinsights_skip_tracking":false,"_monsterinsights_sitenote_active":false,"_monsterinsights_sitenote_note":"","_monsterinsights_sitenote_category":0},"acf":{"modules":[{"acf_fc_layout":"lead","content":"<p>Festivali muusikaprogrammis \u00fcles astuvate artistide tasuta kontserdid kohvikutes, poodides, galeriides, kontorites ja teistes tavatutes paikades \u00fcle linna. Linnalava programmist leiab 17 pop-up lava ja pea 100 p\u00e4rastl\u00f5unast kontserti.\u00a0TMW Linnalavade programm toimub t\u00e4navu neljap\u00e4evast laup\u00e4evani, 5.\u20137. aprillil.<\/p>\n"},{"acf_fc_layout":"regular_content","content":"<h5>NELJAP\u00c4EV, 5. aprill<\/h5>\n<p><strong>Telia esitleb: Viru keskuse linnalava<\/strong><br \/>\n(Viru V\u00e4ljak 4\/6)<\/p>\n<p>12:30 Rahvusooper Estonia poistekoor Juhanid<br \/>\n13:00 Samurai Champs (CA)<br \/>\n13:45 Andres Roots &amp; Anneli Kadakas (EE)<br \/>\n14:30 Alaska Dreamers (LV)<\/p>\n<p><strong><br \/>\nSolaris Keskuse Disainit\u00e4nava linnalava<\/strong><br \/>\n(Estonia pst 9)<\/p>\n<p>14:00 The Queen of Spades (EE)<br \/>\n15:00 \u00c4tna (DE)<br \/>\n16:00 Cari Cari (AT)<\/p>\n<p><strong><br \/>\nNOP linnalava<\/strong><br \/>\n(K\u00f6leri 1)<\/p>\n<p>15:30 Sattuma (RU)<br \/>\n16:30 Maria Kalaniemi &amp; Eero Grundstr\u00f6m (FI)<\/p>\n<p><strong><br \/>\nKuku raadio esitleb:<br \/>\nRaamatupood Pu\u00e4nt linnalava<\/strong><br \/>\n(P\u00e4rnu mnt 4)<\/p>\n<p>13:00 Mirjam Tally &#8211; The Voyager (Unej\u00f5gi (SE))<br \/>\n14:00 Kytami (CA)<br \/>\n15:00 Mick Pedaja (EE)<\/p>\n<p>&nbsp;<\/p>\n<h5>REEDE, 6. aprill<\/h5>\n<p><strong>Telia esitleb: Viru keskuse linnalava<\/strong><br \/>\n(Viru V\u00e4ljak 4\/6)<\/p>\n<p>14:00 Arlo Maverick (CA)<br \/>\n14:45 Wojtek Mazulewski Quintet (PL)<br \/>\n15:30 R\u00fc\u00fct (EE)<br \/>\n16:15 Mongooz and the Magnet (HU)<\/p>\n<p>&nbsp;<\/p>\n<p><strong>Solaris Keskuse Disainit\u00e4nava linnalava<\/strong><br \/>\n(Estonia pst 9)<\/p>\n<p>13:00 Tronden (EE)<br \/>\n14:00 Tekstur (RU)<br \/>\n15:00 Mick Pedaja (EE)<\/p>\n<p>&nbsp;<\/p>\n<p><strong>Balti Jaama Turu ja Humalakoja linnalava<\/strong><br \/>\n(Kopli 1)<\/p>\n<p>15:00 M\u00f6rk (HU)<br \/>\n15:45 P\u00far M\u00fadd (EE)<br \/>\n16:30 Kal\u00e0scima (IT)<\/p>\n<p><strong><br \/>\nEesti Rahvusraamatukogu linnalava<\/strong><br \/>\n(T\u00f5nism\u00e4gi 2)<\/p>\n<p>12:45 Resina (PL)<br \/>\n13:30 Pocket Knife Army (NL)<br \/>\n14:15 Shida Shahabi (IR)<br \/>\n15:00 Mauno Meesit (EE)<\/p>\n<p><strong><br \/>\nH&amp;Mi Tallinna showroom<\/strong><br \/>\n(Roseni 8, III korrus)<\/p>\n<p>16:00 I Wear* Experiment (EE)<br \/>\n16:45 Meriheini Luoto (FI)<br \/>\n17:30 Frankie Animal (EE)<\/p>\n<p><strong><br \/>\nHomeart linnalava<\/strong><br \/>\n(Telliskivi 60A-A2)<\/p>\n<p>13:30 Gram-of-Fun (EE)<br \/>\n14:15 Tuulikki Bartosik (EE)<br \/>\n15:00 Podruga (LV)<\/p>\n<p>&nbsp;<\/p>\n<p><strong>Nordic Hotel Forumi sviit nr 664<\/strong><br \/>\n(Viru v\u00e4ljak 3)<\/p>\n<p>13:00 Evestus (EE)<br \/>\n14:00 The Magnettes (SE)<br \/>\n15:00 EiK (EE)<\/p>\n<p>&nbsp;<\/p>\n<p><strong>Temnikova &amp; Kasela Galerii linnalava<\/strong><br \/>\n(Lastekodu 1)<\/p>\n<p>16:15 Kaukolampi (FI)<br \/>\n17:00 Aleksei Taruts (RU)<br \/>\n17:45 Mart Avi (EE)<\/p>\n<p>&nbsp;<\/p>\n<h5>LAUP\u00c4EV. 7. aprill<\/h5>\n<p><strong>Telia esitleb: Viru keskuse linnalava<\/strong><br \/>\n(Viru V\u00e4ljak 4\/6)<\/p>\n<p>13:00 The Cool Quest (NL)<br \/>\n13:45 Steps To Synapse (EE)<br \/>\n14:30 Polifauna (LV)<br \/>\n15:15 1teist\/2EXXXA (EE)<br \/>\n16:00 Sibyl Vane (EE)<br \/>\n16:45 Alluri (IN)<\/p>\n<p><strong><br \/>\nSolaris Keskuse Disainit\u00e4nava linnalava<\/strong><br \/>\n(Estonia pst 9)<\/p>\n<p>14:00 Frankie Animal (EE)<br \/>\n15:00 Karpov not Kasparov (RO)<br \/>\n16:00 Fever Dream (IS)<\/p>\n<p><strong><br \/>\nBiit Me\u00a0plaadipoe linnalava<\/strong><br \/>\n(Viru 3-5)<\/p>\n<p>14:45 Rick Feds (LV)<br \/>\n15:30 Inner (FI)<br \/>\n16:15 The Hanged Man (SE)<\/p>\n<p><strong><br \/>\nDrive It Up kitarrikool<\/strong><br \/>\n(Jakobsoni 14)<\/p>\n<p>12:15 Sibyl Vane (EE)<br \/>\n13:00 The Queen of Spades (EE)<br \/>\n13:45 PK Ker\u00e4nen (FI)<\/p>\n<p><strong><br \/>\nJOOKS Rattastuudio linnalava<\/strong><br \/>\n(Telliskivi 60A-B)<\/p>\n<p>16:00 \u041a\u0423\u041a\u041b\u0410 (SI)<br \/>\n16:45 KKPalmy x Mick Moon (EE)<br \/>\n17:30 Bucharest (IL)<\/p>\n<p><strong><br \/>\nK\u00c4RBES Kitchen&amp;Bar linnalava<\/strong><br \/>\n(Telliskivi 60A-C1)<\/p>\n<p>12:30 Malneirophrenia (IS)<br \/>\n13:30 Avoid Dave (EE)<br \/>\n14:30 Piwai (US)<br \/>\n15:30 Hildur (IS)<\/p>\n<p><strong><br \/>\nSolaris Keskuse Apollo Raamatupoe linnalava<\/strong><br \/>\n(Estonia pst 9)<\/p>\n<p>13:30 Forr\u00f2 mi\u00f2r (IT)<br \/>\n14:30 S\u00f6nd\u00f6rg\u0151 (HU)<br \/>\n15:30 NE\u00d8V (FI)<\/p>\n<p><strong><br \/>\nStella Soomlais Stuudio linnalava<\/strong><br \/>\n(Telliskivi 62)<\/p>\n<p>12:00 Rainer Ild<br \/>\n12:45 Lepatriinu<br \/>\n13:30 ELIZABETE BAL\u010cUS (LV)<\/p>\n<p><strong><br \/>\nVelvet Disainiagentuuri linnalava<\/strong><br \/>\n(Telliskivi 60A-B)<\/p>\n<p>12:00 Maya Belsitzman &amp; Matan Ephrat (IL)<br \/>\n13:00 Bakey x Kakora (BY)<br \/>\n14:00 Elephants From Neptune (EE)<\/p>\n"},{"acf_fc_layout":"quote","content":"<p>Olen k\u00e4inud paljudel muusikafestivalidel, ent ei osanud ealeski arvata, et v\u00f5in end leida paljajalu kellegi kodus kontserti nautimas. Etteaste eel avanes ka v\u00f5imalus pere noorimalt t\u00fctrelt k\u00fcspsiseid ja kohvi osta. Tere tulemast Tallinn Music Weekile!<\/p>\n","name":"Laura Studarus, MTV Iggy (USA)"},{"acf_fc_layout":"hero","image":{"ID":64,"id":64,"title":"Velvet_CityStage","filename":"26218354315_89c71d301c_k.jpg","filesize":1596933,"url":"https:\/\/2018.tallinnmusicweek.ee\/wp-content\/uploads\/2016\/12\/26218354315_89c71d301c_k.jpg","link":"https:\/\/2018.tallinnmusicweek.ee\/?attachment_id=64","alt":"","author":"1","description":"","caption":"","name":"26218354315_89c71d301c_k","status":"inherit","uploaded_to":56,"date":"2016-12-04 10:51:33","modified":"2017-01-11 09:15:48","menu_order":0,"mime_type":"image\/jpeg","type":"image","subtype":"jpeg","icon":"https:\/\/2018.tallinnmusicweek.ee\/wp-includes\/images\/media\/default.png","width":2048,"height":1365,"sizes":{"thumbnail":"https:\/\/2018.tallinnmusicweek.ee\/wp-content\/uploads\/2016\/12\/26218354315_89c71d301c_k-150x150.jpg","thumbnail-width":150,"thumbnail-height":150,"medium":"https:\/\/2018.tallinnmusicweek.ee\/wp-content\/uploads\/2016\/12\/26218354315_89c71d301c_k-300x200.jpg","medium-width":300,"medium-height":200,"medium_large":"https:\/\/2018.tallinnmusicweek.ee\/wp-content\/uploads\/2016\/12\/26218354315_89c71d301c_k-768x512.jpg","medium_large-width":768,"medium_large-height":512,"large":"https:\/\/2018.tallinnmusicweek.ee\/wp-content\/uploads\/2016\/12\/26218354315_89c71d301c_k-1024x683.jpg","large-width":1024,"large-height":683,"1536x1536":"https:\/\/2018.tallinnmusicweek.ee\/wp-content\/uploads\/2016\/12\/26218354315_89c71d301c_k.jpg","1536x1536-width":1536,"1536x1536-height":1024,"2048x2048":"https:\/\/2018.tallinnmusicweek.ee\/wp-content\/uploads\/2016\/12\/26218354315_89c71d301c_k.jpg","2048x2048-width":2048,"2048x2048-height":1365}},"content":"","size":"medium"},{"acf_fc_layout":"hero","image":{"ID":58,"id":58,"title":"25930947680_f44e3979ba_k","filename":"25930947680_f44e3979ba_k.jpg","filesize":1049456,"url":"https:\/\/2018.tallinnmusicweek.ee\/wp-content\/uploads\/2016\/12\/25930947680_f44e3979ba_k.jpg","link":"https:\/\/2018.tallinnmusicweek.ee\/?attachment_id=58","alt":"","author":"1","description":"","caption":"","name":"25930947680_f44e3979ba_k","status":"inherit","uploaded_to":56,"date":"2016-12-04 10:51:29","modified":"2017-01-13 16:53:27","menu_order":0,"mime_type":"image\/jpeg","type":"image","subtype":"jpeg","icon":"https:\/\/2018.tallinnmusicweek.ee\/wp-includes\/images\/media\/default.png","width":2048,"height":1365,"sizes":{"thumbnail":"https:\/\/2018.tallinnmusicweek.ee\/wp-content\/uploads\/2016\/12\/25930947680_f44e3979ba_k-150x150.jpg","thumbnail-width":150,"thumbnail-height":150,"medium":"https:\/\/2018.tallinnmusicweek.ee\/wp-content\/uploads\/2016\/12\/25930947680_f44e3979ba_k-300x200.jpg","medium-width":300,"medium-height":200,"medium_large":"https:\/\/2018.tallinnmusicweek.ee\/wp-content\/uploads\/2016\/12\/25930947680_f44e3979ba_k-768x512.jpg","medium_large-width":768,"medium_large-height":512,"large":"https:\/\/2018.tallinnmusicweek.ee\/wp-content\/uploads\/2016\/12\/25930947680_f44e3979ba_k-1024x683.jpg","large-width":1024,"large-height":683,"1536x1536":"https:\/\/2018.tallinnmusicweek.ee\/wp-content\/uploads\/2016\/12\/25930947680_f44e3979ba_k.jpg","1536x1536-width":1536,"1536x1536-height":1024,"2048x2048":"https:\/\/2018.tallinnmusicweek.ee\/wp-content\/uploads\/2016\/12\/25930947680_f44e3979ba_k.jpg","2048x2048-width":2048,"2048x2048-height":1365}},"content":"","size":"medium"}]},"_links":{"self":[{"href":"https:\/\/2018.tallinnmusicweek.ee\/et\/wp-json\/wp\/v2\/pages\/1090"}],"collection":[{"href":"https:\/\/2018.tallinnmusicweek.ee\/et\/wp-json\/wp\/v2\/pages"}],"about":[{"href":"https:\/\/2018.tallinnmusicweek.ee\/et\/wp-json\/wp\/v2\/types\/page"}],"author":[{"embeddable":true,"href":"https:\/\/2018.tallinnmusicweek.ee\/et\/wp-json\/wp\/v2\/users\/1"}],"replies":[{"embeddable":true,"href":"https:\/\/2018.tallinnmusicweek.ee\/et\/wp-json\/wp\/v2\/comments?post=1090"}],"version-history":[{"count":20,"href":"https:\/\/2018.tallinnmusicweek.ee\/et\/wp-json\/wp\/v2\/pages\/1090\/revisions"}],"predecessor-version":[{"id":4765,"href":"https:\/\/2018.tallinnmusicweek.ee\/et\/wp-json\/wp\/v2\/pages\/1090\/revisions\/4765"}],"up":[{"embeddable":true,"href":"https:\/\/2018.tallinnmusicweek.ee\/et\/wp-json\/wp\/v2\/pages\/1071"}],"wp:featuredmedia":[{"embeddable":true,"href":"https:\/\/2018.tallinnmusicweek.ee\/et\/wp-json\/wp\/v2\/media\/61"}],"wp:attachment":[{"href":"https:\/\/2018.tallinnmusicweek.ee\/et\/wp-json\/wp\/v2\/media?parent=1090"}],"curies":[{"name":"wp","href":"https:\/\/api.w.org\/{rel}","templated":true}]}}