{"id":1086,"date":"2016-12-25T21:02:49","date_gmt":"2016-12-25T19:02:49","guid":{"rendered":"http:\/\/188.166.60.220\/festival\/arts\/"},"modified":"2018-04-06T07:20:36","modified_gmt":"2018-04-06T04:20:36","slug":"kunst","status":"publish","type":"page","link":"https:\/\/2018.tallinnmusicweek.ee\/et\/festival\/kunst\/","title":{"rendered":"Kunst"},"content":{"rendered":"","protected":false},"excerpt":{"rendered":"","protected":false},"author":1,"featured_media":3751,"parent":1071,"menu_order":0,"comment_status":"closed","ping_status":"closed","template":"template-modular.php","meta":{"_monsterinsights_skip_tracking":false,"_monsterinsights_sitenote_active":false,"_monsterinsights_sitenote_note":"","_monsterinsights_sitenote_category":0},"acf":{"modules":[{"acf_fc_layout":"lead","content":"<p>Eesti Kaasaegse Kunsti Arenduskeskuse (<a href=\"http:\/\/www.ecadc.ee\/\">EKKAK<\/a>) koordineeritud kaasaegse kunsti eriprogramm Tallinna galeriides.\u00a0Pikendatud avamisaegadega galerii\u00f5htul \u201eTallinna Teisip\u00e4ev\u201c esitletakse nii Eesti kui ka rahvusvaheliste kunstnike projekte ja n\u00e4itusi. \u201eTMW kunst\u201c raames leiab traditsiooniliselt aset ka Eesti kunsti tulevikut\u00e4htede tutvustamine ja publikulemmiku h\u00e4\u00e4letus.<\/p>\n"},{"acf_fc_layout":"regular_content","content":"<h5>Tallinna Teisip\u00e4ev<br \/>\n3. aprill, 2018<\/h5>\n<p>Eesti Kaasaegse Kunsti Arenduskeskus korraldab\u00a0Tallinn Music Weeki raames 3. aprillil spetsiaalse programmi ja pikendatud avamisaegadega galerii\u00f5htu Tallinna Teisip\u00e4ev, millest v\u00f5tavad osa Positiiv galerii, Okapi galerii, EKA galerii, Temnikova &amp; Kasela galerii ja Vaal galerii. Eriilmelisi n\u00e4itusi h\u00f5lmava programmi raames saab n\u00e4ha nii rahvusvaheliste kui Eesti kunstnike v\u00e4rsket loomingut. Galeriides toimuvad \u00f5htu jooksul n\u00e4itusetuurid ning on v\u00f5imalik tutvuda galeristide ja kunstnikega, samuti on v\u00f5imalik Positiivi ja Okapi galeriides osa saada muusikalistest etteastetest.<\/p>\n<p><strong>17:00 Galerii Positiiv (<a href=\"https:\/\/www.google.com\/maps\/place\/Positiiv+galerii\/@59.4374239,24.7133621,17z\/data=!3m1!4b1!4m5!3m4!1s0x46929480bfd7bde9:0x1b9502d12d5267db!8m2!3d59.4374239!4d24.7155508\">Roo 21a<\/a>)<\/strong><br \/>\n<strong>Andres Teissi n\u00e4itus \u201eOlev. Tulev. Minev\u201d<\/strong><\/p>\n<p>Galeriis Positiiv saab n\u00e4ha Andres Teissi (EE) t\u00e4navafotograafia n\u00e4itust \u201eOlev. Tulev. Minev\u201d. Peamiselt pressifotograafina tuntud kunstnik kirjeldab oma suhet fotograafiaga j\u00e4rgmiselt: \u201ePildid erinevatest elu hetkedest on saatnud mind kogu teadliku elu. T\u00e4naval k\u00f5ndides n\u00e4en tihti enda \u00fcmber pilte, sageli ka m\u00f5tlen ja r\u00e4\u00e4gin pildis ja piltide kaudu. V\u00f5ib-olla on see minu viis \u00fcmbritseva kaosega toime tulla.\u201d<\/p>\n<p>Tallinna Teisip\u00e4eval saab galeriis Positiiv n\u00e4ha ja kuulda Taavi Tulevi heliinstallatsiooni.<\/p>\n<p><strong>18:00 Okapi galerii (<a href=\"https:\/\/www.google.com\/maps\/place\/OKAPI+Galerii\/@59.4364596,24.7417001,17z\/data=!3m1!4b1!4m5!3m4!1s0x469293620b52cd57:0x89af9bedf031b9c6!8m2!3d59.4364596!4d24.7438888\">Niguliste 2<\/a>)<\/strong><br \/>\n<strong>Anonymus Bohi &amp; Taje Trossi n\u00e4itus \u201eApokal\u00fcptilised maastikud\u201d<\/strong><\/p>\n<p>Anonymus Bohi (EE) ja Taje Trossi (EE) \u00fchisn\u00e4itusel on v\u00e4ljas suurem\u00f5\u00f5tmelised fotopanoraamid seeriast \u201eApokal\u00fcptilised maastikud\u201d. Seeria t\u00f6\u00f6d on kombinatsioon digitaalprindi ja siiditr\u00fcki tehnikatest, teosed k\u00e4sitlevad meie \u00fchiskonna peavoolu k\u00f5rval tegutsevaid subkultuure ja inimkooslusi, mille eesm\u00e4rgid ja k\u00e4itumismudelid loovad alust t\u00e4iesti uue sootsiumi s\u00fcnniks \u2013 v\u00f5itlejaid, amatsoone, naisi kui tuleviku \u00fchiskonna liidreid, muutunud maailmakorda, uuestis\u00fcndi apokal\u00fcptilistel v\u00e4ljadel.<\/p>\n<p>Tallinna Teisip\u00e4eval astub galeriis <em>live show<\/em>\u2019ga \u00fcles Soome alternatiivmuusik Risto Puurunen.<\/p>\n<p><strong>19:00 EKA galerii (<a href=\"https:\/\/www.google.com\/maps\/place\/EKA+Galerii\/@59.4344441,24.7430608,17z\/data=!3m1!4b1!4m5!3m4!1s0x4692949e0c6f72d1:0xff5993903dd6911a!8m2!3d59.4344441!4d24.7452495\">Vabaduse v\u00e4ljak 6\/8<\/a>)<\/strong><br \/>\n<strong>Anna Slamova &amp; Marek Delongi n\u00e4itus \u201eKleepuv hetk\u201d<\/strong><\/p>\n<p>\u201eMa olen nii \u00e4revil, see ei l\u00f5ppe kindlasti mitte kunagi. Ma vaatan ja katsun seda pidevalt, kas nii peabki, kas ma ikka k\u00e4in \u00f5iget rada? Mul on tunne, et ma ei p\u00fcsi enam koos, palun aita mind. Aita mul end kokku v\u00f5tta, ma olen nii ebakindel, n\u00e4ita mulle, et sinus on armastust\u2026\u201c<\/p>\n<p>Stockholmis tegutsev Anna Slamova (CZ) ja Prahas tegutsev Marek Delong (CZ) on koost\u00f6\u00f6d teinud alates 2016. aastast. Peamiselt tegeleb duo looming emotsionaalsuse erinevate v\u00e4ljenduste ning nende aktsepteeritavusega kunstis.<\/p>\n<p>Tallinna Teisip\u00e4eva raames tutvustab n\u00e4itust EKA galerist Keiu Krikmann.<\/p>\n<p><strong>20:00 Temnikova &amp; Kasela galerii (<a href=\"https:\/\/www.google.com\/maps\/place\/Temnikova+%26+Kasela+Gallery\/@59.4320174,24.7606923,17z\/data=!3m1!4b1!4m5!3m4!1s0x4692935f5f506b23:0x20580648920e917d!8m2!3d59.4320174!4d24.762881\">Lastekodu 1<\/a>)<\/strong><br \/>\n<strong>Rahvusvaheline grupin\u00e4itus \u201eK\u00f5ik h\u00f5ljuvad kehad p\u00fcsivad \u00f5hus, kuni nad on oma olukorrast teadlikud\u201d, kuraator Margot Samel<\/strong><\/p>\n<p>Rahvusvaheline grupin\u00e4itus \u201eK\u00f5ik h\u00f5ljuvad kehad p\u00fcsivad \u00f5hus, kuni nad on oma olukorrast teadlikud\u201d uurib koomiksite ja joonisfilmi keelt n\u00fc\u00fcdiskunsti voolude ja meediumite \u00fclese identiteedipoliitika raamistuses. 20. sajandi alguse futuristidest ja dadaistidest alates on koomiksite kummina venivat f\u00fc\u00fcsikat tabava \u00fchiskonnakriitikana kasutanud mitu p\u00f5lvkonda kunstnikke ja see on ajakohane praegugi. Margot Sameli kureeritud n\u00e4itusel osalevad Rhys Coren (GB), Jonathan Ehrenberg (US), Ella Kruglyanskaya (LV), Kris Lemsalu (EE), Priit P\u00e4rn (EE), Emily Mae Smith (US) ja Ken Tisa (US).<\/p>\n<p>Tallinna Teisip\u00e4eval tutvustab n\u00e4itust Lilian Hiob Temnikova &amp; Kasela galeriist.<\/p>\n<figure id=\"attachment_3748\" aria-describedby=\"caption-attachment-3748\" style=\"width: 1024px\" class=\"wp-caption alignnone\"><img loading=\"lazy\" class=\"wp-image-3748 size-large\" src=\"https:\/\/2018.tallinnmusicweek.ee\/wp-content\/uploads\/2018\/03\/Any_Body_exhibition_view_press-1024x683.jpg\" alt=\"\" width=\"1024\" height=\"683\" srcset=\"https:\/\/2018.tallinnmusicweek.ee\/wp-content\/uploads\/2018\/03\/Any_Body_exhibition_view_press-1024x683.jpg 1024w, https:\/\/2018.tallinnmusicweek.ee\/wp-content\/uploads\/2018\/03\/Any_Body_exhibition_view_press-300x200.jpg 300w, https:\/\/2018.tallinnmusicweek.ee\/wp-content\/uploads\/2018\/03\/Any_Body_exhibition_view_press-768x512.jpg 768w\" sizes=\"(max-width: 1024px) 100vw, 1024px\" \/><figcaption id=\"caption-attachment-3748\" class=\"wp-caption-text\">\u201eK\u00f5ik h\u00f5ljuvad kehad p\u00fcsivad \u00f5hus, kuni nad on oma olukorrast teadlikud\u201d, kuraator Margot Samel<\/figcaption><\/figure>\n<p>&nbsp;<\/p>\n<p><strong>21:00 Vaal galerii (<a href=\"https:\/\/www.google.com\/maps\/place\/Vaal+Gallery\/@59.4258228,24.7774457,17z\/data=!3m1!4b1!4m5!3m4!1s0x469294a9762d61d9:0xca3c4c8d7e4bde98!8m2!3d59.4258228!4d24.7796344\">Tartu mnt 80d<\/a>)<\/strong><br \/>\n<strong>Mauri Grossi n\u00e4itus \u201eHalastus\u201d<\/strong><\/p>\n<p>\u201eHalastus\u201d on maalikunstnik Mauri Grossi (EE) teine isikun\u00e4itus Vaal galeriis. Kunstnik kirjeldab n\u00e4itust ja selle pealkirja nii: \u201eS\u00f5na halastus on nii j\u00f5uliselt k\u00f5ike h\u00f5lmav, et sellest r\u00e4\u00e4kimine v\u00f5taks sellelt m\u00f5ttelt j\u00f5u \u2013 viigileht langeb niudelt ja j\u00e4rele j\u00e4\u00e4v ei oma mingit t\u00e4htsust. Pigem tuleb keskenduda peenh\u00e4\u00e4lestusele, et toetada n\u00e4ituse sisemist monoloogi ning saada visuaalne kogemus l\u00e4bi minimalismi ja \u00fclijutustava pealkirja koosm\u00f5ju.\u201d<\/p>\n<p>Tallinna Teisip\u00e4eval toimub Vaal galeriis kohtumine kunstnikuga ja ringk\u00e4ik n\u00e4itusel.<\/p>\n<h5>Reede, 6. aprill<\/h5>\n<p><strong>Temnikova &amp; Kasela galerii linnalava<\/strong><br \/>\n(Lastekodu 1)<\/p>\n<p>16:15 Kaukolampi (FI)<br \/>\n17:00 Aleksei Taruts (RU)<br \/>\n17:45 Mart Avi (EE)<\/p>\n<p><em>Galerii linnalava kontsert on tasuta.<\/em><\/p>\n<h5>Eesti kunsti tulevikut\u00e4htede konkurss<br \/>\n26. m\u00e4rts &#8211; 6. aprill 2018<\/h5>\n<p>Tallinn Music Weeki kunstiprogrammi raames toimub Eesti kunsti tulevikut\u00e4htede konkurss, mis kutsub \u00fcles tutvuma noorte talendikate kunstnikega ning valima v\u00e4lja oma lemmikuid kaasaegse kunsti keskkonnas <a href=\"http:\/\/www.NOAR.eu\">NOAR<\/a> ajavahemikus 27. m\u00e4rts \u2013 6. aprill 2018.\u00a0Valikut konkursiteostest saab n\u00e4ha Loomelootsikus (Poldri 3, Tallinn), restoran Anno seintel, kus kuulutatakse\u00a0Tallinn Music Week\u00a0raames 7. aprillil\u00a0v\u00e4lja konkursi\u00a0v\u00f5itja.<\/p>\n<p>Eesti Kunstiakadeemia ning kaasaegse kunsti keskkonna <a href=\"http:\/\/www.noar.eu\/\">NOAR<\/a> koost\u00f6\u00f6s korraldatud konkurss esitleb publikule meie andekaid noori kunstnikke ja nende praeguseid tegemisi. Eesm\u00e4rgiks on publiku suurem kaasamine kunstiellu, pakkudes v\u00f5imaluse tutvuda v\u00e4rskete tuultega v\u00e4rvikireval kaasaegse kunsti maastikul.\u00a0Konkursil osaleb 17 noort kunstnikku. Esindatud on 46 teost, nende seas maale, graafikat ja joonistusi.<\/p>\n<p>\u201cKui varasematel aastatel on kunstnikud osalenud tekstiilikunsti, objektide ja installatsioonidega, siis sel aastal on\u00a0esindatud\u00a0eelk\u00f5ige traditsioonilisemad tehnikad &#8211; maal ja graafika\u201d &#8211; NOAR platvormi \u00fcks asutajatest Andra Orn.<\/p>\n<h5>Narva kunstiresidentuur esitleb:<br \/>\nSzymon Kula (PL) seinamaali avamine<br \/>\n7. aprill kell 15.00<\/h5>\n<p><strong>Telliskivi Loomelinnak (Telliskivi 60A-A1)<\/strong><\/p>\n<p>Szymon Kula (Narva kunstiresidentuur) seinamaali \u201cNARcissism\u201d avamine Telliskivi loomelinnakus, A1-hoone raudtee-poolsel k\u00fcljel<\/p>\n<p>Narva kunstiresidentuur astub Tallinn Music Week\u2019il \u00fcles suurem\u00f5\u00f5tmelise seinamaaliga Telliskivi Loomelinnaku A1 hoone raudteepoolsel k\u00fcljel. Seinamaal on inspireeritud Kreenholmi manufaktuurist, kui omaette \u00fchiskonnast, seal valmistatud tekstiilidest ning selle valmistajatest. Pikseltehnikas valminud maal j\u00e4rgib vanast kudumis\u00f5pikust leitud illustratsiooni graafilist keelt. Seinamaali \u201cNARcissism\u201d autor on endine Narva kunstiresidentuuri resident, kunstnik Szymon Kula.<\/p>\n<p>Narva kunstiresidentuuri tegevust opereerib Eesti Kunstiakadeemia koost\u00f6\u00f6s<br \/>\nNarva Gate-ga.<\/p>\n<h5>Seinamaali avamisele j\u00e4rgnev vestlusring \u201c(T\u00e4nava)kunsti ja kultuuri roll Narva transformeerimisel\u201d<br \/>\n7. aprill 15.30<\/h5>\n<p>Telliskivi Loomelinnak, Pudel Baar II korrus (Telliskivi 60A-B)<\/p>\n<p>Narva kunstiresidentuuri poolt valminud seinamaali \u201cNARcissism\u201d avamisele j\u00e4rgneb vestlusring, kus arutatakse Narva linna \u00fcmberkujundamise \u00fcle l\u00e4bi kultuuri ja (t\u00e4nava)kunsti.<br \/>\nPanelistid:<br \/>\nAnn Mirjam Vaikla (Narva kunstiresidentuuri juhataja )<br \/>\nIvan Sergejev (Narva linnaarhitekt)<br \/>\nMaris Hellrand (TMW ja Station Narva rahvusvahelise kommunikatsiooni juht)<br \/>\nSalme Kulmar (liikumise Rural Urban Art liikumise eestvedaja ning Tartu kunstiresidentuuri koordinaator)<\/p>\n"}]},"_links":{"self":[{"href":"https:\/\/2018.tallinnmusicweek.ee\/et\/wp-json\/wp\/v2\/pages\/1086"}],"collection":[{"href":"https:\/\/2018.tallinnmusicweek.ee\/et\/wp-json\/wp\/v2\/pages"}],"about":[{"href":"https:\/\/2018.tallinnmusicweek.ee\/et\/wp-json\/wp\/v2\/types\/page"}],"author":[{"embeddable":true,"href":"https:\/\/2018.tallinnmusicweek.ee\/et\/wp-json\/wp\/v2\/users\/1"}],"replies":[{"embeddable":true,"href":"https:\/\/2018.tallinnmusicweek.ee\/et\/wp-json\/wp\/v2\/comments?post=1086"}],"version-history":[{"count":42,"href":"https:\/\/2018.tallinnmusicweek.ee\/et\/wp-json\/wp\/v2\/pages\/1086\/revisions"}],"predecessor-version":[{"id":4779,"href":"https:\/\/2018.tallinnmusicweek.ee\/et\/wp-json\/wp\/v2\/pages\/1086\/revisions\/4779"}],"up":[{"embeddable":true,"href":"https:\/\/2018.tallinnmusicweek.ee\/et\/wp-json\/wp\/v2\/pages\/1071"}],"wp:featuredmedia":[{"embeddable":true,"href":"https:\/\/2018.tallinnmusicweek.ee\/et\/wp-json\/wp\/v2\/media\/3751"}],"wp:attachment":[{"href":"https:\/\/2018.tallinnmusicweek.ee\/et\/wp-json\/wp\/v2\/media?parent=1086"}],"curies":[{"name":"wp","href":"https:\/\/api.w.org\/{rel}","templated":true}]}}