{"id":1071,"date":"2016-12-25T21:03:18","date_gmt":"2016-12-25T19:03:18","guid":{"rendered":"http:\/\/188.166.60.220\/festival\/"},"modified":"2018-03-22T17:38:52","modified_gmt":"2018-03-22T15:38:52","slug":"festival","status":"publish","type":"page","link":"https:\/\/2018.tallinnmusicweek.ee\/et\/festival\/","title":{"rendered":"Festival"},"content":{"rendered":"","protected":false},"excerpt":{"rendered":"","protected":false},"author":1,"featured_media":446,"parent":0,"menu_order":0,"comment_status":"closed","ping_status":"closed","template":"template-modular.php","meta":{"_monsterinsights_skip_tracking":false,"_monsterinsights_sitenote_active":false,"_monsterinsights_sitenote_note":"","_monsterinsights_sitenote_category":0},"acf":{"modules":[{"acf_fc_layout":"lead","content":"<p>Alates 2009. aastast igal kevadel Tallinnas toimuv linnafestival Tallinn Music Week (TMW) p\u00fchitseb erinevaid kunstivorme esitledes loovust, uudishimu, vabadust ja v\u00f5rd\u00f5iguslikkust. K\u00fcmnes TMW toimub 2.-8. aprillini 2018.<\/p>\n"},{"acf_fc_layout":"regular_content","content":"<p>Tallinn Music Week (TMW) sai alguse 2009. aastal uue muusika esitlusfestivali ehk talendifestivali ning rahvusvahelise muusikat\u00f6\u00f6stuse konverentsina. N\u00fc\u00fcdseks katab regiooni suurim linnafestival kogu Tallinna p\u00f5nevate ettev\u00f5tmistega avalikest vestlusringidest mahuka kaasaegse kunsti programmi ning moodsa toidukunsti paremiku tutvustamiseni.<\/p>\n<p>K\u00fcmnendaks tegutsemisaastaks on TMW \u00fcks Euroopa j\u00f5udsamalt kasvavaid linnafestivale ning Ida-, L\u00e4\u00e4ne- ning Kesk-Euroopa loovkogukondade olulisemaid kohtumispaiku. Loe TMW mitmek\u00fclgse programmi kohta l\u00e4hemalt allpool.<\/p>\n"},{"acf_fc_layout":"twocol","col_first":"<h4><a href=\"https:\/\/2018.tallinnmusicweek.ee\/et\/festival\/muusikafestival\/\">Muusikafestival<\/a><\/h4>\n<p><a href=\"https:\/\/2018.tallinnmusicweek.ee\/et\/2018\/03\/tallinn-music-weeki-nuudismuusika-ohtut-loomelootsikus-esitlevad-briti-plaadileibel-130701-fatcat-ja-japan-sound-portrait\/\">TMW n\u00fc\u00fcdismuusika \u00f5htut Loomelootsikus esitlevad Briti plaadileibel 130701 \/ FatCat ja Japan Sound Portrait<\/a><\/p>\n<p><a href=\"https:\/\/2018.tallinnmusicweek.ee\/et\/2018\/02\/tallinn-music-weeki-juubelifestivali-kavasse-lisandusid-ewert-and-the-two-dragons-maria-faust-ning-kristjan-jarvi-juhitud-avakontsert-vene-kultuurikeskuses\/\">TMW juubelifestivali kavasse lisandusid Ewert and the Two Dragons, Maria Faust ning Kristjan J\u00e4rvi juhitud avakontsert Vene Kultuurikeskuses<\/a><\/p>\n<p><a href=\"https:\/\/2018.tallinnmusicweek.ee\/et\/2018\/02\/tallinn-music-weeki-juubelifestivali-muusikaprogrammi-lisandus-ligi-poolsada-uut-artisti\/\">TMW juubelifestivali muusikaprogrammi lisandus ligi poolsada uut artisti<\/a><\/p>\n<p><a href=\"https:\/\/2018.tallinnmusicweek.ee\/et\/2018\/02\/tallinn-music-weeki-juubelifestivali-muusikaprogrammi-lisandus-100-uut-artisti\/\">TMW juubelifestivali muusikaprogrammi lisandus 100 uut artisti<\/a><\/p>\n<p><a href=\"https:\/\/2018.tallinnmusicweek.ee\/et\/2018\/01\/tallinn-music-week-avalikustas-juubelifestivali-muusikaprogrammi-esimesed-artistid\/\">TMW avalikustas juubelifestivali muusikaprogrammi esimesed artistid<\/a><\/p>\n","col_second":"<h4><a href=\"https:\/\/2018.tallinnmusicweek.ee\/et\/konverents\/\">Konverents<\/a><\/h4>\n<p><a href=\"https:\/\/2018.tallinnmusicweek.ee\/et\/2018\/03\/tallinn-music-week-avaldas-tanavuse-festivali-ning-konverentsi-votmeteemad-uue-majanduse-teemat-esitleb-konverentsil-luminor\/\">TMW avaldas t\u00e4navuse festivali ning konverentsi v\u00f5tmeteemad, uue majanduse teemat esitleb konverentsil Luminor<\/a><\/p>\n<p><a href=\"https:\/\/2018.tallinnmusicweek.ee\/et\/2018\/03\/tulevikuoskustest-ja-kuberpopist-klubikultuuri-taastulemiseni-tallinn-music-weeki-konverents-avalikustas-uued-teemad-ja-konelejad\/\">Tulevikuoskustest ja k\u00fcberpopist klubikultuuri taastulemiseni \u2013 TMW konverents avalikustas uued teemad ja k\u00f5nelejad<\/a><\/p>\n<p><a href=\"https:\/\/2018.tallinnmusicweek.ee\/et\/2018\/01\/tallinn-music-weeki-konverents-laiendab-teemaderingi-ja-kolib-kultuurikatlasse\/\">TMW konverents laiendab teemaderingi ja kolib Kultuurikatlasse<\/a><\/p>\n"},{"acf_fc_layout":"threecol","col_first":"<h4>TMW Kunst<\/h4>\n<p><a href=\"https:\/\/2018.tallinnmusicweek.ee\/et\/2018\/03\/tanavafotograafia-apokaluptilised-maastikud-ja-identiteedipoliitika-tallinn-music-week-kuulutas-valja-tanavuse-kunstiprogrammi\/\">T\u00e4navafotograafia, apokal\u00fcptilised maastikud ja identiteedipoliitika \u2013 TMW kuulutas v\u00e4lja t\u00e4navuse kunstiprogrammi<\/a><\/p>\n","col_second":"<h4>TMW Film<\/h4>\n<p><a href=\"https:\/\/2018.tallinnmusicweek.ee\/et\/2018\/03\/tallinn-music-weeki-filmiprogramm-kino-sopruses-mootmatu-inimvool-ebamugavad-toed-ja-elust-suuremad-rokkstaarid\/\">TMW filmiprogramm Kino S\u00f5pruses: m\u00f5\u00f5tmatu inimvool, ebamugavad t\u00f5ed ja elust suuremad rokkstaarid<\/a><\/p>\n","col_third":"<h4>TMW lasteprogramm<\/h4>\n<p><a href=\"https:\/\/2018.tallinnmusicweek.ee\/et\/2018\/03\/tallinn-music-weeki-lasteprogrammi-tootubades-otsitakse-vaikuse-sumfooniaid-luuakse-rapiriime-ning-kujundatakse-lemmikartistide-plaadiumbriseid\/\">TMW lasteprogrammi t\u00f6\u00f6tubades otsitakse vaikuse s\u00fcmfooniaid, luuakse r\u00e4piriime ning kujundatakse lemmikartistide plaadi\u00fcmbriseid<\/a><\/p>\n"},{"acf_fc_layout":"threecol","col_first":"<h4><a href=\"https:\/\/2018.tallinnmusicweek.ee\/et\/festival\/maitsed\/\">TMW \u201eMaitsed\u201c<\/a><\/h4>\n<p><a href=\"https:\/\/2018.tallinnmusicweek.ee\/et\/2018\/03\/tallinn-music-weeki-juubelifestival-tutvustab-menukat-tanavatoitu-kasitookohvi-kirevaid-kokteilibaare-ja-toiduvalmistamise-tootube\/\">TMW tutvustab linna parimaid restorane, menukat t\u00e4navatoitu, k\u00e4sit\u00f6\u00f6kohvi, kirevaid kokteilibaare ja toiduvalmistamise t\u00f6\u00f6tube<\/a><\/p>\n","col_second":"","col_third":""},{"acf_fc_layout":"hero","image":{"ID":445,"id":445,"title":"26177515996_74cdaaa6c4_o","filename":"26177515996_74cdaaa6c4_o.jpg","filesize":12771847,"url":"https:\/\/2018.tallinnmusicweek.ee\/wp-content\/uploads\/2017\/01\/26177515996_74cdaaa6c4_o.jpg","link":"https:\/\/2018.tallinnmusicweek.ee\/festival\/26177515996_74cdaaa6c4_o\/","alt":"","author":"5","description":"","caption":"","name":"26177515996_74cdaaa6c4_o","status":"inherit","uploaded_to":1071,"date":"2017-01-11 09:33:36","modified":"2017-01-31 15:32:31","menu_order":0,"mime_type":"image\/jpeg","type":"image","subtype":"jpeg","icon":"https:\/\/2018.tallinnmusicweek.ee\/wp-includes\/images\/media\/default.png","width":5184,"height":3456,"sizes":{"thumbnail":"https:\/\/2018.tallinnmusicweek.ee\/wp-content\/uploads\/2017\/01\/26177515996_74cdaaa6c4_o-150x150.jpg","thumbnail-width":150,"thumbnail-height":150,"medium":"https:\/\/2018.tallinnmusicweek.ee\/wp-content\/uploads\/2017\/01\/26177515996_74cdaaa6c4_o-300x200.jpg","medium-width":300,"medium-height":200,"medium_large":"https:\/\/2018.tallinnmusicweek.ee\/wp-content\/uploads\/2017\/01\/26177515996_74cdaaa6c4_o-768x512.jpg","medium_large-width":768,"medium_large-height":512,"large":"https:\/\/2018.tallinnmusicweek.ee\/wp-content\/uploads\/2017\/01\/26177515996_74cdaaa6c4_o-1024x683.jpg","large-width":1024,"large-height":683,"1536x1536":"https:\/\/2018.tallinnmusicweek.ee\/wp-content\/uploads\/2017\/01\/26177515996_74cdaaa6c4_o.jpg","1536x1536-width":1536,"1536x1536-height":1024,"2048x2048":"https:\/\/2018.tallinnmusicweek.ee\/wp-content\/uploads\/2017\/01\/26177515996_74cdaaa6c4_o.jpg","2048x2048-width":2048,"2048x2048-height":1365}},"content":"","size":"medium"},{"acf_fc_layout":"quote","content":"<p>\u201eMuusika on Eesti lahutamatu osa. Riigi kohta, mille rahvaarv on v\u00f5rreldav viie Londoni linnaosa populatsiooniga, on muusika osakaal harukordne ja h\u00e4mmastav. Tallinn Music Week n\u00e4itab sellest parimat.\u201c<\/p>\n","name":"Kieron Tyler, MOJO, UK"}]},"_links":{"self":[{"href":"https:\/\/2018.tallinnmusicweek.ee\/et\/wp-json\/wp\/v2\/pages\/1071"}],"collection":[{"href":"https:\/\/2018.tallinnmusicweek.ee\/et\/wp-json\/wp\/v2\/pages"}],"about":[{"href":"https:\/\/2018.tallinnmusicweek.ee\/et\/wp-json\/wp\/v2\/types\/page"}],"author":[{"embeddable":true,"href":"https:\/\/2018.tallinnmusicweek.ee\/et\/wp-json\/wp\/v2\/users\/1"}],"replies":[{"embeddable":true,"href":"https:\/\/2018.tallinnmusicweek.ee\/et\/wp-json\/wp\/v2\/comments?post=1071"}],"version-history":[{"count":12,"href":"https:\/\/2018.tallinnmusicweek.ee\/et\/wp-json\/wp\/v2\/pages\/1071\/revisions"}],"predecessor-version":[{"id":4297,"href":"https:\/\/2018.tallinnmusicweek.ee\/et\/wp-json\/wp\/v2\/pages\/1071\/revisions\/4297"}],"wp:featuredmedia":[{"embeddable":true,"href":"https:\/\/2018.tallinnmusicweek.ee\/et\/wp-json\/wp\/v2\/media\/446"}],"wp:attachment":[{"href":"https:\/\/2018.tallinnmusicweek.ee\/et\/wp-json\/wp\/v2\/media?parent=1071"}],"curies":[{"name":"wp","href":"https:\/\/api.w.org\/{rel}","templated":true}]}}