{"id":1054,"date":"2016-12-25T21:07:09","date_gmt":"2016-12-25T19:07:09","guid":{"rendered":"http:\/\/188.166.60.220\/passes-tickets\/"},"modified":"2018-04-05T14:39:03","modified_gmt":"2018-04-05T11:39:03","slug":"piletid-ja-passid","status":"publish","type":"page","link":"https:\/\/2018.tallinnmusicweek.ee\/et\/piletid-ja-passid\/","title":{"rendered":"Piletid ja passid"},"content":{"rendered":"","protected":false},"excerpt":{"rendered":"","protected":false},"author":1,"featured_media":0,"parent":0,"menu_order":0,"comment_status":"closed","ping_status":"closed","template":"template-modular.php","meta":{"_monsterinsights_skip_tracking":false,"_monsterinsights_sitenote_active":false,"_monsterinsights_sitenote_note":"","_monsterinsights_sitenote_category":0},"acf":{"modules":[{"acf_fc_layout":"lead","content":"<p>Tere tulemast TMW festivalile! Tule k\u00fclasta oma lemmikartisti kontserti, m\u00f5nda m\u00f5nusat vestlust v\u00f5i restorani, v\u00f5i v\u00f5ta festivalilt k\u00f5ik, mis v\u00f5tta annab. Pakume oma k\u00fclastajatele kolme t\u00fc\u00fcpi <strong>passe<\/strong>.\u00a0<strong>Konverentsi ja festivali \u00fchispass <\/strong>sisaldab lisaks muusikafestivalile p\u00e4\u00e4set TMW konverentsile ning\u00a0pakub v\u00f5imalust laiendada muusikat\u00f6\u00f6stuse kontaktide v\u00f5rgustikku.\u00a0<strong>Festivalipass <\/strong>ja<strong> toetajapass <\/strong>sisaldab k\u00f5ike peale konverentsip\u00e4\u00e4su.\u00a0Passi saab osta <a href=\"https:\/\/shop.tmw.ee\/\">TMW veebipoest<\/a>.<\/p>\n"},{"acf_fc_layout":"regular_content","content":"<h4>Toetajapass<\/h4>\n<p>Tagab eelisj\u00e4rjekorras p\u00e4\u00e4su k\u00f5ikidele TMW kontsertidele, sh TMW avakontserdile ja delegaadibaaridesse, ning personaliseeritud programmisoovituste pakkumist.<\/p>\n<p><strong>TMW 2018 toetajapass sisaldab:<\/strong><\/p>\n<ul>\n<li>eelisj\u00e4rjekorras p\u00e4\u00e4su k\u00f5ikidesse festivali klubidesse ja kontsertsaalidesse<\/li>\n<li>kutset TMW 2018 avakontserdile<\/li>\n<li>toetajapassiga kaasneb ka m\u00e4rtsis 2018 avatav infoliin (telefoninumber ja e-posti aadress), mille kaudu saab nii personaliseeritud programmisoovitusi kui abi kohtade reserveerimisel eri\u00fcritustele.<\/li>\n<li>soodustusi &#8220;TMW maitsed&#8221; restoranides ja eri\u00fcritustel<\/li>\n<\/ul>\n<h6><strong><a href=\"http:\/\/tmw.ee\/en\/store\/\">OSTA TOETAJAPASS TMW VEEBIPOEST<\/a><\/strong><\/h6>\n"},{"acf_fc_layout":"regular_content","content":"<h4>Konverentsi ja festivali \u00fchispass<\/h4>\n<p>Konverentsi ja festivali \u00fchispass tagab p\u00e4\u00e4su TMW konverentsile ja <em>networking<\/em> \u00fcritustele ja eelis-sissep\u00e4\u00e4su muusikafestivali kontsertide toimumispaikadesse. Samuti saab antud passi omanik TMW kataloogi jm festivali tutvustavaid materjale, sooduspakkumisi kogu festivalin\u00e4dala v\u00e4ltel ning v\u00f5imalust personaliseeritud\u00a0 programmisoovitusteks.<\/p>\n<p>Piiratud kogus TMW 2018 toetajapasse hinnaga 150 eurot tulevad TMW veebipoes m\u00fc\u00fcki jaanuaris 2018.<\/p>\n<p>Telia klientidele kehtib TMW festivalipassi, konverentsi ja festivali \u00fchispassi, toetajapassi ning \u00fcksikpiletite ostmisel eelm\u00fc\u00fcgist 20% hinnasoodustus tavahinnast.<\/p>\n<p><strong>Konverentsi ja festivali \u00fchispass sisaldab:<\/strong><\/p>\n<ul>\n<li>konverentsip\u00e4\u00e4set<\/li>\n<li>eelis-sissep\u00e4\u00e4su muusikafestivali toimumispaikadesse<\/li>\n<li>TMW kataloogi jm tutvustavad materjale<\/li>\n<li>ligip\u00e4\u00e4su regitreerunud TMW delegaatide andmebaasi<\/li>\n<li>eripakkumisi &#8220;TMW maitsed&#8221; restoranides<\/li>\n<\/ul>\n<p><strong>Hinnad:<\/strong><\/p>\n<ul>\n<li>kuni 18. juulini 2017: 100\u00a0\u20ac<\/li>\n<li>19. juuli \u2013 30. sept 2017: 150\u00a0\u20ac<\/li>\n<li>1. oktoober \u2013 4. veebruar 2018: 175\u20ac<\/li>\n<li>5. veebruar \u2013 13. m\u00e4rts 2018: 250\u00a0\u20ac<\/li>\n<li>14. m\u00e4rts 2018:\u00a0 295\u00a0\u20ac<\/li>\n<\/ul>\n<h6><a href=\"https:\/\/shop.tmw.ee\/\">OSTA KONVERENTSI JA FESTIVALI \u00dcHISPASS TMW VEEBIPOEST\u00a0<\/a><\/h6>\n"},{"acf_fc_layout":"regular_content","content":"<h4>Konverentsipass<\/h4>\n<p>M\u00fc\u00fcgil on ka eraldi konverentsipassid, millega p\u00e4\u00e4seb vaid TMW konverentsile: kahe p\u00e4eva pass maksab 175 eurot ja \u00fche p\u00e4eva oma 100 eurot.<\/p>\n<h6><a href=\"https:\/\/shop.tmw.ee\/\">Osta konverentsipass TMW veebipoest<\/a><\/h6>\n<p>&nbsp;<\/p>\n"},{"acf_fc_layout":"regular_content","content":"<h4>Festivalipass<\/h4>\n<p>Festivalipass tagab p\u00e4\u00e4su k\u00f5ikidesse muusikafestivali \u00fcritustele (va TMW avakontsert) ning sisldab eripakkumisi teiste festivaliosade raames.<\/p>\n<p><strong>Hinnad:<\/strong><\/p>\n<ul>\n<li>kuni 18. juulini 2017: 35\u00a0\u20ac<\/li>\n<li>19. juuli \u2013 31. oktoober 2017: 45\u00a0\u20ac<\/li>\n<li>1. november 2017 \u2013 20. veebruar 2018: 60\u00a0\u20ac<\/li>\n<li>21. veebruar \u2013 8. aprill 2018 : 70\u00a0\u20ac<\/li>\n<\/ul>\n<p>Festivalipass ei sisalda j\u00e4rgmisi \u00fcritusi, mille k\u00fclastamiseks on vajalik eraldi pilet:<br \/>\nTMW avakontsert Vene kultuurikeskuses 5. aprillil 2018<br \/>\nTMW programmi\u00fclesed eri\u00fcritused<\/p>\n<h6><\/h6>\n<h6><strong><a href=\"http:\/\/tmw.ee\/en\/store\/\">OSTA FESTIVALIPASS TMW VEEBIPOEST\u00a0<\/a><\/strong><\/h6>\n"},{"acf_fc_layout":"regular_content","content":"<h4>TMW10! Telliskivi Pass<\/h4>\n<p>Telliskivi pass tagab sissep\u00e4\u00e4su k\u00f5ikidele Festivali kontsertidele mis toimuvad Telliskivi Loomelinnakus, eeldusel, et vastav kontserdipaik ei ole v\u00e4lja m\u00fc\u00fcdud. Telliskivi passi peab vahetama k\u00e4epaela vastu kas TMW Infopunktis v\u00f5i Telliskivi Loomelinnakus toimuvate kontsertide piletikassas.<\/p>\n"},{"acf_fc_layout":"regular_content","content":"<h4>\u00dcksikpiletid<\/h4>\n<p>TMW muusikafestivali \u00fcrituste \u00fcksikpiletid tulevad m\u00fc\u00fcki\u00a0<a href=\"http:\/\/www.piletilevi.ee\" target=\"_blank\" rel=\"noopener noreferrer\">Piletilevi<\/a>\u00a0m\u00fc\u00fcgipunktidesse ja veebikeskkonda jaanuaris 2018. \u00dcksikpilet tagab p\u00e4\u00e4su kindlasse klubisse v\u00f5i kontsertpaika piletil m\u00e4rgitud kuup\u00e4eval. Pilet kaotab kehtivuse kontsertpaigast lahkudes.<\/p>\n"},{"acf_fc_layout":"regular_content","content":"<h4>Tingimused<\/h4>\n<p>K\u00f5ik TMW passid tuleb vahetada TMW k\u00e4epaela vastu.<\/p>\n<p>K\u00f5ik TMW passid tagavad p\u00e4\u00e4su k\u00f5ikidesse TMW muusikafestivali \u00fcrituste toimumispaikadesse. Konverentsi ja festivali \u00fchispassi ja toetajapassi omanikud saavad toimumispaikadesse eelisj\u00e4rjekorras. Juhul, kui klubi on v\u00e4lja m\u00fc\u00fcdud, saab festivalipassi omanik sisse eelisj\u00e4rjekorras, niipea, kui klubist on piisavalt inimesi v\u00e4ljunud.<\/p>\n"},{"acf_fc_layout":"twocol","col_first":"<h4>Festivalik\u00fclastajale<\/h4>\n<p><strong>K\u00f5iki festivalipasse saab vahetada k\u00e4epaela vastu TMW infolauas:<\/strong><\/p>\n<ul>\n<li>2\u20137. aprillil 09.00\u201321.00 <strong>Viru Keskuse TMW infolauas<\/strong>\u00a0(<a href=\"https:\/\/www.google.com\/maps\/place\/Viru+Keskus\/@59.43624,24.7537796,17z\/data=!3m1!4b1!4m5!3m4!1s0x46929360667ee3fb:0x74fd23a2afde186e!8m2!3d59.43624!4d24.7559683\">Viru V\u00e4ljak 4\/6<\/a>)<\/li>\n<\/ul>\n<p>Viru Keskuse infopunktis on v\u00f5imalik festivalipilet k\u00e4epaela vastu vahetada, k\u00fcsida infot TMW programmi kohta ja lugeda Postimehe TMW erilehte. Lisaks saab nautida h\u00f5rku Kokomo k\u00e4sit\u00f6\u00f6kohvi, Lamuu valmistatud suus sulavat TMW j\u00e4\u00e4tist v\u00f5i v\u00e4rskelt pressitud HeyDay toormahla.<\/p>\n<h4>Artistile ja delegaadile<\/h4>\n<p>Artistide ja delegaatide infopunktid asuvad <strong>Nordic Hotel Forumis<\/strong>\u00a0(<a href=\"https:\/\/www.google.com\/maps\/place\/Nordic+Hotel+Forum\/@59.4375252,24.7542944,18.04z\/data=!4m15!1m7!3m6!1s0x46929360fa158161:0x5878fb0c219412bf!2sViru+v%C3%A4ljak+3,+10111+Tallinn!3b1!8m2!3d59.4374994!4d24.7548166!3m6!1s0x0:0x87229a97532f20d9!5m1!1s2018-04-02!8m2!3d59.437428!4d24.755082\">Viru v\u00e4ljak 3<\/a>) ja <strong>Kultuurikatlas<\/strong> (<a href=\"https:\/\/www.google.com\/maps\/place\/Tallinna+Kultuurikatel\/@59.4443614,24.7491074,17z\/data=!3m1!4b1!4m5!3m4!1s0x4692936455ed3ccf:0xa13fd07369728645!8m2!3d59.4443614!4d24.7512961\">P\u00f5hja puiestee 27a<\/a>).<\/p>\n<p>Nordic Hotel Forumi infopunkt on avatud:<\/p>\n<p>K 10.00\u201321.00<br \/>\nN 9.00\u201300.00<br \/>\nR 8.00\u201300.00<br \/>\nL 9.00\u201300.00<br \/>\nP 10.00\u201317.00<\/p>\n<p>Kultuurikatla infopunkt on avatud:<\/p>\n<p>R 9.00\u201317.30<br \/>\nL 9.30\u201317.30<\/p>\n<p>Toetajapassi omanikud v\u00f5ivad tellida ka kullerteenuse k\u00e4epaela k\u00e4ttetoimetamiseks. Kui soovite antud teenust kasutada, andke sellest teada aadressil\u00a0<a href=\"mailto:ticket@tmw.ee\">ticket@tmw.ee<\/a><\/p>\n<p>&nbsp;<\/p>\n","col_second":"<ul>\n<li>Kui soovite n\u00e4ha m\u00f5nda kindlat muusikafestivali artisti, soovitame saabuda v\u00e4hemalt 30 minutit enne tema esinemisaja algust. See soovitus kehtib nii k\u00f5ikide passit\u00fc\u00fcpide kui \u00fckskpiletite omanikele.<\/li>\n<li>\u00dcksikpilet tagab p\u00e4\u00e4su kindlasse klubisse v\u00f5i kontsertpaika piletil m\u00e4rgitud kuup\u00e4eval. Klubist lahkudes kaotab pilet kehtivuse.<\/li>\n<li>K\u00f5ikidel TMW kontsertidel, mis l\u00f5ppevad p\u00e4rast 23.00, kehtib vanusepiirang 18+.<\/li>\n<li>Palume arvestada, et igal klubil ja kontsertpaigal on oma n\u00f6 majareeglid, mis kehtivad k\u00f5ikidele k\u00fclastajatele.<\/li>\n<\/ul>\n"},{"acf_fc_layout":"regular_content","content":"<h4>Info<\/h4>\n<p>Lisainfo saamiseks p\u00f6\u00f6rduge palun\u00a0<a href=\"mailto:ticket@tmw.ee\">ticket@tmw.ee<\/a><\/p>\n"}]},"_links":{"self":[{"href":"https:\/\/2018.tallinnmusicweek.ee\/et\/wp-json\/wp\/v2\/pages\/1054"}],"collection":[{"href":"https:\/\/2018.tallinnmusicweek.ee\/et\/wp-json\/wp\/v2\/pages"}],"about":[{"href":"https:\/\/2018.tallinnmusicweek.ee\/et\/wp-json\/wp\/v2\/types\/page"}],"author":[{"embeddable":true,"href":"https:\/\/2018.tallinnmusicweek.ee\/et\/wp-json\/wp\/v2\/users\/1"}],"replies":[{"embeddable":true,"href":"https:\/\/2018.tallinnmusicweek.ee\/et\/wp-json\/wp\/v2\/comments?post=1054"}],"version-history":[{"count":34,"href":"https:\/\/2018.tallinnmusicweek.ee\/et\/wp-json\/wp\/v2\/pages\/1054\/revisions"}],"predecessor-version":[{"id":4768,"href":"https:\/\/2018.tallinnmusicweek.ee\/et\/wp-json\/wp\/v2\/pages\/1054\/revisions\/4768"}],"wp:attachment":[{"href":"https:\/\/2018.tallinnmusicweek.ee\/et\/wp-json\/wp\/v2\/media?parent=1054"}],"curies":[{"name":"wp","href":"https:\/\/api.w.org\/{rel}","templated":true}]}}