{"id":1035,"date":"2016-12-25T21:09:50","date_gmt":"2016-12-25T19:09:50","guid":{"rendered":"http:\/\/188.166.60.220\/about\/"},"modified":"2017-12-18T13:45:15","modified_gmt":"2017-12-18T11:45:15","slug":"festivalist","status":"publish","type":"page","link":"https:\/\/2018.tallinnmusicweek.ee\/et\/festivalist\/","title":{"rendered":"Festivalist"},"content":{"rendered":"","protected":false},"excerpt":{"rendered":"","protected":false},"author":1,"featured_media":698,"parent":0,"menu_order":0,"comment_status":"closed","ping_status":"closed","template":"template-modular.php","meta":{"_monsterinsights_skip_tracking":false,"_monsterinsights_sitenote_active":false,"_monsterinsights_sitenote_note":"","_monsterinsights_sitenote_category":0},"acf":{"modules":[{"acf_fc_layout":"lead","content":"<p>Alates 2009. aastast igal kevadel Tallinnas toimuv linnafestival Tallinn Music Week (TMW) p\u00fchitseb erinevaid kunstivorme esitledes loovust, uudishimu, vabadust ja v\u00f5rd\u00f5iguslikkust.<\/p>\n<p>TMW tuum on uue muusika festival ja loovuse m\u00f5jule keskenduv konverents.<\/p>\n<p>2018. aastal t\u00e4histab TMW oma k\u00fcmnendat s\u00fcnnip\u00e4eva.<\/p>\n"},{"acf_fc_layout":"regular_content","content":"<h3>Tallinn Music Week 2018<br \/>\n2. aprill \u2013 8. aprill<\/h3>\n<p>TMW sai alguse uue muusika festivali ja rahvusvahelise muusikat\u00f6\u00f6stuse konverentsina. N\u00fc\u00fcdseks katab festival kogu Tallinna p\u00f5nevate ettev\u00f5tmistega avalikest vestlusringidest kaasaegse kunsti ja toidukultuuri paremiku esitlusteni. TMW konverentsil on lisaks muusikat\u00f6\u00f6stuse teemadele luubi all ka valdkondade \u00fclesed arutelud br\u00e4ndiuuringutest disaini ja meeda m\u00f5juv\u00e4ljade anal\u00fc\u00fcsini.<\/p>\n<p>K\u00fcmnendaks tegutsemisaastaks on TMW \u00fcks Euroopa j\u00f5udsamalt kasvavaid linnafestivale ning Ida-, L\u00e4\u00e4ne- ja Kesk-Euroopa loovkogukondade olulisemaid  kohtumispaiku.<\/p>\n"},{"acf_fc_layout":"twocol","col_first":"<h4>TMW artistiauhinna v\u00f5itjad<\/h4>\n<ul>\n<li>2017 <a href=\"https:\/\/martavi.bandcamp.com\">Mart Avi<\/a>, <a href=\"http:\/\/erkiparnoja.com\">Erki P\u00e4rnoja<\/a>,\u00a0<a href=\"https:\/\/www.facebook.com\/noepmusic\/\">NO\u00cbP<\/a><\/li>\n<li>2016\u00a0<a href=\"http:\/\/iwearexperiment.com\/\" target=\"_blank\" rel=\"noopener noreferrer\">I Wear* Experiment<\/a><\/li>\n<li>2015 <a href=\"http:\/\/maarjanuut.com\/\" target=\"_blank\" rel=\"noopener noreferrer\">Maarja Nuut<\/a><\/li>\n<li>2014\u00a0<a href=\"https:\/\/www.facebook.com\/oddhugoband\/\" target=\"_blank\" rel=\"noopener noreferrer\">Odd Hugo<\/a><\/li>\n<li>2013 <a href=\"https:\/\/www.facebook.com\/elephantsfromneptune\/\" target=\"_blank\" rel=\"noopener noreferrer\">Elephants From Neptune<\/a><\/li>\n<li>2012 <a href=\"http:\/\/www.talbot-music.com\/\" target=\"_blank\" rel=\"noopener noreferrer\">Talbot<\/a><\/li>\n<li>2011\u00a0<a href=\"http:\/\/www.ewertandthetwodragons.com\/\" target=\"_blank\" rel=\"noopener noreferrer\">Ewert and the Two Dragons<\/a><\/li>\n<li>2010 <a href=\"http:\/\/www.iirismusic.com\/\" target=\"_blank\" rel=\"noopener noreferrer\">Iiris<\/a><\/li>\n<li>2009 <a href=\"https:\/\/www.facebook.com\/popidiot\/\" target=\"_blank\" rel=\"noopener noreferrer\">Popidiot<\/a><\/li>\n<\/ul>\n","col_second":"<h4>T\u00e4helepanuv\u00e4\u00e4rseimad festivalil esinenud artistid l\u00e4bi aegade<\/h4>\n<ul>\n<li><a href=\"https:\/\/soundcloud.com\/mrduncan\">C Duncan<\/a>\u00a0(UK)<\/li>\n<li><a href=\"https:\/\/www.fat-cat.co.uk\/artist\/vashti-bunyan\" target=\"_blank\" rel=\"noopener noreferrer\">Vashti Bunyan <\/a>(UK)<\/li>\n<li><a href=\"http:\/\/publicservicebroadcasting.net\/\" target=\"_blank\" rel=\"noopener noreferrer\">Public Service Broadcasting<\/a> (UK)<\/li>\n<li><a href=\"https:\/\/soundcloud.com\/thisisallweare\" target=\"_blank\" rel=\"noopener noreferrer\">All We Are<\/a> (UK)<\/li>\n<li><a href=\"http:\/\/www.wearemotorama.com\/\" target=\"_blank\" rel=\"noopener noreferrer\">Motorama<\/a> (RU)<\/li>\n<li><a href=\"http:\/\/kateboy.com\/\" target=\"_blank\" rel=\"noopener noreferrer\">Kate Boy<\/a> (SWE)<\/li>\n<li><a href=\"http:\/\/www.mirelwagner.com\/\" target=\"_blank\" rel=\"noopener noreferrer\">Mirel Wagner<\/a> (FI)<\/li>\n<li><a href=\"https:\/\/www.facebook.com\/rubikband\/\" target=\"_blank\" rel=\"noopener noreferrer\">Rubik<\/a> (FI)<\/li>\n<li><a href=\"http:\/\/www.liima.net\/\" target=\"_blank\" rel=\"noopener noreferrer\">Liima<\/a> (DK\/FI)<\/li>\n<\/ul>\n<p>ja paljud teised.<\/p>\n"},{"acf_fc_layout":"hero","image":{"ID":59,"id":59,"title":"26124629912_2770444a7e_k","filename":"26124629912_2770444a7e_k-1.jpg","filesize":1222113,"url":"https:\/\/2018.tallinnmusicweek.ee\/wp-content\/uploads\/2016\/12\/26124629912_2770444a7e_k-1.jpg","link":"https:\/\/2018.tallinnmusicweek.ee\/?attachment_id=59","alt":"","author":"1","description":"","caption":"","name":"26124629912_2770444a7e_k-2","status":"inherit","uploaded_to":56,"date":"2016-12-04 10:51:29","modified":"2017-01-11 21:46:10","menu_order":0,"mime_type":"image\/jpeg","type":"image","subtype":"jpeg","icon":"https:\/\/2018.tallinnmusicweek.ee\/wp-includes\/images\/media\/default.png","width":2048,"height":1363,"sizes":{"thumbnail":"https:\/\/2018.tallinnmusicweek.ee\/wp-content\/uploads\/2016\/12\/26124629912_2770444a7e_k-1-150x150.jpg","thumbnail-width":150,"thumbnail-height":150,"medium":"https:\/\/2018.tallinnmusicweek.ee\/wp-content\/uploads\/2016\/12\/26124629912_2770444a7e_k-1-300x200.jpg","medium-width":300,"medium-height":200,"medium_large":"https:\/\/2018.tallinnmusicweek.ee\/wp-content\/uploads\/2016\/12\/26124629912_2770444a7e_k-1-768x511.jpg","medium_large-width":768,"medium_large-height":511,"large":"https:\/\/2018.tallinnmusicweek.ee\/wp-content\/uploads\/2016\/12\/26124629912_2770444a7e_k-1-1024x682.jpg","large-width":1024,"large-height":682,"1536x1536":"https:\/\/2018.tallinnmusicweek.ee\/wp-content\/uploads\/2016\/12\/26124629912_2770444a7e_k-1.jpg","1536x1536-width":1536,"1536x1536-height":1022,"2048x2048":"https:\/\/2018.tallinnmusicweek.ee\/wp-content\/uploads\/2016\/12\/26124629912_2770444a7e_k-1.jpg","2048x2048-width":2048,"2048x2048-height":1363}},"content":"","size":"medium"},{"acf_fc_layout":"hero","image":{"ID":639,"id":639,"title":"13576675345_3d677279b5_o","filename":"13576675345_3d677279b5_o.jpg","filesize":1207187,"url":"https:\/\/2018.tallinnmusicweek.ee\/wp-content\/uploads\/2017\/01\/13576675345_3d677279b5_o.jpg","link":"https:\/\/2018.tallinnmusicweek.ee\/festivalist\/13576675345_3d677279b5_o\/","alt":"","author":"5","description":"","caption":"","name":"13576675345_3d677279b5_o","status":"inherit","uploaded_to":1035,"date":"2017-01-11 22:19:49","modified":"2017-01-31 14:57:48","menu_order":0,"mime_type":"image\/jpeg","type":"image","subtype":"jpeg","icon":"https:\/\/2018.tallinnmusicweek.ee\/wp-includes\/images\/media\/default.png","width":2272,"height":1517,"sizes":{"thumbnail":"https:\/\/2018.tallinnmusicweek.ee\/wp-content\/uploads\/2017\/01\/13576675345_3d677279b5_o-150x150.jpg","thumbnail-width":150,"thumbnail-height":150,"medium":"https:\/\/2018.tallinnmusicweek.ee\/wp-content\/uploads\/2017\/01\/13576675345_3d677279b5_o-300x200.jpg","medium-width":300,"medium-height":200,"medium_large":"https:\/\/2018.tallinnmusicweek.ee\/wp-content\/uploads\/2017\/01\/13576675345_3d677279b5_o-768x513.jpg","medium_large-width":768,"medium_large-height":513,"large":"https:\/\/2018.tallinnmusicweek.ee\/wp-content\/uploads\/2017\/01\/13576675345_3d677279b5_o-1024x684.jpg","large-width":1024,"large-height":684,"1536x1536":"https:\/\/2018.tallinnmusicweek.ee\/wp-content\/uploads\/2017\/01\/13576675345_3d677279b5_o.jpg","1536x1536-width":1536,"1536x1536-height":1026,"2048x2048":"https:\/\/2018.tallinnmusicweek.ee\/wp-content\/uploads\/2017\/01\/13576675345_3d677279b5_o.jpg","2048x2048-width":2048,"2048x2048-height":1367}},"content":"","size":"medium"},{"acf_fc_layout":"hero","image":{"ID":857,"id":857,"title":"TMWpromoSteinIlves","filename":"TMWpromoSteinIlves.jpg","filesize":152003,"url":"https:\/\/2018.tallinnmusicweek.ee\/wp-content\/uploads\/2016\/12\/TMWpromoSteinIlves.jpg","link":"https:\/\/2018.tallinnmusicweek.ee\/about\/tmwpromosteinilves\/","alt":"","author":"5","description":"","caption":"","name":"tmwpromosteinilves","status":"inherit","uploaded_to":249,"date":"2017-01-13 16:39:02","modified":"2017-01-13 16:39:05","menu_order":0,"mime_type":"image\/jpeg","type":"image","subtype":"jpeg","icon":"https:\/\/2018.tallinnmusicweek.ee\/wp-includes\/images\/media\/default.png","width":640,"height":427,"sizes":{"thumbnail":"https:\/\/2018.tallinnmusicweek.ee\/wp-content\/uploads\/2016\/12\/TMWpromoSteinIlves-150x150.jpg","thumbnail-width":150,"thumbnail-height":150,"medium":"https:\/\/2018.tallinnmusicweek.ee\/wp-content\/uploads\/2016\/12\/TMWpromoSteinIlves-300x200.jpg","medium-width":300,"medium-height":200,"medium_large":"https:\/\/2018.tallinnmusicweek.ee\/wp-content\/uploads\/2016\/12\/TMWpromoSteinIlves.jpg","medium_large-width":640,"medium_large-height":427,"large":"https:\/\/2018.tallinnmusicweek.ee\/wp-content\/uploads\/2016\/12\/TMWpromoSteinIlves.jpg","large-width":640,"large-height":427,"1536x1536":"https:\/\/2018.tallinnmusicweek.ee\/wp-content\/uploads\/2016\/12\/TMWpromoSteinIlves.jpg","1536x1536-width":640,"1536x1536-height":427,"2048x2048":"https:\/\/2018.tallinnmusicweek.ee\/wp-content\/uploads\/2016\/12\/TMWpromoSteinIlves.jpg","2048x2048-width":640,"2048x2048-height":427}},"content":"<p>Seymour Stein ja President Toomas Hendrik Ilves 2013. aasta TMW-l<\/p>\n","size":"medium"},{"acf_fc_layout":"quote","content":"<p>&#8220;Maailmas, kus \u00fcha enam uksi ja piire suletakse, ujub TMW vastuvoolu ja innustab looma sellist tulevikku, mida me tahame \u2013 nii muusikas ja kultuuris kui meie k\u00f5ikide eludes. TMW teab, et murtud maailm vajab kultuurikallistust!\u201c<\/p>\n","name":"John Robb (Louder Than War, The Membranes)"},{"acf_fc_layout":"regular_content","content":"<h3>Tallinn Music Week 2017 numbrites<\/h3>\n<ul>\n<li>250 esinejat 32 riigist<\/li>\n<li>36 823 festivalik\u00fclastajat<\/li>\n<li>1193 konverentsi delegaati, neist 879 v\u00e4lisriikidest<\/li>\n<li>132 v\u00e4lisajakirjanikku<\/li>\n<li>80 festivali toimumispaika<\/li>\n<li>250 000 veebilehe k\u00fclastust 150 riigist<\/li>\n<\/ul>\n"},{"acf_fc_layout":"regular_content","content":"<h3>TMW tunnustused<\/h3>\n<ul>\n<li>2014: The Guardian &amp; \u00a0The Observer<strong>\u00a0Top 5 music festivals in the world for winter breaks<\/strong>.<\/li>\n<li>2014: <strong>Tampere Music Award for Exceptional Achievements in Music<\/strong>\u00a0TMW asutajale Helen Sildnale<\/li>\n<li>2014: the \u201c<strong>Best Host City Champion<\/strong>\u201d for promoting the city of Tallinn.<\/li>\n<li>2012: the \u201c<strong>Best Hotel and Convention Bar<\/strong>\u201d with the festival\u2019s hotel and convention center Nordic Hotel Forum.<\/li>\n<li>2011: the \u201c<strong>Best Newish Event in 2011<\/strong>\u201d award at <a href=\"http:\/\/greatescapefestival.com\/\" target=\"_blank\" rel=\"noopener noreferrer\">The Great Escape music conference<\/a><\/li>\n<\/ul>\n"},{"acf_fc_layout":"regular_content","content":"<p>Tallinn Music Weeki korraldajaks on \u00a0<a href=\"http:\/\/www.musiccase.ee\" target=\"_blank\" rel=\"noopener noreferrer\">Musiccase O\u00dc<\/a>. Festival saab teoks t\u00e4nu enam kui saja inimese, ettev\u00f5tte ja organisatsiooni \u00fchisele pingutusele.<\/p>\n"}]},"_links":{"self":[{"href":"https:\/\/2018.tallinnmusicweek.ee\/et\/wp-json\/wp\/v2\/pages\/1035"}],"collection":[{"href":"https:\/\/2018.tallinnmusicweek.ee\/et\/wp-json\/wp\/v2\/pages"}],"about":[{"href":"https:\/\/2018.tallinnmusicweek.ee\/et\/wp-json\/wp\/v2\/types\/page"}],"author":[{"embeddable":true,"href":"https:\/\/2018.tallinnmusicweek.ee\/et\/wp-json\/wp\/v2\/users\/1"}],"replies":[{"embeddable":true,"href":"https:\/\/2018.tallinnmusicweek.ee\/et\/wp-json\/wp\/v2\/comments?post=1035"}],"version-history":[{"count":5,"href":"https:\/\/2018.tallinnmusicweek.ee\/et\/wp-json\/wp\/v2\/pages\/1035\/revisions"}],"predecessor-version":[{"id":3274,"href":"https:\/\/2018.tallinnmusicweek.ee\/et\/wp-json\/wp\/v2\/pages\/1035\/revisions\/3274"}],"wp:featuredmedia":[{"embeddable":true,"href":"https:\/\/2018.tallinnmusicweek.ee\/et\/wp-json\/wp\/v2\/media\/698"}],"wp:attachment":[{"href":"https:\/\/2018.tallinnmusicweek.ee\/et\/wp-json\/wp\/v2\/media?parent=1035"}],"curies":[{"name":"wp","href":"https:\/\/api.w.org\/{rel}","templated":true}]}}